{"id":2023,"date":"2021-02-01T22:38:22","date_gmt":"2021-02-01T22:38:22","guid":{"rendered":"https:\/\/voltcarshop.com\/vare\/blaupunkt-staender-astawb1-aus-rostfreiem-stahl\/"},"modified":"2024-04-20T17:18:39","modified_gmt":"2024-04-20T17:18:39","slug":"blaupunkt-staender-astawb1-aus-rostfreiem-stahl","status":"publish","type":"product","link":"https:\/\/voltcarshop.com\/de\/vare\/blaupunkt-staender-astawb1-aus-rostfreiem-stahl\/","title":{"rendered":"Blaupunkt St\u00e4nder ASTAWB1 aus rostfreiem Stahl"},"content":{"rendered":"<p>Das Aufladen eines Elektroautos ist Vertrauenssache. Daher m\u00fcssen die Ger\u00e4te nat\u00fcrlich alle Sicherheitsanforderungen erf\u00fcllen.<\/p>\n<p>Diese Norm f\u00fcr rostfreien Stahl bietet diese Sicherheit und Qualit\u00e4t.<\/p>\n<p>Der Sockel ist 120 cm hoch und der stabile Boden (30 x 16 cm) kann mit den mitgelieferten Ankerhaken am Boden befestigt werden.<\/p>\n<p><strong>Dieser St\u00e4nder ist f\u00fcr die Blaupunkt Ladestationen AWB1P32AT2NCB und AWB3P32AT2NCB geeignet.<\/strong><\/p>\n","protected":false},"excerpt":{"rendered":"<p>Edelstahlst\u00e4nder, der gut zu den Ladestationsmodellen AWB1P32AT2NCB und AWB3P32AT2NCB passt.<\/p>\n","protected":false},"featured_media":1142,"template":"","meta":{"_monsterinsights_skip_tracking":false,"_monsterinsights_sitenote_active":false,"_monsterinsights_sitenote_note":"","_monsterinsights_sitenote_category":0,"_uf_show_specific_survey":0,"_uf_disable_surveys":false},"product_brand":[],"product_cat":[184,863],"product_tag":[],"class_list":{"0":"post-2023","1":"product","2":"type-product","3":"status-publish","4":"has-post-thumbnail","6":"product_cat-ladegeraete-fuer-elektroautos","7":"product_cat-ladestationen-de","8":"pa_dimensioner-abmessungen-120-x-21-cm-h-x-b-abmessungen-der-bodenplatte-30-x-16-cm-de","9":"pa_ean-5714652000268-de-2","10":"pa_indhold-1-staender-4-ankerhaken-de","11":"pa_maerke-blaupunkt-de","12":"pa_materiale-rostfreier-stahl","13":"pa_model-nr-astawb1-de","15":"first","16":"instock","17":"taxable","18":"shipping-taxable","19":"purchasable","20":"product-type-simple"},"jetpack_sharing_enabled":true,"_links":{"self":[{"href":"https:\/\/voltcarshop.com\/de\/wp-json\/wp\/v2\/product\/2023","targetHints":{"allow":["GET"]}}],"collection":[{"href":"https:\/\/voltcarshop.com\/de\/wp-json\/wp\/v2\/product"}],"about":[{"href":"https:\/\/voltcarshop.com\/de\/wp-json\/wp\/v2\/types\/product"}],"wp:featuredmedia":[{"embeddable":true,"href":"https:\/\/voltcarshop.com\/de\/wp-json\/wp\/v2\/media\/1142"}],"wp:attachment":[{"href":"https:\/\/voltcarshop.com\/de\/wp-json\/wp\/v2\/media?parent=2023"}],"wp:term":[{"taxonomy":"product_brand","embeddable":true,"href":"https:\/\/voltcarshop.com\/de\/wp-json\/wp\/v2\/product_brand?post=2023"},{"taxonomy":"product_cat","embeddable":true,"href":"https:\/\/voltcarshop.com\/de\/wp-json\/wp\/v2\/product_cat?post=2023"},{"taxonomy":"product_tag","embeddable":true,"href":"https:\/\/voltcarshop.com\/de\/wp-json\/wp\/v2\/product_tag?post=2023"}],"curies":[{"name":"wp","href":"https:\/\/api.w.org\/{rel}","templated":true}]}}