{"id":2031,"date":"2021-02-01T22:32:09","date_gmt":"2021-02-01T22:32:09","guid":{"rendered":"https:\/\/voltcarshop.com\/vare\/blaupunkt-awb3p32at2ncb-wand-ladestation-typ-2-3-phasen-13\/"},"modified":"2024-04-20T17:18:54","modified_gmt":"2024-04-20T17:18:54","slug":"blaupunkt-awb3p32at2ncb-wand-ladestation-typ-2-3-phasen-13","status":"publish","type":"product","link":"https:\/\/voltcarshop.com\/de\/vare\/blaupunkt-awb3p32at2ncb-wand-ladestation-typ-2-3-phasen-13\/","title":{"rendered":"Blaupunkt AWB3P32AT2NCB Wand-Ladestation Typ 2 &#8211; 3 Phasen (13)"},"content":{"rendered":"<p>Blaupunkt Ladestation Modell AWB3P32AT2NCB ist f\u00fcr die Installation zu Hause, so dass Sie Ihr Elektroauto einfach zu Hause aufladen k\u00f6nnen. Die Ladestation wird an der Wand montiert und entspricht der Schutzart IP55, so dass sie sowohl im Innen- als auch im Au\u00dfenbereich installiert werden kann.<\/p>\n<p>Bei der Entwicklung der Blaupunkt-Ladestation standen Sicherheit und Benutzerfreundlichkeit im Vordergrund. Er verf\u00fcgt \u00fcber ein eingebautes Fehlerstromrelais vom Typ B, das Ihnen den bestm\u00f6glichen Schutz in Ihrem Haus bietet und Ihnen die Installation eines zus\u00e4tzlichen Relais in Ihrem Schaltschrank erspart.<\/p>\n<p>Die Ladestation kann zwischen 10A und 32A eingestellt werden, so dass Sie bis zu 22 KW laden k\u00f6nnen.<\/p>\n<p><strong>ACHTUNG!<\/strong>  Die Ladestation muss von einem autorisierten Elektriker installiert werden.<\/p>\n<p><strong>ACHTUNG!<\/strong>  St\u00e4nder nicht im Lieferumfang enthalten, muss separat erworben werden.<\/p>\n<h3 class=\"rte_contents\">Passt f\u00fcr alle Fahrzeuge mit Typ-2-Steckern. Die meisten europ\u00e4ischen Elektroautos sind es zum Beispiel:<\/h3>\n<ul>\n<li>BMW<\/li>\n<li>Audi<\/li>\n<li>Mercedes<\/li>\n<li>Nissan (neue Leaf-Modelle)<\/li>\n<li>Volvo<\/li>\n<li>Tesla<\/li>\n<li>Volkswagen (e-Golf, e-up! und Passat GTE)<\/li>\n<\/ul>\n","protected":false},"excerpt":{"rendered":"<ul>\n<li>Blaupunkt Ladestation Modell AWB3P32AT2NCB f\u00fcr die Heiminstallation zum einfachen Aufladen Ihres Elektroautos<\/li>\n<li>Geeignet f\u00fcr Elektroautos mit Typ-2-Steckern &#8211; und das sind die meisten europ\u00e4ischen Elektroautos<\/li>\n<li>Mit eingebautem Fehlerstromrelais Typ B f\u00fcr den bestm\u00f6glichen Schutz und erspart Ihnen den Einbau von zus\u00e4tzlichen Relais im Schaltschrank<\/li>\n<li>Einstellbar zwischen 10A und 32A, erm\u00f6glicht das Laden von bis zu 22 KW<\/li>\n<li><strong>ACHTUNG!<\/strong>  Die Ladestation muss von einem autorisierten Elektriker installiert werden.<\/li>\n<\/ul>\n","protected":false},"featured_media":2121,"template":"","meta":{"_monsterinsights_skip_tracking":false,"_monsterinsights_sitenote_active":false,"_monsterinsights_sitenote_note":"","_monsterinsights_sitenote_category":0,"_uf_show_specific_survey":0,"_uf_disable_surveys":false},"product_brand":[],"product_cat":[489,184],"product_tag":[],"class_list":{"0":"post-2031","1":"product","2":"type-product","3":"status-publish","4":"has-post-thumbnail","6":"product_cat-ladeboxen","7":"product_cat-ladegeraete-fuer-elektroautos","8":"pa_driftstemperatur-40c-45c-de","9":"pa_ean-5714652000251-de","10":"pa_fase-3-phasig-de","11":"pa_frekvens-50-60hz-de","12":"pa_ip-klasse-55-44-de","13":"pa_koeling-natuerliche-kuehlung","14":"pa_maerke-blaupunkt-de","15":"pa_max-kw-220-kw-de","16":"pa_model-nr-awb3p32at2ncb-de","17":"pa_netto-vaegt-30-kg-de","18":"pa_nominel-stroem-10-32a-de","19":"pa_rccb-typ-b-de","20":"pa_spaending-ac40010-de","21":"pa_type-anvendelse-ladestation-typ-2","22":"pa_vekselstroem-ac-3pnpe-de","24":"first","25":"outofstock","26":"sale","27":"taxable","28":"shipping-taxable","29":"purchasable","30":"product-type-simple"},"jetpack_sharing_enabled":true,"_links":{"self":[{"href":"https:\/\/voltcarshop.com\/de\/wp-json\/wp\/v2\/product\/2031","targetHints":{"allow":["GET"]}}],"collection":[{"href":"https:\/\/voltcarshop.com\/de\/wp-json\/wp\/v2\/product"}],"about":[{"href":"https:\/\/voltcarshop.com\/de\/wp-json\/wp\/v2\/types\/product"}],"wp:featuredmedia":[{"embeddable":true,"href":"https:\/\/voltcarshop.com\/de\/wp-json\/wp\/v2\/media\/2121"}],"wp:attachment":[{"href":"https:\/\/voltcarshop.com\/de\/wp-json\/wp\/v2\/media?parent=2031"}],"wp:term":[{"taxonomy":"product_brand","embeddable":true,"href":"https:\/\/voltcarshop.com\/de\/wp-json\/wp\/v2\/product_brand?post=2031"},{"taxonomy":"product_cat","embeddable":true,"href":"https:\/\/voltcarshop.com\/de\/wp-json\/wp\/v2\/product_cat?post=2031"},{"taxonomy":"product_tag","embeddable":true,"href":"https:\/\/voltcarshop.com\/de\/wp-json\/wp\/v2\/product_tag?post=2031"}],"curies":[{"name":"wp","href":"https:\/\/api.w.org\/{rel}","templated":true}]}}