{"id":2055,"date":"2021-02-01T22:57:23","date_gmt":"2021-02-01T22:57:23","guid":{"rendered":"https:\/\/voltcarshop.com\/vare\/blaupunkt-b1p16at1-ladekabel-1-phase-typ-2-16a-10\/"},"modified":"2024-04-20T17:18:38","modified_gmt":"2024-04-20T17:18:38","slug":"blaupunkt-b1p16at1-ladekabel-1-phase-typ-2-16a-10","status":"publish","type":"product","link":"https:\/\/voltcarshop.com\/de\/vare\/blaupunkt-b1p16at1-ladekabel-1-phase-typ-2-16a-10\/","title":{"rendered":"Blaupunkt B1P16AT1 Ladekabel 1 Phase Typ 2 16A (10)"},"content":{"rendered":"<p>Das Blaupunkt Ladekabel Modell B1P16AT1 ist ein einphasiges Ladekabel f\u00fcr Elektroautos. Das Kabel wird zwischen der Ladestation und dem Elektroauto verwendet. Er ist f\u00fcr Fahrzeuge mit Typ-2-Steckern geeignet und hat 16 A (250 V). Die 16A-Kapazit\u00e4t liefert eine Leistung von bis zu 3,7 KW.<\/p>\n<p>Das Kabel ist 2 Meter lang.<\/p>\n<p>Ein Blaupunkt-Ladekabel entspricht der Schutzart IP54 und kann somit bei jedem Wetter im Freien verwendet werden.<\/p>\n<h3 class=\"rte_contents\">Passend f\u00fcr die meisten europ\u00e4ischen Elektroautos, z. B:<\/h3>\n<ul>\n<li>BMW<\/li>\n<li>Audi<\/li>\n<li>Mercedes<\/li>\n<li>Nissan (neue Leaf-Modelle)<\/li>\n<li>Volvo<\/li>\n<li>Tesla<\/li>\n<li>Volkswagen (e-Golf, e-up! und Passat GTE)<\/li>\n<\/ul>\n","protected":false},"excerpt":{"rendered":"<ul>\n<li>Blaupunkt Ladekabel Modell B1P16AT1 f\u00fcr Elektroautos mit Typ 2 Stecker<\/li>\n<li>Das Kabel ist ein einphasiges Ladekabel mit 16A (250V) und einer Leistung von bis zu 3,7 KW.<\/li>\n<li>Er ist 2 Meter lang.<\/li>\n<li>Das Kabel entspricht der Schutzart IP54 und kann daher unter allen Wetterbedingungen im Freien verwendet werden.<\/li>\n<li>Passend f\u00fcr die meisten europ\u00e4ischen Elektroautos<\/li>\n<\/ul>\n","protected":false},"featured_media":1165,"template":"","meta":{"_monsterinsights_skip_tracking":false,"_monsterinsights_sitenote_active":false,"_monsterinsights_sitenote_note":"","_monsterinsights_sitenote_category":0,"_uf_show_specific_survey":0,"_uf_disable_surveys":false},"product_brand":[],"product_cat":[184,550],"product_tag":[],"class_list":{"0":"post-2055","1":"product","2":"type-product","3":"status-publish","4":"has-post-thumbnail","6":"product_cat-ladegeraete-fuer-elektroautos","7":"product_cat-ladekabel-kabelhalter-de","8":"pa_brandvurdering-ul94-v-0-de","9":"pa_driftstemperatur-30c-50c-de","10":"pa_ean-5714652000183-de","11":"pa_fase-1-phase-de-4","12":"pa_ind_og_ekstration-80nf100n-de","13":"pa_ip-klasse-54-de-2","14":"pa_isolationsmodstand-1000m-de","15":"pa_kabel-laengde-2m-de","16":"pa_kontaktmodstand-weniger-als-05m-de","17":"pa_maerke-blaupunkt-de","18":"pa_materiale-thermoplast-silikongummi-kupferlegierung-de","19":"pa_max-kw-37-kw-de","20":"pa_model-nr-b1p16at1-de","21":"pa_modstandsspaending-2000v-de","22":"pa_netto-vaegt-13-kg-de-3","23":"pa_nominel-stroem-16a-de","24":"pa_spaending-110v-250v-de","25":"pa_type-anvendelse-typ-1-bis-typ-2","27":"first","28":"instock","29":"taxable","30":"shipping-taxable","31":"purchasable","32":"product-type-simple"},"jetpack_sharing_enabled":true,"_links":{"self":[{"href":"https:\/\/voltcarshop.com\/de\/wp-json\/wp\/v2\/product\/2055","targetHints":{"allow":["GET"]}}],"collection":[{"href":"https:\/\/voltcarshop.com\/de\/wp-json\/wp\/v2\/product"}],"about":[{"href":"https:\/\/voltcarshop.com\/de\/wp-json\/wp\/v2\/types\/product"}],"wp:featuredmedia":[{"embeddable":true,"href":"https:\/\/voltcarshop.com\/de\/wp-json\/wp\/v2\/media\/1165"}],"wp:attachment":[{"href":"https:\/\/voltcarshop.com\/de\/wp-json\/wp\/v2\/media?parent=2055"}],"wp:term":[{"taxonomy":"product_brand","embeddable":true,"href":"https:\/\/voltcarshop.com\/de\/wp-json\/wp\/v2\/product_brand?post=2055"},{"taxonomy":"product_cat","embeddable":true,"href":"https:\/\/voltcarshop.com\/de\/wp-json\/wp\/v2\/product_cat?post=2055"},{"taxonomy":"product_tag","embeddable":true,"href":"https:\/\/voltcarshop.com\/de\/wp-json\/wp\/v2\/product_tag?post=2055"}],"curies":[{"name":"wp","href":"https:\/\/api.w.org\/{rel}","templated":true}]}}