{"id":2582,"date":"2024-04-18T10:41:55","date_gmt":"2024-04-18T10:41:55","guid":{"rendered":"https:\/\/voltcarshop.com\/?post_type=product&#038;p=2582"},"modified":"2024-04-20T17:18:38","modified_gmt":"2024-04-20T17:18:38","slug":"blaupunkt-p3pm2t2-tragbares-ladekabel-3-phasen-typ-2-16a-16-kopier","status":"publish","type":"product","link":"https:\/\/voltcarshop.com\/de\/vare\/blaupunkt-p3pm2t2-tragbares-ladekabel-3-phasen-typ-2-16a-16-kopier\/","title":{"rendered":"Blaupunkt P1PM2T2 Tragbares Ladekabel 1 Phase Typ 2 16A (14 &#8211; CEE230V)"},"content":{"rendered":"<p>Das Blaupunkt P1PM2T2 bietet Ihnen maximale Freiheit bei der Nutzung Ihres Elektroautos. Laden Sie Ihr Auto \u00fcberall dort auf, wo Sie Zugang zu einer 230V-Industrie-Steckdose (CEE 230V) haben.<\/p>\n<p>Die M\u00f6glichkeit, die Stromst\u00e4rke zwischen 8 und 16 A einzustellen, bedeutet, dass Sie immer das Maximum aus dem verf\u00fcgbaren Stecker herausholen k\u00f6nnen. Das bedeutet, dass Sie eine Ladeleistung von bis zu 3,7 KW erreichen k\u00f6nnen.<\/p>\n<p>Der eingebaute RCD-Sensor bietet Sicherheit gegen Fehlerstrom.<\/p>\n<p>Mit einer IP54-Zertifizierung ist das Ladeger\u00e4t so wasser- und staubdicht, dass es sich in praktisch allen Situationen f\u00fcr den Au\u00dfeneinsatz eignet.<\/p>\n<p>Um sowohl Ihr Auto als auch das Ladeger\u00e4t zu sch\u00fctzen, wird eine Transporttasche mitgeliefert, in der das Ladeger\u00e4t bei allen Transportarten aufbewahrt werden kann.<\/p>\n<p>Mit einer Gesamtl\u00e4nge von 8 Metern bietet Ihnen die Ladestation maximale Flexibilit\u00e4t beim Parken Ihres Autos.<\/p>\n<p>Passend f\u00fcr alle Elektroautos mit einem Typ-2-Stecker.<\/p>\n<h3 class=\"rte_contents\">Passend f\u00fcr die meisten europ\u00e4ischen Elektroautos, z. B:<\/h3>\n<ul>\n<li>BMW<\/li>\n<li>Audi<\/li>\n<li>Mercedes<\/li>\n<li>Nissan (neue Leaf-Modelle)<\/li>\n<li>Volvo<\/li>\n<li>Tesla<\/li>\n<li>Volkswagen (e-Golf, e-up! und Passat GTE)<\/li>\n<\/ul>\n","protected":false},"excerpt":{"rendered":"<p>Das Blaupunkt P1PM2T2 bietet Ihnen maximale Freiheit bei der Nutzung Ihres Elektroautos. Laden Sie Ihr Auto \u00fcberall dort auf, wo Sie Zugang zu einer 230V-Industrie-Steckdose (CEE 230V) haben.<\/p>\n<p>Die M\u00f6glichkeit, die Stromst\u00e4rke zwischen 8 und 16 A einzustellen, bedeutet, dass Sie immer das Maximum aus dem verf\u00fcgbaren Stecker herausholen k\u00f6nnen. Das bedeutet, dass Sie eine Ladeleistung von bis zu 3,7 KW erreichen k\u00f6nnen.<\/p>\n<p><b>H\u00f6hepunkte:<br \/>\n<\/b><\/p>\n<ul>\n<li style=\"list-style-type: none;\">\n<ul>\n<li>Transportabel<\/li>\n<li>Aufladen mit einem 230V-Industrie-Ladeger\u00e4t<br \/>\nSteckdose (CEE 230V).<\/li>\n<li>Typ 2 Stecker<\/li>\n<li>Inklusive Tragetasche<\/li>\n<li>Wasserdicht (IP54)<\/li>\n<li>Max. 3,7 KW Leistung<\/li>\n<\/ul>\n<\/li>\n<\/ul>\n","protected":false},"featured_media":2600,"template":"","meta":{"_monsterinsights_skip_tracking":false,"_monsterinsights_sitenote_active":false,"_monsterinsights_sitenote_note":"","_monsterinsights_sitenote_category":0,"_uf_show_specific_survey":0,"_uf_disable_surveys":false},"product_brand":[],"product_cat":[184,550],"product_tag":[],"class_list":{"0":"post-2582","1":"product","2":"type-product","3":"status-publish","4":"has-post-thumbnail","6":"product_cat-ladegeraete-fuer-elektroautos","7":"product_cat-ladekabel-kabelhalter-de","8":"pa_brandvurdering-ul94-v-0-de","9":"pa_driftstemperatur-30c-50c-de","10":"pa_ean-5714652000336-de","11":"pa_fase-1-phase-de-4","12":"pa_ind_og_ekstration-80nf100n-de","13":"pa_ip-klasse-54-de-3","14":"pa_isolationsmodstand-1000m-de","15":"pa_kabel-laengde-8m-de-2","16":"pa_kontaktmodstand-weniger-als-05m-de","17":"pa_maerke-blaupunkt-de","18":"pa_materiale-thermoplast-silikongummi-kupferlegierung-de","19":"pa_max-kw-37-kw-de-2","20":"pa_model-nr-p1pm2t2-de","21":"pa_modstandsspaending-2000v-de","22":"pa_netto-vaegt-30-kg-de","23":"pa_nominel-stroem-8-10-13-16a-de","24":"pa_spaending-200v-250v-de","25":"pa_type-anvendelse-tragbares-ev-ladegeraet","27":"first","28":"instock","29":"taxable","30":"shipping-taxable","31":"purchasable","32":"product-type-simple"},"jetpack_sharing_enabled":true,"_links":{"self":[{"href":"https:\/\/voltcarshop.com\/de\/wp-json\/wp\/v2\/product\/2582","targetHints":{"allow":["GET"]}}],"collection":[{"href":"https:\/\/voltcarshop.com\/de\/wp-json\/wp\/v2\/product"}],"about":[{"href":"https:\/\/voltcarshop.com\/de\/wp-json\/wp\/v2\/types\/product"}],"wp:featuredmedia":[{"embeddable":true,"href":"https:\/\/voltcarshop.com\/de\/wp-json\/wp\/v2\/media\/2600"}],"wp:attachment":[{"href":"https:\/\/voltcarshop.com\/de\/wp-json\/wp\/v2\/media?parent=2582"}],"wp:term":[{"taxonomy":"product_brand","embeddable":true,"href":"https:\/\/voltcarshop.com\/de\/wp-json\/wp\/v2\/product_brand?post=2582"},{"taxonomy":"product_cat","embeddable":true,"href":"https:\/\/voltcarshop.com\/de\/wp-json\/wp\/v2\/product_cat?post=2582"},{"taxonomy":"product_tag","embeddable":true,"href":"https:\/\/voltcarshop.com\/de\/wp-json\/wp\/v2\/product_tag?post=2582"}],"curies":[{"name":"wp","href":"https:\/\/api.w.org\/{rel}","templated":true}]}}