{"id":2653,"date":"2024-04-18T10:09:04","date_gmt":"2024-04-18T10:09:04","guid":{"rendered":"https:\/\/voltcarshop.com\/vare\/universalhalter-bchv1m2-fuer-ev-typ-2-stecker\/"},"modified":"2024-04-20T17:18:39","modified_gmt":"2024-04-20T17:18:39","slug":"universalhalter-bchv1m2-fuer-ev-typ-2-stecker","status":"publish","type":"product","link":"https:\/\/voltcarshop.com\/de\/vare\/universalhalter-bchv1m2-fuer-ev-typ-2-stecker\/","title":{"rendered":"Universalhalter BCHV1M2 f\u00fcr EV Typ 2 Stecker"},"content":{"rendered":"<p>Diese Universalhalterung ist ideal f\u00fcr jede Ladestation und passt zu den meisten Kabeln mit Typ-2-Steckern. Das vielseitige Design sorgt f\u00fcr eine sichere und stabile Aufbewahrung Ihres Ladesteckers und macht ihn zu einer unverzichtbaren Erg\u00e4nzung, um Ihre Ladestation organisiert und effizient zu halten.<\/p>\n<p><strong>Informationen zum Gewicht:<\/strong><\/p>\n<ul>\n<li>Bruttogewicht (GW): 1,20 kg<\/li>\n<li>Nettogewicht (NW): 0.80kg<\/li>\n<\/ul>\n<p>Mit diesem praktischen und robusten Halter ist Ihr Typ-2-Stecker immer gesch\u00fctzt und leicht zug\u00e4nglich.<\/p>\n","protected":false},"excerpt":{"rendered":"<p>Diese Universalhalterung ist ideal f\u00fcr jede Ladestation und passt zu den meisten Kabeln mit Typ-2-Steckern. Das vielseitige Design sorgt f\u00fcr eine sichere und stabile Aufbewahrung Ihres Ladesteckers und macht ihn zu einer unverzichtbaren Erg\u00e4nzung, um Ihre Ladestation organisiert und effizient zu halten.<\/p>\n","protected":false},"featured_media":2557,"template":"","meta":{"_monsterinsights_skip_tracking":false,"_monsterinsights_sitenote_active":false,"_monsterinsights_sitenote_note":"","_monsterinsights_sitenote_category":0,"_uf_show_specific_survey":0,"_uf_disable_surveys":false},"product_brand":[],"product_cat":[910],"product_tag":[],"class_list":{"0":"post-2653","1":"product","2":"type-product","3":"status-publish","4":"has-post-thumbnail","6":"product_cat-zubehor","8":"first","9":"instock","10":"taxable","11":"shipping-taxable","12":"purchasable","13":"product-type-simple"},"jetpack_sharing_enabled":true,"_links":{"self":[{"href":"https:\/\/voltcarshop.com\/de\/wp-json\/wp\/v2\/product\/2653","targetHints":{"allow":["GET"]}}],"collection":[{"href":"https:\/\/voltcarshop.com\/de\/wp-json\/wp\/v2\/product"}],"about":[{"href":"https:\/\/voltcarshop.com\/de\/wp-json\/wp\/v2\/types\/product"}],"wp:featuredmedia":[{"embeddable":true,"href":"https:\/\/voltcarshop.com\/de\/wp-json\/wp\/v2\/media\/2557"}],"wp:attachment":[{"href":"https:\/\/voltcarshop.com\/de\/wp-json\/wp\/v2\/media?parent=2653"}],"wp:term":[{"taxonomy":"product_brand","embeddable":true,"href":"https:\/\/voltcarshop.com\/de\/wp-json\/wp\/v2\/product_brand?post=2653"},{"taxonomy":"product_cat","embeddable":true,"href":"https:\/\/voltcarshop.com\/de\/wp-json\/wp\/v2\/product_cat?post=2653"},{"taxonomy":"product_tag","embeddable":true,"href":"https:\/\/voltcarshop.com\/de\/wp-json\/wp\/v2\/product_tag?post=2653"}],"curies":[{"name":"wp","href":"https:\/\/api.w.org\/{rel}","templated":true}]}}