{"id":2655,"date":"2024-04-18T09:46:11","date_gmt":"2024-04-18T09:46:11","guid":{"rendered":"https:\/\/voltcarshop.com\/vare\/wandhalterung-fuer-tragbare-elektroauto-ladegeraete-b1wmsm2\/"},"modified":"2024-04-20T17:18:39","modified_gmt":"2024-04-20T17:18:39","slug":"wandhalterung-fuer-tragbare-elektroauto-ladegeraete-b1wmsm2","status":"publish","type":"product","link":"https:\/\/voltcarshop.com\/de\/vare\/wandhalterung-fuer-tragbare-elektroauto-ladegeraete-b1wmsm2\/","title":{"rendered":"Wandhalterung f\u00fcr tragbare Elektroauto-Ladeger\u00e4te B1WMSM2"},"content":{"rendered":"<p>Diese robuste Wandhalterung wurde entwickelt, um Ihre tragbaren EV-Ladeger\u00e4te sicher und effizient zu halten. Es ist die ideale L\u00f6sung, um Ihre Garage oder Ladestation zu organisieren und sicherzustellen, dass die Ladeger\u00e4te immer leicht zug\u00e4nglich und aufbewahrt sind.<\/p>\n<p>Kann mit den folgenden Blaupunkt-Modellen verwendet werden:<\/p>\n<p><strong>Blaupunkt P1PM2T2<\/strong><br \/>\n<strong>Blaupunkt P3PM2T2<\/strong><br \/>\n<strong>Blaupunkt P3P6MT2<\/strong><\/p>\n<p><strong>Informationen zum Gewicht:<\/strong><\/p>\n<p>Bruttogewicht (GW): 1,20 kg<br \/>\nNettogewicht (NW): 0.80kg<\/p>\n<p>Halten Sie Ihre EV-Ladeger\u00e4te mit dieser praktischen Wandhalterung organisiert und einsatzbereit.<\/p>\n","protected":false},"excerpt":{"rendered":"<p>Halten Sie Ihre EV-Ladeger\u00e4te mit dieser praktischen Wandhalterung organisiert und einsatzbereit.<\/p>\n<p><strong>Geeignet f\u00fcr:<\/strong><\/p>\n<p>Blaupunkt P1PM2T2<br \/>\nBlaupunkt P3PM2T2<br \/>\nBlaupunkt P3P6MT2<\/p>\n","protected":false},"featured_media":2532,"template":"","meta":{"_monsterinsights_skip_tracking":false,"_monsterinsights_sitenote_active":false,"_monsterinsights_sitenote_note":"","_monsterinsights_sitenote_category":0,"_uf_show_specific_survey":0,"_uf_disable_surveys":false},"product_brand":[],"product_cat":[910],"product_tag":[],"class_list":{"0":"post-2655","1":"product","2":"type-product","3":"status-publish","4":"has-post-thumbnail","6":"product_cat-zubehor","8":"first","9":"instock","10":"taxable","11":"shipping-taxable","12":"purchasable","13":"product-type-simple"},"jetpack_sharing_enabled":true,"_links":{"self":[{"href":"https:\/\/voltcarshop.com\/de\/wp-json\/wp\/v2\/product\/2655","targetHints":{"allow":["GET"]}}],"collection":[{"href":"https:\/\/voltcarshop.com\/de\/wp-json\/wp\/v2\/product"}],"about":[{"href":"https:\/\/voltcarshop.com\/de\/wp-json\/wp\/v2\/types\/product"}],"wp:featuredmedia":[{"embeddable":true,"href":"https:\/\/voltcarshop.com\/de\/wp-json\/wp\/v2\/media\/2532"}],"wp:attachment":[{"href":"https:\/\/voltcarshop.com\/de\/wp-json\/wp\/v2\/media?parent=2655"}],"wp:term":[{"taxonomy":"product_brand","embeddable":true,"href":"https:\/\/voltcarshop.com\/de\/wp-json\/wp\/v2\/product_brand?post=2655"},{"taxonomy":"product_cat","embeddable":true,"href":"https:\/\/voltcarshop.com\/de\/wp-json\/wp\/v2\/product_cat?post=2655"},{"taxonomy":"product_tag","embeddable":true,"href":"https:\/\/voltcarshop.com\/de\/wp-json\/wp\/v2\/product_tag?post=2655"}],"curies":[{"name":"wp","href":"https:\/\/api.w.org\/{rel}","templated":true}]}}