{"id":2858,"date":"2025-01-24T08:05:39","date_gmt":"2025-01-24T08:05:39","guid":{"rendered":"https:\/\/voltcarshop.com\/?post_type=product&#038;p=2858"},"modified":"2025-02-23T09:55:01","modified_gmt":"2025-02-23T09:55:01","slug":"blaupunkt-p3pm2t2-tragbares-ladekabel-3-phasen-typ-2-16a-16-kopier-2","status":"publish","type":"product","link":"https:\/\/voltcarshop.com\/de\/vare\/blaupunkt-p3pm2t2-tragbares-ladekabel-3-phasen-typ-2-16a-16-kopier-2\/","title":{"rendered":"Blaupunkt P3P6MT2 Tragbares Ladekabel 3 Phasen Typ 2 16A (27)"},"content":{"rendered":"<p><iframe title=\"YouTube-Video-Player\" src=\"https:\/\/www.youtube.com\/embed\/AHE3LQOAQno?rel=0&amp;controls=0&amp;showinfo=0&amp;autoplay=0&amp;loop=1&amp;modestbranding=1\" width=\"100%\" height=\"660\" frameborder=\"0\" allowfullscreen=\"allowfullscreen\"><\/iframe><\/p>\n<p>Blaupunkt P3P6MT2 gibt Ihnen maximale Freiheit bei der Nutzung Ihres Elektroautos. Laden Sie Ihr Auto \u00fcberall dort auf, wo Sie Zugang zu einer 400-V-Steckdose haben.<\/p>\n<p>Die M\u00f6glichkeit, die Stromst\u00e4rke zwischen 8 und 16 A einzustellen, bedeutet, dass Sie immer das Maximum aus dem verf\u00fcgbaren Stecker herausholen k\u00f6nnen. Das bedeutet, dass Sie eine Ladeleistung von bis zu 11 KW erreichen k\u00f6nnen.<\/p>\n<p>Der eingebaute RCD-Sensor bietet Sicherheit gegen Fehlerstrom.<\/p>\n<p>Mit einer IP65-Zertifizierung ist das Ladeger\u00e4t so wasser- und staubdicht, dass es in nahezu allen Situationen im Freien eingesetzt werden kann.<\/p>\n<p>Mit einer Gesamtl\u00e4nge von 6 Metern bietet Ihnen das Ladeger\u00e4t maximale Flexibilit\u00e4t beim Parken Ihres Autos.<\/p>\n<p>Passend f\u00fcr alle Elektroautos mit einem Typ-2-Stecker.<\/p>\n<h3 class=\"rte_contents\">Passend f\u00fcr die meisten europ\u00e4ischen Elektroautos, z. B:<\/h3>\n<ul>\n<li>BMW<\/li>\n<li>Audi<\/li>\n<li>Mercedes<\/li>\n<li>Nissan (neue Leaf-Modelle)<\/li>\n<li>Volvo<\/li>\n<li>Tesla<\/li>\n<li>Volkswagen (e-Golf, e-up! und Passat GTE)<\/li>\n<\/ul>\n","protected":false},"excerpt":{"rendered":"<p>Blaupunkt P3P6MT2 gibt Ihnen maximale Freiheit bei der Nutzung Ihres Elektroautos. Laden Sie Ihr Auto \u00fcberall dort auf, wo Sie Zugang zu einer 400-V-Steckdose haben.<\/p>\n<p>Die M\u00f6glichkeit, die Stromst\u00e4rke zwischen 8 und 16 A einzustellen, bedeutet, dass Sie immer das Maximum aus dem verf\u00fcgbaren Stecker herausholen k\u00f6nnen. Das bedeutet, dass Sie eine Ladeleistung von bis zu 11 KW erreichen k\u00f6nnen.<\/p>\n<p><b>H\u00f6hepunkte:<br \/>\n<\/b><\/p>\n<ul>\n<li style=\"list-style-type: none;\">\n<ul>\n<li>Transportabel<\/li>\n<li>Aufladen \u00fcber eine 400-V-Steckdose<\/li>\n<li>Typ 2 Stecker<\/li>\n<li>Wasserdicht (IP65)<\/li>\n<li>Maximal 11 KW Leistung<\/li>\n<\/ul>\n<\/li>\n<\/ul>\n","protected":false},"featured_media":2332,"template":"","meta":{"_monsterinsights_skip_tracking":false,"_monsterinsights_sitenote_active":false,"_monsterinsights_sitenote_note":"","_monsterinsights_sitenote_category":0,"_uf_show_specific_survey":0,"_uf_disable_surveys":false},"product_brand":[],"product_cat":[184,550],"product_tag":[],"class_list":{"0":"post-2858","1":"product","2":"type-product","3":"status-publish","4":"has-post-thumbnail","6":"product_cat-ladegeraete-fuer-elektroautos","7":"product_cat-ladekabel-kabelhalter-de","8":"pa_brandvurdering-ul94-v-0-de","9":"pa_driftstemperatur-30c-50c-de","10":"pa_ean-5714652000558-de","11":"pa_fase-3-phasig-de","12":"pa_ind_og_ekstration-80nf100n-de","13":"pa_ip-klasse-65-de","14":"pa_isolationsmodstand-1000m-de","15":"pa_kabel-laengde-6m-de","16":"pa_kontaktmodstand-weniger-als-05m-de","17":"pa_maerke-blaupunkt-de","18":"pa_materiale-thermoplast-silikongummi-kupferlegierung-de","19":"pa_max-kw-110-kw-de-2","20":"pa_model-nr-p3p6mt2-de","21":"pa_modstandsspaending-2000v-de","22":"pa_netto-vaegt-28-kg-de","23":"pa_nominel-stroem-8-10-13-16a-de","24":"pa_spaending-380-400v-de","25":"pa_type-anvendelse-tragbares-ev-ladegeraet","27":"first","28":"instock","29":"sale","30":"taxable","31":"shipping-taxable","32":"purchasable","33":"product-type-simple"},"jetpack_sharing_enabled":true,"_links":{"self":[{"href":"https:\/\/voltcarshop.com\/de\/wp-json\/wp\/v2\/product\/2858","targetHints":{"allow":["GET"]}}],"collection":[{"href":"https:\/\/voltcarshop.com\/de\/wp-json\/wp\/v2\/product"}],"about":[{"href":"https:\/\/voltcarshop.com\/de\/wp-json\/wp\/v2\/types\/product"}],"wp:featuredmedia":[{"embeddable":true,"href":"https:\/\/voltcarshop.com\/de\/wp-json\/wp\/v2\/media\/2332"}],"wp:attachment":[{"href":"https:\/\/voltcarshop.com\/de\/wp-json\/wp\/v2\/media?parent=2858"}],"wp:term":[{"taxonomy":"product_brand","embeddable":true,"href":"https:\/\/voltcarshop.com\/de\/wp-json\/wp\/v2\/product_brand?post=2858"},{"taxonomy":"product_cat","embeddable":true,"href":"https:\/\/voltcarshop.com\/de\/wp-json\/wp\/v2\/product_cat?post=2858"},{"taxonomy":"product_tag","embeddable":true,"href":"https:\/\/voltcarshop.com\/de\/wp-json\/wp\/v2\/product_tag?post=2858"}],"curies":[{"name":"wp","href":"https:\/\/api.w.org\/{rel}","templated":true}]}}