{"id":1739,"date":"2020-04-22T18:25:44","date_gmt":"2020-04-22T18:25:44","guid":{"rendered":"https:\/\/voltcarshop.com\/tietosuojakaeytaentoe\/"},"modified":"2024-04-14T12:24:18","modified_gmt":"2024-04-14T12:24:18","slug":"tietosuojakaeytaentoe","status":"publish","type":"page","link":"https:\/\/voltcarshop.com\/fi\/tietosuojakaeytaentoe\/","title":{"rendered":"Tietosuojak\u00e4yt\u00e4nt\u00f6"},"content":{"rendered":"\n<h3 class=\"wp-block-heading\">Tietoja t\u00e4st\u00e4 ev\u00e4stek\u00e4yt\u00e4nn\u00f6st\u00e4<\/h3>\n\n<p>T\u00e4ss\u00e4 ev\u00e4stek\u00e4yt\u00e4nn\u00f6ss\u00e4 selitet\u00e4\u00e4n, mit\u00e4 ev\u00e4steet ovat ja miten k\u00e4yt\u00e4mme niit\u00e4, mink\u00e4 tyyppisi\u00e4 ev\u00e4steit\u00e4 k\u00e4yt\u00e4mme, eli mit\u00e4 tietoja ker\u00e4\u00e4mme ev\u00e4steiden avulla ja miten n\u00e4it\u00e4 tietoja k\u00e4ytet\u00e4\u00e4n, sek\u00e4 miten ev\u00e4steasetuksia voidaan hallita. Lis\u00e4tietoja siit\u00e4, miten k\u00e4yt\u00e4mme, tallennamme ja s\u00e4ilyt\u00e4mme henkil\u00f6tietojasi, on tietosuojak\u00e4yt\u00e4nn\u00f6ss\u00e4mme.Voit milloin tahansa muuttaa tai peruuttaa suostumuksesi verkkosivustomme ev\u00e4steilmoituksesta.Lue lis\u00e4\u00e4 siit\u00e4, keit\u00e4 me olemme, miten voit ottaa meihin yhteytt\u00e4 ja miten k\u00e4sittelemme henkil\u00f6tietoja tietosuojak\u00e4yt\u00e4nn\u00f6st\u00e4mme.Suostumuksesi koskee seuraavia verkkotunnuksia: thycykler.dk.<\/p>\n\n<h3 class=\"wp-block-heading\">Mit\u00e4 ev\u00e4steet ovat?<\/h3>\n\n<p>Ev\u00e4steet ovat pieni\u00e4 tekstitiedostoja, joita k\u00e4ytet\u00e4\u00e4n pienten tietojen tallentamiseen. Ne tallennetaan laitteeseesi, kun verkkosivusto latautuu selaimeesi. N\u00e4m\u00e4 ev\u00e4steet auttavat meit\u00e4 saamaan verkkosivuston toimimaan oikein, tekem\u00e4\u00e4n siit\u00e4 turvallisemman, tarjoamaan paremman k\u00e4ytt\u00e4j\u00e4kokemuksen ja ymm\u00e4rt\u00e4m\u00e4\u00e4n, miten verkkosivusto toimii, sek\u00e4 analysoimaan, mik\u00e4 toimii ja miss\u00e4 asioissa tarvitaan parannuksia.<\/p>\n\n<h3 class=\"wp-block-heading\">Miten k\u00e4yt\u00e4mme ev\u00e4steit\u00e4?<\/h3>\n\n<p>Kuten useimmat verkkopalvelut, verkkosivustomme k\u00e4ytt\u00e4\u00e4 ensimm\u00e4isen osapuolen ja kolmannen osapuolen ev\u00e4steit\u00e4 useisiin eri tarkoituksiin. Ensimm\u00e4isen osapuolen ev\u00e4steet ovat useimmiten v\u00e4ltt\u00e4m\u00e4tt\u00f6mi\u00e4, jotta verkkosivusto toimisi oikein, eiv\u00e4tk\u00e4 ne ker\u00e4\u00e4 mit\u00e4\u00e4n henkil\u00f6kohtaisesti tunnistettavia tietojasi.Kolmannen osapuolen ev\u00e4steet, joita k\u00e4ytet\u00e4\u00e4n verkkosivustollamme, ovat ensisijaisesti tarkoitettu ymm\u00e4rt\u00e4m\u00e4\u00e4n, miten verkkosivusto toimii, miten olet vuorovaikutuksessa verkkosivustomme kanssa, pit\u00e4m\u00e4\u00e4n palvelumme turvallisena, toimittamaan sinulle merkityksellisi\u00e4 mainoksia ja yleisesti tarjoamaan sinulle paremman ja paremman k\u00e4ytt\u00f6kokemuksen sek\u00e4 nopeuttamaan tulevaa vuorovaikutustasi verkkosivustomme kanssa.<\/p>\n\n<h3 class=\"wp-block-heading\">Millaisia ev\u00e4steit\u00e4 k\u00e4yt\u00e4mme?<\/h3>\n\n<p>V\u00e4ltt\u00e4m\u00e4tt\u00f6m\u00e4t: Jotkin ev\u00e4steet ovat v\u00e4ltt\u00e4m\u00e4tt\u00f6mi\u00e4, jotta voit k\u00e4ytt\u00e4\u00e4 verkkosivustomme kaikkia toimintoja. Niiden avulla voimme yll\u00e4pit\u00e4\u00e4 k\u00e4ytt\u00e4j\u00e4istuntoja ja est\u00e4\u00e4 mahdolliset turvallisuusuhat. Ne eiv\u00e4t ker\u00e4\u00e4 tai tallenna henkil\u00f6tietoja. N\u00e4iden ev\u00e4steiden avulla voit esimerkiksi kirjautua tilillesi, lis\u00e4t\u00e4 tuotteita ostoskoriin ja tehd\u00e4 ostokset turvallisesti.Tilastot: N\u00e4m\u00e4 ev\u00e4steet tallentavat tietoja, kuten verkkosivuston k\u00e4vij\u00e4m\u00e4\u00e4r\u00e4n, yksil\u00f6llisten k\u00e4vij\u00f6iden m\u00e4\u00e4r\u00e4n, verkkosivuston sivut, joilla on vierailtu, vierailun l\u00e4hteen jne. N\u00e4m\u00e4 tiedot auttavat meit\u00e4 ymm\u00e4rt\u00e4m\u00e4\u00e4n ja analysoimaan, miten hyvin verkkosivusto toimii ja miss\u00e4 asioissa on parantamisen varaa.Markkinointi: Markkinointi: Verkkosivustollamme n\u00e4ytet\u00e4\u00e4n mainoksia. N\u00e4iden ev\u00e4steiden avulla voimme personoida sinulle n\u00e4ytt\u00e4mi\u00e4mme mainoksia niin, ett\u00e4 ne ovat sinulle mielekk\u00e4it\u00e4. N\u00e4m\u00e4 ev\u00e4steet auttavat meit\u00e4 my\u00f6s seuraamaan n\u00e4iden mainoskampanjoiden tehokkuutta.Kolmannen osapuolen mainostoimittajat voivat my\u00f6s k\u00e4ytt\u00e4\u00e4 n\u00e4ihin ev\u00e4steisiin tallennettuja tietoja n\u00e4ytt\u00e4\u00e4kseen sinulle mainoksia muilla verkkosivustoilla selaimessa.Toiminnalliset ev\u00e4steet: TT N\u00e4m\u00e4 ovat ev\u00e4steit\u00e4, jotka auttavat tiettyj\u00e4 muita kuin keskeisi\u00e4 toimintoja verkkosivustollamme. N\u00e4ihin ominaisuuksiin kuuluu sis\u00e4ll\u00f6n, kuten videoiden, upottaminen tai verkkosivuston sis\u00e4ll\u00f6n jakaminen sosiaalisen median alustoilla.Asetukset: N\u00e4m\u00e4 ev\u00e4steet auttavat meit\u00e4 tallentamaan asetuksesi ja selausasetuksesi, kuten kieliasetuksesi, jotta saat paremman ja tehokkaamman k\u00e4ytt\u00f6kokemuksen tulevilla vierailuillasi verkkosivustolla.<br\/><br\/>K\u00e4yt\u00e4mme n\u00e4it\u00e4 ev\u00e4steit\u00e4 verkkosivustollamme:<\/p>\n\n<figure class=\"wp-block-table\"><table><thead><tr><th scope=\"col\">Cookie<\/th><th scope=\"col\">Verkkotunnus<\/th><th scope=\"col\">Tyyppi  <\/th><th scope=\"col\">Kuvaus<\/th><th scope=\"col\">Kesto<\/th><\/tr><\/thead><tbody><tr><td>Olen<\/td><td>.voltcarshop.com<\/td><td>Analytiikka<\/td><td>T\u00e4m\u00e4n ev\u00e4steen asentaa Google Analytics. Ev\u00e4stett\u00e4 k\u00e4ytet\u00e4\u00e4n k\u00e4vij\u00e4-, istunto- ja kampanjatietojen laskemiseen ja sivuston k\u00e4yt\u00f6n seuraamiseen sivuston analytiikkaraporttia varten. Ev\u00e4steet tallentavat tietoja nimett\u00f6m\u00e4n\u00e4 ja antavat satunnaisesti luodun numeron, jonka avulla yksitt\u00e4iset k\u00e4vij\u00e4t voidaan tunnistaa.<\/td><td>2 vuotta<\/td><\/tr><tr><td>id<\/td><td>.voltcarshop.com<\/td><td>Analytiikka<\/td><td>T\u00e4m\u00e4n ev\u00e4steen asentaa Google Analytics. Ev\u00e4stett\u00e4 k\u00e4ytet\u00e4\u00e4n tallentamaan tietoja siit\u00e4, miten k\u00e4vij\u00e4t k\u00e4ytt\u00e4v\u00e4t verkkosivustoa, ja se auttaa luomaan analyysiraportin verkkosivuston toiminnasta. Ker\u00e4ttyihin tietoihin sis\u00e4ltyv\u00e4t k\u00e4vij\u00f6iden m\u00e4\u00e4r\u00e4, l\u00e4hde, josta k\u00e4vij\u00e4t ovat tulleet, ja katsotut sivut anonyymiss\u00e4 muodossa.<\/td><td>1 p\u00e4iv\u00e4<\/td><\/tr><tr><td>tk_tai<\/td><td>.voltcarshop.com<\/td><td>Analytiikka<\/td><td>T\u00e4m\u00e4n ev\u00e4steen asettaa JetPack-lis\u00e4osa sivustoilla, jotka k\u00e4ytt\u00e4v\u00e4t WooCommercea. T\u00e4t\u00e4 viittausev\u00e4steen ev\u00e4stett\u00e4 k\u00e4ytet\u00e4\u00e4n Jetpackin viittausk\u00e4ytt\u00e4ytymisen analysointiin.<\/td><td>5 vuotta<\/td><\/tr><tr><td>tk_r3d<\/td><td>.voltcarshop.com<\/td><td>Analytiikka<\/td><td>JetPack asentaa ev\u00e4steen. K\u00e4ytet\u00e4\u00e4n sis\u00e4isiin mittareihin k\u00e4ytt\u00e4jien toimintaa varten k\u00e4ytt\u00e4j\u00e4kokemuksen parantamiseksi.<\/td><td>3 p\u00e4iv\u00e4\u00e4<\/td><\/tr><tr><td>tk_lr<\/td><td>.voltcarshop.com<\/td><td>Analytiikka<\/td><td>T\u00e4m\u00e4n ev\u00e4steen asettaa JetPack-lis\u00e4osa sivustoilla, jotka k\u00e4ytt\u00e4v\u00e4t WooCommercea. T\u00e4t\u00e4 viittausev\u00e4steen ev\u00e4stett\u00e4 k\u00e4ytet\u00e4\u00e4n Jetpackin viittausk\u00e4ytt\u00e4ytymisen analysointiin.<\/td><td>1 vuosi<\/td><\/tr><tr><td>PHPSESSID<\/td><td>voltcarshop.com<\/td><td>Tarvittavat<\/td><td>T\u00e4m\u00e4 ev\u00e4ste on PHP-sovellusten oma ev\u00e4ste. Ev\u00e4stett\u00e4 k\u00e4ytet\u00e4\u00e4n tallentamaan ja tunnistamaan k\u00e4ytt\u00e4j\u00e4n yksil\u00f6llinen istuntotunnus, jotta k\u00e4ytt\u00e4j\u00e4n istuntoa voidaan hallita verkkosivustolla. Ev\u00e4ste on istuntoev\u00e4ste, ja se poistetaan, kun kaikki selainikkunat suljetaan.<\/td><td>istunto<\/td><\/tr><tr><td>__cfduid<\/td><td>.tawk.to<\/td><td>Tarvittavat<\/td><td>CloudFaren kaltaiset cdn-palvelut k\u00e4ytt\u00e4v\u00e4t ev\u00e4stett\u00e4 yksitt\u00e4isten asiakkaiden tunnistamiseen jaetun IP-osoitteen takaa ja suojausasetusten soveltamiseen asiakaskohtaisesti. Se ei vastaa web-sovelluksen k\u00e4ytt\u00e4j\u00e4tunnusta eik\u00e4 tallenna mit\u00e4\u00e4n henkil\u00f6kohtaisesti tunnistettavia tietoja.<\/td><td>1 kuukausi<\/td><\/tr><\/tbody><\/table><\/figure>\n\n<h3 class=\"wp-block-heading\">Miten voin hallita ev\u00e4steasetuksia?<\/h3>\n\n<p>Jos p\u00e4\u00e4t\u00e4t muuttaa asetuksiasi my\u00f6hemmin selainistunnon aikana, voit napsauttaa n\u00e4yt\u00f6ll\u00e4si v\u00e4lilehte\u00e4 &#8220;Tietosuoja- ja ev\u00e4stek\u00e4yt\u00e4nt\u00f6&#8221;. T\u00e4ll\u00f6in suostumusviesti tulee uudelleen n\u00e4kyviin, jolloin voit muuttaa asetuksiasi tai peruuttaa suostumuksesi kokonaan.T\u00e4m\u00e4n lis\u00e4ksi eri selaimet tarjoavat erilaisia menetelmi\u00e4 verkkosivustojen k\u00e4ytt\u00e4mien ev\u00e4steiden est\u00e4miseen ja poistamiseen. Voit muuttaa selaimesi asetuksia ev\u00e4steiden est\u00e4miseksi tai poistamiseksi. Lis\u00e4tietoja ev\u00e4steiden hallinnasta ja poistamisesta on osoitteessa wikipedia.org, www.allaboutcookies.org.<\/p>\n","protected":false},"excerpt":{"rendered":"<p>Tietoja t\u00e4st\u00e4 ev\u00e4stek\u00e4yt\u00e4nn\u00f6st\u00e4 T\u00e4ss\u00e4 ev\u00e4stek\u00e4yt\u00e4nn\u00f6ss\u00e4 selitet\u00e4\u00e4n, mit\u00e4 ev\u00e4steet ovat ja miten k\u00e4yt\u00e4mme niit\u00e4, mink\u00e4 tyyppisi\u00e4 ev\u00e4steit\u00e4 k\u00e4yt\u00e4mme, eli mit\u00e4 tietoja ker\u00e4\u00e4mme ev\u00e4steiden avulla ja miten n\u00e4it\u00e4 tietoja k\u00e4ytet\u00e4\u00e4n, sek\u00e4 miten ev\u00e4steasetuksia voidaan hallita. Lis\u00e4tietoja siit\u00e4, miten k\u00e4yt\u00e4mme, tallennamme ja s\u00e4ilyt\u00e4mme henkil\u00f6tietojasi, on tietosuojak\u00e4yt\u00e4nn\u00f6ss\u00e4mme.Voit milloin tahansa muuttaa tai peruuttaa suostumuksesi verkkosivustomme ev\u00e4steilmoituksesta.Lue lis\u00e4\u00e4 siit\u00e4, keit\u00e4 me [&hellip;]<\/p>\n<div class=\"blog-share-comment\"><a class=\"readmore\" href=\"https:\/\/voltcarshop.com\/fi\/tietosuojakaeytaentoe\/ \">L\u00e6s mere<\/a><\/p>\n<div class=\"blog-share\"><span>Share :<\/span><\/p>\n<div class=\"share-social\">\n<ul>\n<li><a class=\"facebook\" target=\"_blank\" href=\"https:\/\/www.facebook.com\/sharer\/sharer.php?u=https:\/\/voltcarshop.com\/fi\/tietosuojakaeytaentoe\/\"><i class=\"fab fa-facebook\"><\/i><\/a><\/li>\n<li><a class=\"twitter\" target=\"_blank\" href=\"http:\/\/twitter.com\/intent\/tweet?text=Tietosuojak%C3%A4yt%C3%A4nt%C3%B6&#038;url=https:\/\/voltcarshop.com\/fi\/tietosuojakaeytaentoe\/\"><i class=\"fab fa-twitter\"><\/i><\/a><\/li>\n<li><a class=\"pinterest\" target=\"_blank\" href=\"http:\/\/pinterest.com\/pin\/create\/bookmarklet\/?media=&#038;url=https:\/\/voltcarshop.com\/fi\/tietosuojakaeytaentoe\/&#038;is_video=false&#038;description=Tietosuojak%C3%A4yt%C3%A4nt%C3%B6\"><i class=\"fab fa-pinterest\"><\/i><\/a><\/li>\n<\/ul>\n<\/div>\n<\/div>\n<\/div>\n","protected":false},"author":1,"featured_media":0,"parent":0,"menu_order":0,"comment_status":"closed","ping_status":"open","template":"","meta":{"_monsterinsights_skip_tracking":false,"_monsterinsights_sitenote_active":false,"_monsterinsights_sitenote_note":"","_monsterinsights_sitenote_category":0,"_uf_show_specific_survey":0,"_uf_disable_surveys":false,"footnotes":""},"class_list":["post-1739","page","type-page","status-publish","hentry"],"jetpack_sharing_enabled":true,"_links":{"self":[{"href":"https:\/\/voltcarshop.com\/fi\/wp-json\/wp\/v2\/pages\/1739","targetHints":{"allow":["GET"]}}],"collection":[{"href":"https:\/\/voltcarshop.com\/fi\/wp-json\/wp\/v2\/pages"}],"about":[{"href":"https:\/\/voltcarshop.com\/fi\/wp-json\/wp\/v2\/types\/page"}],"author":[{"embeddable":true,"href":"https:\/\/voltcarshop.com\/fi\/wp-json\/wp\/v2\/users\/1"}],"replies":[{"embeddable":true,"href":"https:\/\/voltcarshop.com\/fi\/wp-json\/wp\/v2\/comments?post=1739"}],"version-history":[{"count":0,"href":"https:\/\/voltcarshop.com\/fi\/wp-json\/wp\/v2\/pages\/1739\/revisions"}],"wp:attachment":[{"href":"https:\/\/voltcarshop.com\/fi\/wp-json\/wp\/v2\/media?parent=1739"}],"curies":[{"name":"wp","href":"https:\/\/api.w.org\/{rel}","templated":true}]}}