{"id":2007,"date":"2021-02-01T22:38:22","date_gmt":"2021-02-01T22:38:22","guid":{"rendered":"https:\/\/voltcarshop.com\/vare\/blaupunktin-jalusta-astawb1-ruostumatonta-teraestae\/"},"modified":"2024-04-20T17:21:11","modified_gmt":"2024-04-20T17:21:11","slug":"blaupunktin-jalusta-astawb1-ruostumatonta-teraestae","status":"publish","type":"product","link":"https:\/\/voltcarshop.com\/fi\/vare\/blaupunktin-jalusta-astawb1-ruostumatonta-teraestae\/","title":{"rendered":"Blaupunktin jalusta ASTAWB1 ruostumatonta ter\u00e4st\u00e4"},"content":{"rendered":"<p>S\u00e4hk\u00f6auton lataaminen on luottamuskysymys. Sen vuoksi laitteiden on luonnollisesti t\u00e4ytett\u00e4v\u00e4 kaikki turvallisuusvaatimukset.<\/p>\n<p>T\u00e4m\u00e4 ruostumattomasta ter\u00e4ksest\u00e4 valmistettu standardi tarjoaa t\u00e4t\u00e4 turvallisuutta ja laatua.<\/p>\n<p>Jalusta on 120 cm korkea, ja vakaa pohja (30 x 16 cm) voidaan kiinnitt\u00e4\u00e4 maahan mukana toimitetuilla ankkurikoukuilla.<\/p>\n<p><strong>T\u00e4m\u00e4 jalusta sopii Blaupunktin latausasemille AWB1P32AT2NCB ja AWB3P32AT2NCB.<\/strong><\/p>\n","protected":false},"excerpt":{"rendered":"<p>Ruostumattomasta ter\u00e4ksest\u00e4 valmistettu jalusta, joka sopii hyvin latausasemamalleihin AWB1P32AT2NCB ja AWB3P32AT2NCB.<\/p>\n","protected":false},"featured_media":1142,"template":"","meta":{"_monsterinsights_skip_tracking":false,"_monsterinsights_sitenote_active":false,"_monsterinsights_sitenote_note":"","_monsterinsights_sitenote_category":0,"_uf_show_specific_survey":0,"_uf_disable_surveys":false},"product_brand":[],"product_cat":[854,183],"product_tag":[],"class_list":{"0":"post-2007","1":"product","2":"type-product","3":"status-publish","4":"has-post-thumbnail","6":"product_cat-latausasemat-fi","7":"product_cat-sahkoautojen-laturit","8":"pa_dimensioner-mitat-120-x-21-cm-korkeus-x-leveys-pohjalevyn-mitat-30-x-16-cm-fi","9":"pa_ean-5714652000268-fi-2","10":"pa_indhold-1-jalusta-4-ankkurikoukkua-fi","11":"pa_maerke-blaupunkt-fi-2","12":"pa_materiale-ruostumaton-teraes","13":"pa_model-nr-astawb1-fi-2","15":"first","16":"instock","17":"taxable","18":"shipping-taxable","19":"purchasable","20":"product-type-simple"},"jetpack_sharing_enabled":true,"_links":{"self":[{"href":"https:\/\/voltcarshop.com\/fi\/wp-json\/wp\/v2\/product\/2007","targetHints":{"allow":["GET"]}}],"collection":[{"href":"https:\/\/voltcarshop.com\/fi\/wp-json\/wp\/v2\/product"}],"about":[{"href":"https:\/\/voltcarshop.com\/fi\/wp-json\/wp\/v2\/types\/product"}],"wp:featuredmedia":[{"embeddable":true,"href":"https:\/\/voltcarshop.com\/fi\/wp-json\/wp\/v2\/media\/1142"}],"wp:attachment":[{"href":"https:\/\/voltcarshop.com\/fi\/wp-json\/wp\/v2\/media?parent=2007"}],"wp:term":[{"taxonomy":"product_brand","embeddable":true,"href":"https:\/\/voltcarshop.com\/fi\/wp-json\/wp\/v2\/product_brand?post=2007"},{"taxonomy":"product_cat","embeddable":true,"href":"https:\/\/voltcarshop.com\/fi\/wp-json\/wp\/v2\/product_cat?post=2007"},{"taxonomy":"product_tag","embeddable":true,"href":"https:\/\/voltcarshop.com\/fi\/wp-json\/wp\/v2\/product_tag?post=2007"}],"curies":[{"name":"wp","href":"https:\/\/api.w.org\/{rel}","templated":true}]}}