{"id":2009,"date":"2024-03-26T20:08:57","date_gmt":"2024-03-26T20:08:57","guid":{"rendered":"https:\/\/voltcarshop.com\/vare\/blaupunkt-p3pm2t2-kannettava-latauskaapeli-3-vaiheinen-tyyppi-2-16a-16\/"},"modified":"2024-04-20T17:21:11","modified_gmt":"2024-04-20T17:21:11","slug":"blaupunkt-p3pm2t2-kannettava-latauskaapeli-3-vaiheinen-tyyppi-2-16a-16","status":"publish","type":"product","link":"https:\/\/voltcarshop.com\/fi\/vare\/blaupunkt-p3pm2t2-kannettava-latauskaapeli-3-vaiheinen-tyyppi-2-16a-16\/","title":{"rendered":"Blaupunkt P3PM2T2 Kannettava latauskaapeli 3-vaiheinen tyyppi 2 16A (16)"},"content":{"rendered":"<p><iframe width=\"100%\" height=\"660\" src=\"https:\/\/www.youtube.com\/embed\/AHE3LQOAQno?rel=0&amp;controls=0&amp;showinfo=0&amp;autoplay=0&amp;loop=1&amp;modestbranding=1\" title=\"YouTube-videosoitin\" frameborder=\"0\" allow=\"accelerometer; clipboard-write; encrypted-media; gyroscope; picture-in-picture; web-share\" referrerpolicy=\"strict-origin-when-cross-origin\" allowfullscreen=\"\"><\/iframe><\/p>\n<p>Blaupunkt P3PM2T2 antaa sinulle maksimaalisen vapauden s\u00e4hk\u00f6auton k\u00e4yt\u00f6ss\u00e4. Lataa autosi kaikkialla, miss\u00e4 sinulla on 400 V:n pistorasia.<\/p>\n<p>Mahdollisuus asettaa ampeerit 8-16A:n v\u00e4lille tarkoittaa, ett\u00e4 voit aina ottaa kaiken irti siit\u00e4, mit\u00e4 k\u00e4ytett\u00e4viss\u00e4 oleva pistoke pystyy tekem\u00e4\u00e4n. T\u00e4m\u00e4 tarkoittaa, ett\u00e4 latausteho voi olla jopa 11 KW.<\/p>\n<p>Sis\u00e4\u00e4nrakennettu RCD-anturi takaa turvallisuuden vikavirtaa vastaan.<\/p>\n<p>Laturi on IP65-sertifioitu, joten se on vesi- ja p\u00f6lytiivis siin\u00e4 m\u00e4\u00e4rin, ett\u00e4 se soveltuu ulkok\u00e4ytt\u00f6\u00f6n l\u00e4hes kaikissa tilanteissa.<\/p>\n<p>Autosi ja laturin suojaamiseksi mukana toimitetaan kuljetuslaukku, jossa laturi voidaan s\u00e4ilytt\u00e4\u00e4 kaikenlaisen kuljetuksen aikana.<\/p>\n<p>Kokonaispituus on 8 metri\u00e4, joten laturi antaa sinulle maksimaalisen joustavuuden autosi pys\u00e4k\u00f6inniss\u00e4.<\/p>\n<p>Sopii kaikkiin s\u00e4hk\u00f6autoihin, joissa on tyypin 2 pistoke.<\/p>\n<h3 class=\"rte_contents\">Sopii useimpiin eurooppalaisiin s\u00e4hk\u00f6autoihin, esim:<\/h3>\n<ul>\n<li>BMW<\/li>\n<li>Audi<\/li>\n<li>Mercedes<\/li>\n<li>Nissan (uudet Leaf-mallit)<\/li>\n<li>Volvo<\/li>\n<li>Tesla<\/li>\n<li>Volkswagen (e-Golf, e-up! ja Passat GTE).<\/li>\n<\/ul>\n","protected":false},"excerpt":{"rendered":"<p>Blaupunkt P3PM2T2 antaa sinulle maksimaalisen vapauden s\u00e4hk\u00f6auton k\u00e4yt\u00f6ss\u00e4. Lataa autosi kaikkialla, miss\u00e4 sinulla on 400 V:n pistorasia.<\/p>\n<p>Mahdollisuus asettaa ampeerit 8-16A:n v\u00e4lille tarkoittaa, ett\u00e4 voit aina ottaa kaiken irti siit\u00e4, mit\u00e4 k\u00e4ytett\u00e4viss\u00e4 oleva pistoke pystyy tekem\u00e4\u00e4n. T\u00e4m\u00e4 tarkoittaa, ett\u00e4 latausteho voi olla jopa 11 KW.<\/p>\n<p><b>Kohokohdat:<br \/>\n<\/b><\/p>\n<ul>\n<li style=\"list-style-type: none;\">\n<ul>\n<li>Siirrett\u00e4v\u00e4t<\/li>\n<li>Lataus 400 V:n pistorasiasta<\/li>\n<li>Tyypin 2 liitin<\/li>\n<li>Kantolaukku mukana<\/li>\n<li>Vesitiivis (IP65)<\/li>\n<li>Max 11 KW teho<\/li>\n<\/ul>\n<\/li>\n<\/ul>\n","protected":false},"featured_media":2328,"template":"","meta":{"_monsterinsights_skip_tracking":false,"_monsterinsights_sitenote_active":false,"_monsterinsights_sitenote_note":"","_monsterinsights_sitenote_category":0,"_uf_show_specific_survey":0,"_uf_disable_surveys":false},"product_brand":[],"product_cat":[465,183],"product_tag":[],"class_list":{"0":"post-2009","1":"product","2":"type-product","3":"status-publish","4":"has-post-thumbnail","6":"product_cat-latauskaapelit-ja-kaapelipidikkeet","7":"product_cat-sahkoautojen-laturit","8":"pa_brandvurdering-ul94-v-0-fi-4","9":"pa_driftstemperatur-30c-50c-fi-3","10":"pa_ean-5714652000350-fi-2","11":"pa_fase-3-vaiheinen","12":"pa_ind_og_ekstration-80nf100n-fi","13":"pa_ip-klasse-65-fi-2","14":"pa_isolationsmodstand-1000m-fi-3","15":"pa_kabel-laengde-8m-fi","16":"pa_kontaktmodstand-alle-05m-fi-2","17":"pa_maerke-blaupunkt-fi-2","18":"pa_materiale-laempoemuovi-silikonikumi-kupariseos-fi","19":"pa_max-kw-110-kw-fi-2","20":"pa_model-nr-p3pm2t2-fi","21":"pa_modstandsspaending-2000v-fi-2","22":"pa_netto-vaegt-2-8kg","23":"pa_nominel-stroem-8-10-13-16a-fi","24":"pa_spaending-380-400v-fi","25":"pa_type-anvendelse-kannettava-ev-laturi","27":"first","28":"instock","29":"sale","30":"taxable","31":"shipping-taxable","32":"purchasable","33":"product-type-simple"},"jetpack_sharing_enabled":true,"_links":{"self":[{"href":"https:\/\/voltcarshop.com\/fi\/wp-json\/wp\/v2\/product\/2009","targetHints":{"allow":["GET"]}}],"collection":[{"href":"https:\/\/voltcarshop.com\/fi\/wp-json\/wp\/v2\/product"}],"about":[{"href":"https:\/\/voltcarshop.com\/fi\/wp-json\/wp\/v2\/types\/product"}],"wp:featuredmedia":[{"embeddable":true,"href":"https:\/\/voltcarshop.com\/fi\/wp-json\/wp\/v2\/media\/2328"}],"wp:attachment":[{"href":"https:\/\/voltcarshop.com\/fi\/wp-json\/wp\/v2\/media?parent=2009"}],"wp:term":[{"taxonomy":"product_brand","embeddable":true,"href":"https:\/\/voltcarshop.com\/fi\/wp-json\/wp\/v2\/product_brand?post=2009"},{"taxonomy":"product_cat","embeddable":true,"href":"https:\/\/voltcarshop.com\/fi\/wp-json\/wp\/v2\/product_cat?post=2009"},{"taxonomy":"product_tag","embeddable":true,"href":"https:\/\/voltcarshop.com\/fi\/wp-json\/wp\/v2\/product_tag?post=2009"}],"curies":[{"name":"wp","href":"https:\/\/api.w.org\/{rel}","templated":true}]}}