{"id":2020,"date":"2021-02-01T23:05:30","date_gmt":"2021-02-01T23:05:30","guid":{"rendered":"https:\/\/voltcarshop.com\/vare\/blaupunkt-b1p16at2-latauskaapeli-1-vaihe-tyyppi-2-16a-11\/"},"modified":"2024-04-20T17:21:10","modified_gmt":"2024-04-20T17:21:10","slug":"blaupunkt-b1p16at2-latauskaapeli-1-vaihe-tyyppi-2-16a-11","status":"publish","type":"product","link":"https:\/\/voltcarshop.com\/fi\/vare\/blaupunkt-b1p16at2-latauskaapeli-1-vaihe-tyyppi-2-16a-11\/","title":{"rendered":"Blaupunkt B1P16AT2 latauskaapeli 1 vaihe tyyppi 2 16A (11)"},"content":{"rendered":"<p>Blaupunktin latauskaapeli malli B1P16AT2 on yksivaiheinen latauskaapeli s\u00e4hk\u00f6autoille. Kaapelia k\u00e4ytet\u00e4\u00e4n latausaseman ja s\u00e4hk\u00f6auton v\u00e4lill\u00e4. Se sopii autoihin, joissa on tyypin 2 pistokkeet, ja sen nimellisj\u00e4nnite on 16 A (250 V). 16A:n kapasiteetti tarjoaa jopa 3,7 KW:n tehon.<\/p>\n<p>Kaapeli on 2 metri\u00e4 pitk\u00e4.<\/p>\n<p>Blaupunktin latauskaapeli t\u00e4ytt\u00e4\u00e4 IP54-luokan vaatimukset, joten sit\u00e4 voi k\u00e4ytt\u00e4\u00e4 ulkona kaikissa s\u00e4\u00e4olosuhteissa.<\/p>\n<h3 class=\"rte_contents\">Sopii useimpiin eurooppalaisiin s\u00e4hk\u00f6autoihin, esim:<\/h3>\n<ul>\n<li>BMW<\/li>\n<li>Audi<\/li>\n<li>Mercedes<\/li>\n<li>Nissan (uudet Leaf-mallit)<\/li>\n<li>Volvo<\/li>\n<li>Tesla<\/li>\n<li>Volkswagen (e-Golf, e-up! ja Passat GTE).<\/li>\n<\/ul>\n","protected":false},"excerpt":{"rendered":"<ul>\n<li>Blaupunktin latauskaapeli malli B1P16AT2 s\u00e4hk\u00f6autoihin, joissa on Type 2 -pistoke.<\/li>\n<li>Kaapeli on yksivaiheinen latauskaapeli, ja se on 16A (250V), joka tuottaa jopa 3,7 KW tehoa.<\/li>\n<li>Se on 2 metri\u00e4 pitk\u00e4.<\/li>\n<li>IP54-luokitus, joten kaapelia voidaan k\u00e4ytt\u00e4\u00e4 ulkona kaikissa s\u00e4\u00e4olosuhteissa.<\/li>\n<li>Sopii useimpiin eurooppalaisiin s\u00e4hk\u00f6autoihin<\/li>\n<\/ul>\n","protected":false},"featured_media":1153,"template":"","meta":{"_monsterinsights_skip_tracking":false,"_monsterinsights_sitenote_active":false,"_monsterinsights_sitenote_note":"","_monsterinsights_sitenote_category":0,"_uf_show_specific_survey":0,"_uf_disable_surveys":false},"product_brand":[],"product_cat":[465,183],"product_tag":[],"class_list":{"0":"post-2020","1":"product","2":"type-product","3":"status-publish","4":"has-post-thumbnail","6":"product_cat-latauskaapelit-ja-kaapelipidikkeet","7":"product_cat-sahkoautojen-laturit","8":"pa_brandvurdering-ul94-v-0-fi-4","9":"pa_driftstemperatur-30c-50c-fi-3","10":"pa_ean-5714652000190-fi-2","11":"pa_fase-1-vaiheinen-fi-2","12":"pa_ind_og_ekstration-80nf100n-fi","13":"pa_ip-klasse-54-fi-2","14":"pa_isolationsmodstand-1000m-fi-3","15":"pa_kabel-laengde-2m-fi-2","16":"pa_kontaktmodstand-alle-05m-fi-2","17":"pa_maerke-blaupunkt-fi-2","18":"pa_materiale-laempoemuovi-silikonikumi-kupariseos-fi","19":"pa_max-kw-37-kw-fi-2","20":"pa_model-nr-b1p16at2-fi","21":"pa_modstandsspaending-2000v-fi-2","22":"pa_netto-vaegt-1-3kg","23":"pa_nominel-stroem-16a-fi","24":"pa_spaending-220v-250v-fi","25":"pa_type-anvendelse-tyyppi-2-tyypille-2","27":"first","28":"instock","29":"taxable","30":"shipping-taxable","31":"purchasable","32":"product-type-simple"},"jetpack_sharing_enabled":true,"_links":{"self":[{"href":"https:\/\/voltcarshop.com\/fi\/wp-json\/wp\/v2\/product\/2020","targetHints":{"allow":["GET"]}}],"collection":[{"href":"https:\/\/voltcarshop.com\/fi\/wp-json\/wp\/v2\/product"}],"about":[{"href":"https:\/\/voltcarshop.com\/fi\/wp-json\/wp\/v2\/types\/product"}],"wp:featuredmedia":[{"embeddable":true,"href":"https:\/\/voltcarshop.com\/fi\/wp-json\/wp\/v2\/media\/1153"}],"wp:attachment":[{"href":"https:\/\/voltcarshop.com\/fi\/wp-json\/wp\/v2\/media?parent=2020"}],"wp:term":[{"taxonomy":"product_brand","embeddable":true,"href":"https:\/\/voltcarshop.com\/fi\/wp-json\/wp\/v2\/product_brand?post=2020"},{"taxonomy":"product_cat","embeddable":true,"href":"https:\/\/voltcarshop.com\/fi\/wp-json\/wp\/v2\/product_cat?post=2020"},{"taxonomy":"product_tag","embeddable":true,"href":"https:\/\/voltcarshop.com\/fi\/wp-json\/wp\/v2\/product_tag?post=2020"}],"curies":[{"name":"wp","href":"https:\/\/api.w.org\/{rel}","templated":true}]}}