{"id":2030,"date":"2024-03-26T19:39:45","date_gmt":"2024-03-26T19:39:45","guid":{"rendered":"https:\/\/voltcarshop.com\/vare\/blaupunkt-awb1p16at2rcm-seinaelatausasema-tyyppi-2-1-vaihe-19\/"},"modified":"2024-04-20T17:20:56","modified_gmt":"2024-04-20T17:20:56","slug":"blaupunkt-awb1p16at2rcm-seinaelatausasema-tyyppi-2-1-vaihe-19","status":"publish","type":"product","link":"https:\/\/voltcarshop.com\/fi\/vare\/blaupunkt-awb1p16at2rcm-seinaelatausasema-tyyppi-2-1-vaihe-19\/","title":{"rendered":"Blaupunkt AWB1P16AT2RCM sein\u00e4latausasema tyyppi 2 &#8211; 1 vaihe (19)"},"content":{"rendered":"<p>Blaupunktin latausasema malli AWB1P16AT2RCM on tarkoitettu kotiasennukseen, joten voit ladata s\u00e4hk\u00f6autosi helposti kotona. Latausasema on sein\u00e4kiinnitteinen ja IP55-luokan mukainen, joten se voidaan asentaa sek\u00e4 sis\u00e4- ett\u00e4 ulkotiloihin.<\/p>\n<p>T\u00e4m\u00e4 Blaupunktin latausasema on suunniteltu turvallisuutta ja helppok\u00e4ytt\u00f6isyytt\u00e4 silm\u00e4ll\u00e4 pit\u00e4en. Sis\u00e4\u00e4nrakennettu 6mA DC RCM ei ainoastaan anna parasta mahdollista suojaa kotiisi, vaan se my\u00f6s s\u00e4\u00e4st\u00e4\u00e4 sinut B-tyypin vikavirtareleen asentamiselta.<\/p>\n<p>Blaupunktin latausasema on suunniteltu turvallisuutta ja helppok\u00e4ytt\u00f6isyytt\u00e4 silm\u00e4ll\u00e4 pit\u00e4en. Siin\u00e4 on sis\u00e4\u00e4nrakennettu B-tyypin vikavirtarele, joka antaa parhaan mahdollisen suojan kotiisi ja s\u00e4\u00e4st\u00e4\u00e4 sinut ylim\u00e4\u00e4r\u00e4isen releen asentamiselta s\u00e4hk\u00f6kaappiin.<\/p>\n<p>Latausasemaa voidaan s\u00e4\u00e4t\u00e4\u00e4 8A:n ja 16A:n v\u00e4lill\u00e4, jolloin voit ladata jopa 3,7 KW:n tehon.<\/p>\n<p><strong>NB!<\/strong>  Valtuutetun s\u00e4hk\u00f6asentajan on asennettava latausasema.<\/p>\n<p><strong>NB!<\/strong>  Jalusta ei sis\u00e4lly, se on ostettava erikseen.<\/p>\n<h3 class=\"rte_contents\">Sopii kaikkiin autoihin, joissa on tyypin 2 tulpat. Esimerkiksi useimmat eurooppalaiset s\u00e4hk\u00f6autot ovat:<\/h3>\n<ul>\n<li>BMW<\/li>\n<li>Audi<\/li>\n<li>Mercedes<\/li>\n<li>Nissan (uudet Leaf-mallit)<\/li>\n<li>Volvo<\/li>\n<li>Tesla<\/li>\n<li>Volkswagen (e-Golf, e-up! ja Passat GTE).<\/li>\n<\/ul>\n","protected":false},"excerpt":{"rendered":"<ul>\n<li>Blaupunktin latausasema malli AWB1P16AT2RCM kotiasennukseen, jolla voit helposti ladata s\u00e4hk\u00f6autosi.<\/li>\n<li>Sopii s\u00e4hk\u00f6autoihin, joissa on tyypin 2 pistokkeet &#8211; ja t\u00e4m\u00e4 koskee useimpia eurooppalaisia s\u00e4hk\u00f6autoja.<\/li>\n<li>Sis\u00e4\u00e4nrakennettu B-tyypin vikavirtarele suojaa parhaalla mahdollisella tavalla ja s\u00e4\u00e4st\u00e4\u00e4 s\u00e4hk\u00f6kaappiin asennettavilta lis\u00e4releilt\u00e4.<\/li>\n<li>S\u00e4\u00e4dett\u00e4viss\u00e4 8A:n ja 16A:n v\u00e4lill\u00e4, jolloin lataus on mahdollista jopa 3,7 KW:n teholla.<\/li>\n<li><strong>NB!<\/strong>  Latausaseman on oltava valtuutetun s\u00e4hk\u00f6asentajan asentama.<\/li>\n<\/ul>\n","protected":false},"featured_media":1422,"template":"","meta":{"_monsterinsights_skip_tracking":false,"_monsterinsights_sitenote_active":false,"_monsterinsights_sitenote_note":"","_monsterinsights_sitenote_category":0,"_uf_show_specific_survey":0,"_uf_disable_surveys":false},"product_brand":[],"product_cat":[477,183],"product_tag":[],"class_list":{"0":"post-2030","1":"product","2":"type-product","3":"status-publish","4":"has-post-thumbnail","6":"product_cat-latauslaatikot-fi-2","7":"product_cat-sahkoautojen-laturit","8":"pa_driftstemperatur-40c-45c-fi-4","9":"pa_ean-5714652000381-fi","10":"pa_fase-1-vaiheinen-fi-2","11":"pa_frekvens-50-60hz-fi-4","12":"pa_ip-klasse-55-44-fi-3","13":"pa_koeling-luonnollinen-jaeaehdytys","14":"pa_maerke-blaupunkt-fi-2","15":"pa_max-kw-37-kw-fi-2","16":"pa_model-nr-awb1p16at2rcm-fi","17":"pa_netto-vaegt-4-9kg","18":"pa_nominel-stroem-8-16a-fi-2","19":"pa_rccb-tyyppi-b-fi","20":"pa_spaending-ac23010-fi-2","21":"pa_type-anvendelse-latausasema-tyyppi-2","22":"pa_vekselstroem-ac-1pnpe-fi","24":"first","25":"instock","26":"sale","27":"taxable","28":"shipping-taxable","29":"purchasable","30":"product-type-simple"},"jetpack_sharing_enabled":true,"_links":{"self":[{"href":"https:\/\/voltcarshop.com\/fi\/wp-json\/wp\/v2\/product\/2030","targetHints":{"allow":["GET"]}}],"collection":[{"href":"https:\/\/voltcarshop.com\/fi\/wp-json\/wp\/v2\/product"}],"about":[{"href":"https:\/\/voltcarshop.com\/fi\/wp-json\/wp\/v2\/types\/product"}],"wp:featuredmedia":[{"embeddable":true,"href":"https:\/\/voltcarshop.com\/fi\/wp-json\/wp\/v2\/media\/1422"}],"wp:attachment":[{"href":"https:\/\/voltcarshop.com\/fi\/wp-json\/wp\/v2\/media?parent=2030"}],"wp:term":[{"taxonomy":"product_brand","embeddable":true,"href":"https:\/\/voltcarshop.com\/fi\/wp-json\/wp\/v2\/product_brand?post=2030"},{"taxonomy":"product_cat","embeddable":true,"href":"https:\/\/voltcarshop.com\/fi\/wp-json\/wp\/v2\/product_cat?post=2030"},{"taxonomy":"product_tag","embeddable":true,"href":"https:\/\/voltcarshop.com\/fi\/wp-json\/wp\/v2\/product_tag?post=2030"}],"curies":[{"name":"wp","href":"https:\/\/api.w.org\/{rel}","templated":true}]}}