{"id":2403,"date":"2021-01-30T12:00:45","date_gmt":"2021-01-30T12:00:45","guid":{"rendered":"https:\/\/voltcarshop.com\/vare\/blaupunkt-a1p16at1-latauskaapeli-1-vaihe-tyyppi-1-16a-1-1\/"},"modified":"2024-04-20T17:20:55","modified_gmt":"2024-04-20T17:20:55","slug":"blaupunkt-a1p16at1-latauskaapeli-1-vaihe-tyyppi-1-16a-1-1","status":"publish","type":"product","link":"https:\/\/voltcarshop.com\/fi\/vare\/blaupunkt-a1p16at1-latauskaapeli-1-vaihe-tyyppi-1-16a-1-1\/","title":{"rendered":"Blaupunkt A1P16AT1 latauskaapeli 1 vaihe tyyppi 1 16A (1) (1)"},"content":{"rendered":"<h2 class=\"rte_contents\">Blaupunktin latauskaapeli A1P16AT1 s\u00e4hk\u00f6autoihin<\/h2>\n<p>Blaupunktin latauskaapeli malli A1P16AT1 on yksivaiheinen latauskaapeli s\u00e4hk\u00f6autoille. Kaapelia k\u00e4ytet\u00e4\u00e4n latausaseman ja s\u00e4hk\u00f6auton v\u00e4lill\u00e4. Se sopii autoihin, joissa on tyypin 1 pistokkeet, ja sen nimellisj\u00e4nnite on 16 A (250 V). 16A:n kapasiteetti tarjoaa jopa 3,7 KW:n tehon.<\/p>\n<p>Kaapeli on 8 metri\u00e4 pitk\u00e4, joten se ulottuu auton ymp\u00e4rille ja antaa sinulle maksimaalisen joustavuuden. Blaupunktin latauskaapeli t\u00e4ytt\u00e4\u00e4 IP54-luokan vaatimukset, joten sit\u00e4 voi k\u00e4ytt\u00e4\u00e4 ulkona kaikissa s\u00e4\u00e4olosuhteissa.<\/p>\n<p>Mukana tulee k\u00e4yt\u00e4nn\u00f6llinen kuljetuslaukku, joka suojaa sek\u00e4 laturia ett\u00e4 autoa kuljetuksen aikana.<\/p>\n<h3 class=\"rte_contents\">Sopii moniin aasialaisiin s\u00e4hk\u00f6autoihin sek\u00e4 joihinkin eurooppalaisiin s\u00e4hk\u00f6autoihin, esim:<\/h3>\n<ul>\n<li>Mitsubishi (Outlander PHEV, iMiev)<\/li>\n<li>Nissan (vanhemmat Leaf-mallit)<\/li>\n<li>Ford Focus Electric<\/li>\n<li>Peugeot (Ion, Partner)<\/li>\n<li>Renault Kangoo<\/li>\n<li>Toyota Prius<\/li>\n<li>Kia Soul<\/li>\n<\/ul>\n","protected":false},"excerpt":{"rendered":"<ul>\n<li>Blaupunktin latauskaapeli malli A1P16AT1 s\u00e4hk\u00f6autoihin, joissa on tyypin 1 pistoke.<\/li>\n<li>Kaapeli on yksivaiheinen latauskaapeli, ja se on 16A (250V), joka tuottaa jopa 3,7 KW tehoa.<\/li>\n<li>Se on 8 metri\u00e4 pitk\u00e4 ja tarjoaa maksimaalisen joustavuuden, sill\u00e4 se ulottuu auton ymp\u00e4rille.<\/li>\n<li>IP54-luokiteltu, joten kaapelia voidaan k\u00e4ytt\u00e4\u00e4 ulkona kaikissa s\u00e4\u00e4olosuhteissa, ja se on pakattu k\u00e4tev\u00e4\u00e4n kantolaukkuun.<\/li>\n<li>Sopii moniin aasialaisiin ja joihinkin eurooppalaisiin s\u00e4hk\u00f6autoihin.<\/li>\n<\/ul>\n","protected":false},"featured_media":1038,"template":"","meta":{"_monsterinsights_skip_tracking":false,"_monsterinsights_sitenote_active":false,"_monsterinsights_sitenote_note":"","_monsterinsights_sitenote_category":0,"_uf_show_specific_survey":0,"_uf_disable_surveys":false},"product_brand":[],"product_cat":[465,183],"product_tag":[],"class_list":{"0":"post-2403","1":"product","2":"type-product","3":"status-publish","4":"has-post-thumbnail","6":"product_cat-latauskaapelit-ja-kaapelipidikkeet","7":"product_cat-sahkoautojen-laturit","8":"pa_brandvurdering-ul94-v-0-fi-4","9":"pa_driftstemperatur-30c-50c-fi-3","10":"pa_ean-5714652000077-fi","11":"pa_fase-1-vaiheinen-fi-2","12":"pa_ind_og_ekstration-80nf100n-fi","13":"pa_ip-klasse-54-fi-2","14":"pa_isolationsmodstand-1000m-fi-3","15":"pa_kabel-laengde-8m-fi","16":"pa_kontaktmodstand-alle-05m-fi-2","17":"pa_maerke-blaupunkt-fi-2","18":"pa_materiale-laempoemuovi-silikonikumi-kupariseos-fi","19":"pa_max-kw-37-kw-fi-2","20":"pa_model-nr-a1p16at1-fi","21":"pa_modstandsspaending-2000v-fi-2","22":"pa_netto-vaegt-1-8kg","23":"pa_nominel-stroem-16a-fi","24":"pa_spaending-110v-250v-fi","25":"pa_type-anvendelse-tyyppi-1-tyyppi-2","27":"first","28":"instock","29":"taxable","30":"shipping-taxable","31":"purchasable","32":"product-type-simple"},"jetpack_sharing_enabled":true,"_links":{"self":[{"href":"https:\/\/voltcarshop.com\/fi\/wp-json\/wp\/v2\/product\/2403","targetHints":{"allow":["GET"]}}],"collection":[{"href":"https:\/\/voltcarshop.com\/fi\/wp-json\/wp\/v2\/product"}],"about":[{"href":"https:\/\/voltcarshop.com\/fi\/wp-json\/wp\/v2\/types\/product"}],"wp:featuredmedia":[{"embeddable":true,"href":"https:\/\/voltcarshop.com\/fi\/wp-json\/wp\/v2\/media\/1038"}],"wp:attachment":[{"href":"https:\/\/voltcarshop.com\/fi\/wp-json\/wp\/v2\/media?parent=2403"}],"wp:term":[{"taxonomy":"product_brand","embeddable":true,"href":"https:\/\/voltcarshop.com\/fi\/wp-json\/wp\/v2\/product_brand?post=2403"},{"taxonomy":"product_cat","embeddable":true,"href":"https:\/\/voltcarshop.com\/fi\/wp-json\/wp\/v2\/product_cat?post=2403"},{"taxonomy":"product_tag","embeddable":true,"href":"https:\/\/voltcarshop.com\/fi\/wp-json\/wp\/v2\/product_tag?post=2403"}],"curies":[{"name":"wp","href":"https:\/\/api.w.org\/{rel}","templated":true}]}}