{"id":2617,"date":"2024-04-18T12:07:07","date_gmt":"2024-04-18T12:07:07","guid":{"rendered":"https:\/\/voltcarshop.com\/?post_type=product&#038;p=2617"},"modified":"2024-04-20T17:21:11","modified_gmt":"2024-04-20T17:21:11","slug":"blaupunkt-p3pm2t2-kannettava-latauskaapeli-3-vaiheinen-tyyppi-2-16a-16-kopier-kopier","status":"publish","type":"product","link":"https:\/\/voltcarshop.com\/fi\/vare\/blaupunkt-p3pm2t2-kannettava-latauskaapeli-3-vaiheinen-tyyppi-2-16a-16-kopier-kopier\/","title":{"rendered":"Blaupunkt P1PM2T2 Siirrett\u00e4v\u00e4 latauskaapeli 1 vaihe Tyyppi 2 6A (14 &#8211; DK230V)"},"content":{"rendered":"<p>Blaupunkt P1PM2T2 antaa sinulle maksimaalisen vapauden s\u00e4hk\u00f6auton k\u00e4yt\u00f6ss\u00e4. Lataa autosi kaikkialla, miss\u00e4 sinulla on 230 V:n pistorasia.<\/p>\n<p>6 ampeeria tarjoaa 1,4 KW lataustehoa.<\/p>\n<p>Sis\u00e4\u00e4nrakennettu RCD-anturi takaa turvallisuuden vikavirtaa vastaan.<\/p>\n<p>Laturi on IP54-sertifioitu, joten se kest\u00e4\u00e4 vett\u00e4 ja p\u00f6ly\u00e4 niin hyvin, ett\u00e4 se soveltuu ulkok\u00e4ytt\u00f6\u00f6n l\u00e4hes kaikissa tilanteissa.<\/p>\n<p>Autosi ja laturin suojaamiseksi mukana toimitetaan kuljetuslaukku, jossa laturi voidaan s\u00e4ilytt\u00e4\u00e4 kaikenlaisen kuljetuksen aikana.<\/p>\n<p>Kokonaispituus on 8 metri\u00e4, joten laturi antaa sinulle maksimaalisen joustavuuden autosi pys\u00e4k\u00f6inniss\u00e4.<\/p>\n<p>Sopii kaikkiin s\u00e4hk\u00f6autoihin, joissa on tyypin 2 pistoke.<\/p>\n<h3 class=\"rte_contents\">Sopii useimpiin eurooppalaisiin s\u00e4hk\u00f6autoihin, esim:<\/h3>\n<ul>\n<li>BMW<\/li>\n<li>Audi<\/li>\n<li>Mercedes<\/li>\n<li>Nissan (uudet Leaf-mallit)<\/li>\n<li>Volvo<\/li>\n<li>Tesla<\/li>\n<li>Volkswagen (e-Golf, e-up! ja Passat GTE).<\/li>\n<\/ul>\n","protected":false},"excerpt":{"rendered":"<p>Blaupunkt P1PM2T2 antaa sinulle maksimaalisen vapauden s\u00e4hk\u00f6auton k\u00e4yt\u00f6ss\u00e4. Lataa autosi kaikkialla, miss\u00e4 sinulla on 230 V:n pistorasia.<\/p>\n<p>6 ampeeria tarjoaa 1,4 KW lataustehoa.<\/p>\n<p><b>Kohokohdat:<br \/>\n<\/b><\/p>\n<ul>\n<li style=\"list-style-type: none;\">\n<ul>\n<li>Siirrett\u00e4v\u00e4t<\/li>\n<li>Lataa 230 V:n pistorasiasta.<\/li>\n<li>Tyypin 2 liitin<\/li>\n<li>Kantolaukku mukana<\/li>\n<li>Vesitiivis (IP54)<\/li>\n<li>Max 1,4 KW teho<\/li>\n<\/ul>\n<\/li>\n<\/ul>\n","protected":false},"featured_media":2635,"template":"","meta":{"_monsterinsights_skip_tracking":false,"_monsterinsights_sitenote_active":false,"_monsterinsights_sitenote_note":"","_monsterinsights_sitenote_category":0,"_uf_show_specific_survey":0,"_uf_disable_surveys":false},"product_brand":[],"product_cat":[465,183],"product_tag":[],"class_list":{"0":"post-2617","1":"product","2":"type-product","3":"status-publish","4":"has-post-thumbnail","6":"product_cat-latauskaapelit-ja-kaapelipidikkeet","7":"product_cat-sahkoautojen-laturit","8":"pa_brandvurdering-ul94-v-0-fi-4","9":"pa_driftstemperatur-30c-50c-fi-3","10":"pa_ean-5714652000336-fi","11":"pa_fase-1-vaiheinen-fi-2","12":"pa_ind_og_ekstration-80nf100n-fi","13":"pa_ip-klasse-54-fi-3","14":"pa_isolationsmodstand-1000m-fi-3","15":"pa_kabel-laengde-8m-fi","16":"pa_kontaktmodstand-alle-05m-fi-2","17":"pa_maerke-blaupunkt-fi-2","18":"pa_materiale-laempoemuovi-silikonikumi-kupariseos-fi","19":"pa_max-kw-37-kw-fi-3","20":"pa_model-nr-p1pm2t2-fi","21":"pa_modstandsspaending-2000v-fi-2","22":"pa_netto-vaegt-30-kg-fi","23":"pa_nominel-stroem-8-10-13-16a-fi","24":"pa_spaending-200v-250v-fi","25":"pa_type-anvendelse-kannettava-ev-laturi","27":"first","28":"instock","29":"taxable","30":"shipping-taxable","31":"purchasable","32":"product-type-simple"},"jetpack_sharing_enabled":true,"_links":{"self":[{"href":"https:\/\/voltcarshop.com\/fi\/wp-json\/wp\/v2\/product\/2617","targetHints":{"allow":["GET"]}}],"collection":[{"href":"https:\/\/voltcarshop.com\/fi\/wp-json\/wp\/v2\/product"}],"about":[{"href":"https:\/\/voltcarshop.com\/fi\/wp-json\/wp\/v2\/types\/product"}],"wp:featuredmedia":[{"embeddable":true,"href":"https:\/\/voltcarshop.com\/fi\/wp-json\/wp\/v2\/media\/2635"}],"wp:attachment":[{"href":"https:\/\/voltcarshop.com\/fi\/wp-json\/wp\/v2\/media?parent=2617"}],"wp:term":[{"taxonomy":"product_brand","embeddable":true,"href":"https:\/\/voltcarshop.com\/fi\/wp-json\/wp\/v2\/product_brand?post=2617"},{"taxonomy":"product_cat","embeddable":true,"href":"https:\/\/voltcarshop.com\/fi\/wp-json\/wp\/v2\/product_cat?post=2617"},{"taxonomy":"product_tag","embeddable":true,"href":"https:\/\/voltcarshop.com\/fi\/wp-json\/wp\/v2\/product_tag?post=2617"}],"curies":[{"name":"wp","href":"https:\/\/api.w.org\/{rel}","templated":true}]}}