{"id":2650,"date":"2024-04-18T10:09:04","date_gmt":"2024-04-18T10:09:04","guid":{"rendered":"https:\/\/voltcarshop.com\/vare\/yleispidike-bchv1m2-ev-tyypin-2-liittimille\/"},"modified":"2024-04-20T17:21:11","modified_gmt":"2024-04-20T17:21:11","slug":"yleispidike-bchv1m2-ev-tyypin-2-liittimille","status":"publish","type":"product","link":"https:\/\/voltcarshop.com\/fi\/vare\/yleispidike-bchv1m2-ev-tyypin-2-liittimille\/","title":{"rendered":"Yleispidike BCHV1M2 EV-tyypin 2 liittimille"},"content":{"rendered":"<p>T\u00e4m\u00e4 yleispidike sopii mihin tahansa latausasemaan, ja se sopii useimpiin kaapeleihin, joissa on tyypin 2 liittimet. Monipuolinen muotoilu takaa latauspistokkeen turvallisen ja vakaan s\u00e4ilytyksen, joten se on olennainen lis\u00e4, joka pit\u00e4\u00e4 latausasemasi j\u00e4rjestyksess\u00e4 ja tehokkaana.<\/p>\n<p><strong>Painotiedot:<\/strong><\/p>\n<ul>\n<li>Bruttopaino (GW): 1,20 kg.<\/li>\n<li>Nettopaino (NW): 0.80kg.<\/li>\n<\/ul>\n<p>T\u00e4m\u00e4n k\u00e4yt\u00e4nn\u00f6llisen ja vankan pidikkeen avulla tyypin 2 pistoke on aina suojattu ja helposti saatavilla.<\/p>\n","protected":false},"excerpt":{"rendered":"<p>T\u00e4m\u00e4 yleispidike sopii mihin tahansa latausasemaan, ja se sopii useimpiin kaapeleihin, joissa on tyypin 2 liittimet. Monipuolinen muotoilu takaa latauspistokkeen turvallisen ja vakaan s\u00e4ilytyksen, joten se on olennainen lis\u00e4, joka pit\u00e4\u00e4 latausasemasi j\u00e4rjestyksess\u00e4 ja tehokkaana.<\/p>\n","protected":false},"featured_media":2556,"template":"","meta":{"_monsterinsights_skip_tracking":false,"_monsterinsights_sitenote_active":false,"_monsterinsights_sitenote_note":"","_monsterinsights_sitenote_category":0,"_uf_show_specific_survey":0,"_uf_disable_surveys":false},"product_brand":[],"product_cat":[909],"product_tag":[],"class_list":{"0":"post-2650","1":"product","2":"type-product","3":"status-publish","4":"has-post-thumbnail","6":"product_cat-lisatarvikkeet","8":"first","9":"instock","10":"taxable","11":"shipping-taxable","12":"purchasable","13":"product-type-simple"},"jetpack_sharing_enabled":true,"_links":{"self":[{"href":"https:\/\/voltcarshop.com\/fi\/wp-json\/wp\/v2\/product\/2650","targetHints":{"allow":["GET"]}}],"collection":[{"href":"https:\/\/voltcarshop.com\/fi\/wp-json\/wp\/v2\/product"}],"about":[{"href":"https:\/\/voltcarshop.com\/fi\/wp-json\/wp\/v2\/types\/product"}],"wp:featuredmedia":[{"embeddable":true,"href":"https:\/\/voltcarshop.com\/fi\/wp-json\/wp\/v2\/media\/2556"}],"wp:attachment":[{"href":"https:\/\/voltcarshop.com\/fi\/wp-json\/wp\/v2\/media?parent=2650"}],"wp:term":[{"taxonomy":"product_brand","embeddable":true,"href":"https:\/\/voltcarshop.com\/fi\/wp-json\/wp\/v2\/product_brand?post=2650"},{"taxonomy":"product_cat","embeddable":true,"href":"https:\/\/voltcarshop.com\/fi\/wp-json\/wp\/v2\/product_cat?post=2650"},{"taxonomy":"product_tag","embeddable":true,"href":"https:\/\/voltcarshop.com\/fi\/wp-json\/wp\/v2\/product_tag?post=2650"}],"curies":[{"name":"wp","href":"https:\/\/api.w.org\/{rel}","templated":true}]}}