{"id":2652,"date":"2024-04-18T09:46:11","date_gmt":"2024-04-18T09:46:11","guid":{"rendered":"https:\/\/voltcarshop.com\/vare\/seinaekiinnike-kannettaville-saehkoeauton-latureille-b1wmsm2\/"},"modified":"2024-04-20T17:21:11","modified_gmt":"2024-04-20T17:21:11","slug":"seinaekiinnike-kannettaville-saehkoeauton-latureille-b1wmsm2","status":"publish","type":"product","link":"https:\/\/voltcarshop.com\/fi\/vare\/seinaekiinnike-kannettaville-saehkoeauton-latureille-b1wmsm2\/","title":{"rendered":"Sein\u00e4kiinnike kannettaville s\u00e4hk\u00f6auton latureille B1WMSM2"},"content":{"rendered":"<p>T\u00e4m\u00e4 vankka sein\u00e4kiinnike on suunniteltu pit\u00e4m\u00e4\u00e4n kannettavia s\u00e4hk\u00f6autolatureita turvallisesti ja tehokkaasti. Se on ihanteellinen ratkaisu autotallin tai latausaseman j\u00e4rjest\u00e4miseen ja varmistaa, ett\u00e4 laturit ovat aina helposti saatavilla ja s\u00e4ilytett\u00e4viss\u00e4.<\/p>\n<p>Voidaan k\u00e4ytt\u00e4\u00e4 seuraavien Blaupunkt-mallien kanssa:<\/p>\n<p><strong>Blaupunkt P1PM2T2<\/strong><br \/>\n<strong>Blaupunkt P3PM2T2<\/strong><br \/>\n<strong>Blaupunkt P3P6MT2<\/strong><\/p>\n<p><strong>Painotiedot:<\/strong><\/p>\n<p>Bruttopaino (GW): 1,20 kg.<br \/>\nNettopaino (NW): 0.80kg.<\/p>\n<p>Pid\u00e4 EV-laturit j\u00e4rjestyksess\u00e4 ja k\u00e4ytt\u00f6valmiina t\u00e4m\u00e4n k\u00e4tev\u00e4n sein\u00e4telineen avulla.<\/p>\n","protected":false},"excerpt":{"rendered":"<p>Pid\u00e4 EV-laturit j\u00e4rjestyksess\u00e4 ja k\u00e4ytt\u00f6valmiina t\u00e4m\u00e4n k\u00e4tev\u00e4n sein\u00e4telineen avulla.<\/p>\n<p><strong>Sopii:<\/strong><\/p>\n<p>Blaupunkt P1PM2T2<br \/>\nBlaupunkt P3PM2T2<br \/>\nBlaupunkt P3P6MT2<\/p>\n","protected":false},"featured_media":2531,"template":"","meta":{"_monsterinsights_skip_tracking":false,"_monsterinsights_sitenote_active":false,"_monsterinsights_sitenote_note":"","_monsterinsights_sitenote_category":0,"_uf_show_specific_survey":0,"_uf_disable_surveys":false},"product_brand":[],"product_cat":[909],"product_tag":[],"class_list":{"0":"post-2652","1":"product","2":"type-product","3":"status-publish","4":"has-post-thumbnail","6":"product_cat-lisatarvikkeet","8":"first","9":"instock","10":"taxable","11":"shipping-taxable","12":"purchasable","13":"product-type-simple"},"jetpack_sharing_enabled":true,"_links":{"self":[{"href":"https:\/\/voltcarshop.com\/fi\/wp-json\/wp\/v2\/product\/2652","targetHints":{"allow":["GET"]}}],"collection":[{"href":"https:\/\/voltcarshop.com\/fi\/wp-json\/wp\/v2\/product"}],"about":[{"href":"https:\/\/voltcarshop.com\/fi\/wp-json\/wp\/v2\/types\/product"}],"wp:featuredmedia":[{"embeddable":true,"href":"https:\/\/voltcarshop.com\/fi\/wp-json\/wp\/v2\/media\/2531"}],"wp:attachment":[{"href":"https:\/\/voltcarshop.com\/fi\/wp-json\/wp\/v2\/media?parent=2652"}],"wp:term":[{"taxonomy":"product_brand","embeddable":true,"href":"https:\/\/voltcarshop.com\/fi\/wp-json\/wp\/v2\/product_brand?post=2652"},{"taxonomy":"product_cat","embeddable":true,"href":"https:\/\/voltcarshop.com\/fi\/wp-json\/wp\/v2\/product_cat?post=2652"},{"taxonomy":"product_tag","embeddable":true,"href":"https:\/\/voltcarshop.com\/fi\/wp-json\/wp\/v2\/product_tag?post=2652"}],"curies":[{"name":"wp","href":"https:\/\/api.w.org\/{rel}","templated":true}]}}