{"id":1736,"date":"2020-04-22T18:25:44","date_gmt":"2020-04-22T18:25:44","guid":{"rendered":"https:\/\/voltcarshop.com\/retningslinjer-for-personvern\/"},"modified":"2024-04-14T12:24:15","modified_gmt":"2024-04-14T12:24:15","slug":"retningslinjer-for-personvern","status":"publish","type":"page","link":"https:\/\/voltcarshop.com\/no\/retningslinjer-for-personvern\/","title":{"rendered":"Retningslinjer for personvern"},"content":{"rendered":"\n<h3 class=\"wp-block-heading\">Om disse retningslinjene for informasjonskapsler<\/h3>\n\n<p>Disse retningslinjene for informasjonskapsler forklarer hva informasjonskapsler er og hvordan vi bruker dem, hvilke typer informasjonskapsler vi bruker, dvs. hvilken informasjon vi samler inn ved hjelp av informasjonskapsler og hvordan denne informasjonen brukes, og hvordan du kontrollerer innstillingene for informasjonskapsler. For mer informasjon om hvordan vi bruker, lagrer og oppbevarer personopplysningene dine, vennligst se v\u00e5r personvernerkl\u00e6ring.Du kan n\u00e5r som helst endre eller trekke tilbake samtykket ditt fra cookie-erkl\u00e6ringen p\u00e5 nettstedet v\u00e5rt.Les mer om hvem vi er, hvordan du kan kontakte oss og hvordan vi behandler personopplysninger i v\u00e5r personvernerkl\u00e6ring.Ditt samtykke gjelder for f\u00f8lgende domener: thycykler.dk<\/p>\n\n<h3 class=\"wp-block-heading\">Hva er informasjonskapsler?<\/h3>\n\n<p>Informasjonskapsler er sm\u00e5 tekstfiler som brukes til \u00e5 lagre sm\u00e5 biter av informasjon. De lagres p\u00e5 enheten din n\u00e5r nettstedet lastes inn i nettleseren din. Disse informasjonskapslene hjelper oss med \u00e5 f\u00e5 nettstedet til \u00e5 fungere som det skal, gj\u00f8re det sikrere, gi en bedre brukeropplevelse, forst\u00e5 hvordan nettstedet fungerer og analysere hva som fungerer og hva som b\u00f8r forbedres.<\/p>\n\n<h3 class=\"wp-block-heading\">Hvordan bruker vi informasjonskapsler?<\/h3>\n\n<p>I likhet med de fleste nettbaserte tjenester bruker nettstedet v\u00e5rt f\u00f8rsteparts- og tredjeparts informasjonskapsler til flere form\u00e5l. F\u00f8rstepartscookies er for det meste n\u00f8dvendige for at nettstedet skal fungere som det skal, og de samler ikke inn noen personlig identifiserbare opplysninger om deg. Tredjepartscookies som brukes p\u00e5 nettstedet v\u00e5rt, brukes f\u00f8rst og fremst for \u00e5 forst\u00e5 hvordan nettstedet fungerer, hvordan du samhandler med nettstedet v\u00e5rt, holde tjenestene v\u00e5re sikre, levere annonser som er relevante for deg, og generelt gi deg en bedre og forbedret brukeropplevelse og bidra til \u00e5 \u00f8ke hastigheten p\u00e5 dine fremtidige interaksjoner med nettstedet v\u00e5rt.<\/p>\n\n<h3 class=\"wp-block-heading\">Hvilke typer informasjonskapsler bruker vi?<\/h3>\n\n<p>N\u00f8dvendig: Noen informasjonskapsler er avgj\u00f8rende for at du skal f\u00e5 full funksjonalitet p\u00e5 nettstedet v\u00e5rt. De gj\u00f8r det mulig for oss \u00e5 opprettholde bruker\u00f8kter og forhindre sikkerhetstrusler. De samler ikke inn eller lagrer personopplysninger. Disse informasjonskapslene gj\u00f8r det for eksempel mulig for deg \u00e5 logge inn p\u00e5 kontoen din, legge produkter i handlekurven og sjekke ut p\u00e5 en sikker m\u00e5te.statistikk: Disse informasjonskapslene lagrer informasjon som antall bes\u00f8kende p\u00e5 nettstedet, antall unike bes\u00f8kende, hvilke sider p\u00e5 nettstedet som er bes\u00f8kt, kilden til bes\u00f8ket osv. Disse dataene hjelper oss med \u00e5 forst\u00e5 og analysere hvor godt nettstedet fungerer og hva som b\u00f8r forbedres.markedsf\u00f8ring: Nettstedet v\u00e5rt viser annonser. Disse informasjonskapslene brukes til \u00e5 tilpasse annonsene vi viser deg, slik at de gir mening for deg. Informasjonen som lagres i disse informasjonskapslene, kan ogs\u00e5 brukes av tredjeparts annonseleverand\u00f8rer til \u00e5 vise deg annonser p\u00e5 andre nettsteder i nettleseren.funksjonell: TT Dette er informasjonskapsler som hjelper oss med visse ikke-essensielle funksjoner p\u00e5 nettstedet v\u00e5rt. Disse funksjonene omfatter innbygging av innhold som videoer eller deling av nettstedets innhold p\u00e5 sosiale medier.Preferanser: Disse informasjonskapslene hjelper oss med \u00e5 lagre innstillingene og surfepreferansene dine, for eksempel spr\u00e5kinnstillinger, slik at du f\u00e5r en bedre og mer effektiv opplevelse ved fremtidige bes\u00f8k p\u00e5 nettstedet.<br\/><br\/>Vi bruker disse informasjonskapslene p\u00e5 nettstedet v\u00e5rt:<\/p>\n\n<figure class=\"wp-block-table\"><table><thead><tr><th scope=\"col\">Informasjonskapsel<\/th><th scope=\"col\">Domene<\/th><th scope=\"col\">Type  <\/th><th scope=\"col\">Beskrivelse<\/th><th scope=\"col\">Varighet<\/th><\/tr><\/thead><tbody><tr><td>Jeg er en<\/td><td>.voltcarshop.com<\/td><td>Analyse<\/td><td>Denne informasjonskapselen installeres av Google Analytics. Informasjonskapselen brukes til \u00e5 beregne bes\u00f8ks-, \u00f8kt- og kampanjedata og holde oversikt over bruken av nettstedet for nettstedets analyserapport. Informasjonskapslene lagrer informasjon anonymt og tildeler et tilfeldig generert nummer for \u00e5 identifisere unike bes\u00f8kende.<\/td><td>2 \u00e5r<\/td><\/tr><tr><td>id<\/td><td>.voltcarshop.com<\/td><td>Analyse<\/td><td>Denne informasjonskapselen installeres av Google Analytics. Informasjonskapselen brukes til \u00e5 lagre informasjon om hvordan bes\u00f8kende bruker nettstedet, og bidrar til \u00e5 lage en analyserapport om hvordan nettstedet fungerer. Dataene som samles inn, inkluderer antall bes\u00f8kende, kilden de kommer fra, og hvilke sider som vises i anonymisert form.<\/td><td>1 dag<\/td><\/tr><tr><td>tk_or<\/td><td>.voltcarshop.com<\/td><td>Analyse<\/td><td>Denne informasjonskapselen settes av JetPack-plugin p\u00e5 nettsteder som bruker WooCommerce. Dette er en informasjonskapsel som brukes til \u00e5 analysere henvisningsatferd for Jetpack.<\/td><td>5 \u00e5r<\/td><\/tr><tr><td>tk_r3d<\/td><td>.voltcarshop.com<\/td><td>Analyse<\/td><td>Informasjonskapselen installeres av JetPack. Brukes til interne m\u00e5linger av brukeraktiviteter for \u00e5 forbedre brukeropplevelsen.<\/td><td>3 dager<\/td><\/tr><tr><td>tk_lr<\/td><td>.voltcarshop.com<\/td><td>Analyse<\/td><td>Denne informasjonskapselen settes av JetPack-plugin p\u00e5 nettsteder som bruker WooCommerce. Dette er en informasjonskapsel som brukes til \u00e5 analysere henvisningsatferd for Jetpack.<\/td><td>1 \u00e5r<\/td><\/tr><tr><td>PHPSESSID<\/td><td>voltcarshop.com<\/td><td>N\u00f8dvendig<\/td><td>Denne informasjonskapselen er en del av PHP-applikasjoner. Informasjonskapselen brukes til \u00e5 lagre og identifisere brukerens unike \u00f8kt-ID for \u00e5 administrere bruker\u00f8kten p\u00e5 nettstedet. Informasjonskapselen er en \u00f8ktinformasjonskapsel og slettes n\u00e5r alle nettleservinduene lukkes.<\/td><td>\u00f8kt<\/td><\/tr><tr><td>__cfduid<\/td><td>.tawk.to<\/td><td>N\u00f8dvendig<\/td><td>Informasjonskapselen brukes av cdn-tjenester som CloudFare til \u00e5 identifisere individuelle klienter bak en delt IP-adresse og bruke sikkerhetsinnstillinger for hver enkelt klient. Den svarer ikke til noen bruker-ID i webapplikasjonen og lagrer ingen personlig identifiserbar informasjon.<\/td><td>1 m\u00e5ned<\/td><\/tr><\/tbody><\/table><\/figure>\n\n<h3 class=\"wp-block-heading\">Hvordan kan jeg kontrollere innstillingene for informasjonskapsler?<\/h3>\n\n<p>Hvis du bestemmer deg for \u00e5 endre innstillingene dine senere i l\u00f8pet av nettleser\u00f8kten, kan du klikke p\u00e5 fanen &#8220;Retningslinjer for personvern og informasjonskapsler&#8221; p\u00e5 skjermen. Da vises samtykkemeldingen p\u00e5 nytt, slik at du kan endre innstillingene dine eller trekke samtykket helt tilbake. I tillegg har ulike nettlesere forskjellige metoder for \u00e5 blokkere og slette informasjonskapsler som brukes av nettsteder. Du kan endre innstillingene i nettleseren din for \u00e5 blokkere\/slette informasjonskapsler. Hvis du vil vite mer om hvordan du h\u00e5ndterer og sletter informasjonskapsler, kan du g\u00e5 til wikipedia.org, www.allaboutcookies.org.<\/p>\n","protected":false},"excerpt":{"rendered":"<p>Om disse retningslinjene for informasjonskapsler Disse retningslinjene for informasjonskapsler forklarer hva informasjonskapsler er og hvordan vi bruker dem, hvilke typer informasjonskapsler vi bruker, dvs. hvilken informasjon vi samler inn ved hjelp av informasjonskapsler og hvordan denne informasjonen brukes, og hvordan du kontrollerer innstillingene for informasjonskapsler. For mer informasjon om hvordan vi bruker, lagrer og oppbevarer [&hellip;]<\/p>\n<div class=\"blog-share-comment\"><a class=\"readmore\" href=\"https:\/\/voltcarshop.com\/no\/retningslinjer-for-personvern\/ \">L\u00e6s mere<\/a><\/p>\n<div class=\"blog-share\"><span>Share :<\/span><\/p>\n<div class=\"share-social\">\n<ul>\n<li><a class=\"facebook\" target=\"_blank\" href=\"https:\/\/www.facebook.com\/sharer\/sharer.php?u=https:\/\/voltcarshop.com\/no\/retningslinjer-for-personvern\/\"><i class=\"fab fa-facebook\"><\/i><\/a><\/li>\n<li><a class=\"twitter\" target=\"_blank\" href=\"http:\/\/twitter.com\/intent\/tweet?text=Retningslinjer%20for%20personvern&#038;url=https:\/\/voltcarshop.com\/no\/retningslinjer-for-personvern\/\"><i class=\"fab fa-twitter\"><\/i><\/a><\/li>\n<li><a class=\"pinterest\" target=\"_blank\" href=\"http:\/\/pinterest.com\/pin\/create\/bookmarklet\/?media=&#038;url=https:\/\/voltcarshop.com\/no\/retningslinjer-for-personvern\/&#038;is_video=false&#038;description=Retningslinjer%20for%20personvern\"><i class=\"fab fa-pinterest\"><\/i><\/a><\/li>\n<\/ul>\n<\/div>\n<\/div>\n<\/div>\n","protected":false},"author":1,"featured_media":0,"parent":0,"menu_order":0,"comment_status":"closed","ping_status":"open","template":"","meta":{"_monsterinsights_skip_tracking":false,"_monsterinsights_sitenote_active":false,"_monsterinsights_sitenote_note":"","_monsterinsights_sitenote_category":0,"_uf_show_specific_survey":0,"_uf_disable_surveys":false,"footnotes":""},"class_list":["post-1736","page","type-page","status-publish","hentry"],"jetpack_sharing_enabled":true,"_links":{"self":[{"href":"https:\/\/voltcarshop.com\/no\/wp-json\/wp\/v2\/pages\/1736","targetHints":{"allow":["GET"]}}],"collection":[{"href":"https:\/\/voltcarshop.com\/no\/wp-json\/wp\/v2\/pages"}],"about":[{"href":"https:\/\/voltcarshop.com\/no\/wp-json\/wp\/v2\/types\/page"}],"author":[{"embeddable":true,"href":"https:\/\/voltcarshop.com\/no\/wp-json\/wp\/v2\/users\/1"}],"replies":[{"embeddable":true,"href":"https:\/\/voltcarshop.com\/no\/wp-json\/wp\/v2\/comments?post=1736"}],"version-history":[{"count":0,"href":"https:\/\/voltcarshop.com\/no\/wp-json\/wp\/v2\/pages\/1736\/revisions"}],"wp:attachment":[{"href":"https:\/\/voltcarshop.com\/no\/wp-json\/wp\/v2\/media?parent=1736"}],"curies":[{"name":"wp","href":"https:\/\/api.w.org\/{rel}","templated":true}]}}