{"id":1757,"date":"2021-02-03T21:19:16","date_gmt":"2021-02-03T21:19:16","guid":{"rendered":"https:\/\/voltcarshop.com\/vilkaar-og-betingelser\/"},"modified":"2024-11-06T09:40:16","modified_gmt":"2024-11-06T09:40:16","slug":"vilkaar-og-betingelser","status":"publish","type":"page","link":"https:\/\/voltcarshop.com\/no\/vilkaar-og-betingelser\/","title":{"rendered":"Vilk\u00e5r og betingelser"},"content":{"rendered":"\n<h3 class=\"wp-block-heading\">BESTILLING<\/h3>\n\n<p>Hos Voltcarshop.com kan du kun bestille varer via v\u00e5r hjemmeside. Hvis du har sp\u00f8rsm\u00e5l om varer som ikke er oppf\u00f8rt p\u00e5 nettstedet, er du alltid velkommen til \u00e5 kontakte oss p\u00e5 telefon eller e-post.<\/p>\n\n<p>Informasjon om tekniske data og spesifikasjoner fra produsenten eller fra selgerens nettsted er kun veiledende. Kj\u00f8peren er ansvarlig for valg av tjeneste og for \u00e5 oppn\u00e5 \u00f8nsket resultat av kj\u00f8pet. Sjekk alltid produsentens eget nettsted for de nyeste produktdataene.<\/p>\n\n<p>Alle priser p\u00e5 nettstedet er i DKK og inkluderer 25 % moms og andre avgifter. Prisene er dagspriser og gjelder kun innenfor Danmark, ekskl. F\u00e6r\u00f8yene og Gr\u00f8nland. Med forbehold om: Valutaendringer, force majeure, skatteendringer.<\/p>\n\n<p>HERUNDER AT VISNING AV VARER I NETTBUTIKKEN IKKE ER ET TILBUD, MEN EN OPPFORDRING TIL \u00c5 GI ET TILBUD. EN BINDENDE AVTALE ER F\u00d8RST INNG\u00c5TT N\u00c5R DU MOTTAR EN ORDREBEKREFTELSE ELLER FAKTURA.<\/p>\n\n<p>N\u00e5r du handler hos Voltcarshop.com, inng\u00e5s avtaler p\u00e5 f\u00f8lgende spr\u00e5k: Dansk<\/p>\n\n<p>En bindende kj\u00f8psavtale er ikke inng\u00e5tt med Voltcarshop.com f\u00f8r du har mottatt en ordrebekreftelse eller faktura fra Voltcarshop.com.<\/p>\n\n<p><\/p>\n\n<h3 class=\"wp-block-heading\">BETALING<\/h3>\n\n<p>P\u00e5 Voltcarshop.com kan du betale med:<\/p>\n\n<p><br\/><br\/><br\/>Dankort\/ Visa (uten gebyr) Diners Club (uten gebyr) Mastercard (uten gebyr) Visa Electron (uten gebyr)<\/p>\n\n<p>Hvis du betaler med kredittkort, er du alltid beskyttet mot svindel. Du har mulighet til \u00e5 avvise en betaling n\u00e5r du mottar betalingsoversikten. Du har ingen selvrisiko dersom kortet ditt blir misbrukt i en nettbutikk som bruker SSL (Secure Socket Layer) i sitt betalingssystem. Det betyr at du er bedre beskyttet enn i den fysiske verden, der du har en egenandel p\u00e5 1200 DKK n\u00e5r Dankortet misbrukes ved hjelp av PIN-koden.<\/p>\n\n<p>Opplysningene du sender i forbindelse med kj\u00f8p betalt med betalingskort er kryptert (SSL), slik at bare PBS kan lese dem. Verken Voltcarshop.com eller noen andre har mulighet til \u00e5 lese dataene.<\/p>\n\n<p>Bel\u00f8pet for varene trekkes f\u00f8rst n\u00e5r varene sendes fra Voltcarshop.com. Du kan aldri ta ut mer enn det bel\u00f8pet du godkjente p\u00e5 kj\u00f8pstidspunktet.<\/p>\n\n<p><\/p>\n\n<h3 class=\"wp-block-heading\">FRAKT<\/h3>\n\n<p>Vi leverer hovedsakelig med GLS, ved st\u00f8rre forsendelser bruker vi en transport\u00f8r. Leveranser er underlagt vilk\u00e5rene og betingelsene til den aktuelle transport\u00f8ren. Det betyr at n\u00e5r pakken er i deres hender, er de ansvarlige for at pakken kommer frem intakt og uskadet. Hvis du mottar en pakke som er tydelig skadet, b\u00f8r du helst nekte \u00e5 ta imot forsendelsen eller notere p\u00e5 fraktbrevet &#8220;mottatt med forbehold om senere kontroll og opptelling av innholdet&#8221;. Hvis du har mottatt forsendelsen og oppdager skader, ber vi deg kontakte Voltcarshop.com umiddelbart og rapportere skaden. Det er alltid lurt \u00e5 ta bilder av hele forsendelsen, fraktbrevet og eventuelle skader. Vi hjelper gjerne til i slike tilfeller, s\u00e5 send all dokumentasjon til oss, s\u00e5 tar vi saken videre.<\/p>\n\n<p><br\/><br\/><br\/>Hvis forsendelsen ikke hentes innen forfallsdatoen fra transport\u00f8ren, vil forsendelsen bli returnert til Voltcarshop.com. Fraktprisen som eventuelt er betalt, vil bli trukket fra bel\u00f8pet du vil f\u00e5 refundert. Fraktpriser: Voltcarshop.coms virksomhet er \u00e5 selge IT-, HI-FI-utstyr osv. og ikke \u00e5 drive fraktvirksomhet. Derfor er alle fraktpriser hentet fra den vanlige transport\u00f8rens priser og beregnet etter vekt og antall varelinjer.<\/p>\n\n<p><\/p>\n\n<h3 class=\"wp-block-heading\">ANGRERETT<\/h3>\n\n<p>V\u00e6r oppmerksom p\u00e5 at angreretten ikke gjelder for bedriftskj\u00f8p.<\/p>\n\n<p><br\/>Ved forbrukerkj\u00f8p har du alltid 14 dagers angrerett n\u00e5r du handler p\u00e5 Voltcarshop.com. Du m\u00e5 gi oss beskjed innen 14 dager etter mottak om at du \u00f8nsker \u00e5 angre kj\u00f8pet. Oppsigelsen m\u00e5 gis p\u00e5 support@voltcarshop.com eller ved telefonisk kontakt, alternativt kan standard avbestillingsskjema benyttes. I oppsigelsen m\u00e5 du tydelig informere oss om at du \u00f8nsker \u00e5 benytte deg av angreretten. <br\/>Angreretten l\u00f8per fra den dagen du har mottatt varen til den dagen den sendes eller leveres tilbake. Vi ber om at varen returneres innen 14 dager etter at du har gitt beskjed om angreretten.<\/p>\n\n<p><\/p>\n\n<h3 class=\"wp-block-heading\">RETURFORSENDELSE<\/h3>\n\n<p><br\/>N\u00e5r angreretten ut\u00f8ves, er du ansvarlig for kostnadene ved retur av varen, f.eks. returfrakt. Noen produkttyper kan ikke returneres med vanlig transport\u00f8r, f.eks. storformatskrivere eller lignende produkter som veier mer enn 30 kg. I dette tilfellet kan Voltcarshop.com kontaktes for bruk av en av v\u00e5re samarbeidspartnere, f.eks. et bud eller spesialtransport for retur av varene. <br\/>Denne fraktkostnaden vil imidlertid bli trukket fra varens verdi n\u00e5r bel\u00f8pet refunderes til kunden, og forventes \u00e5 utgj\u00f8re maksimalt DKK 1.200,- Hvis du har kj\u00f8pt flere varer p\u00e5 \u00e9n ordre og bare angrer p\u00e5 en del av kj\u00f8pet, refunderer vi ikke fraktkostnadene.<\/p>\n\n<p>V\u00e6r oppmerksom p\u00e5 at du selv er ansvarlig for levering av varene og forsvarlig emballering.<\/p>\n\n<p>Det er ikke et krav, men ekspedisjonen forenkles hvis v\u00e5rt online RMA-skjema fylles ut og legges ved returforsendelsen av varene og annen relevant informasjon som kopi av faktura eller ordrebekreftelse, registrerings- og kontonummer eller kopi av tidligere korrespondanse osv.<\/p>\n\n<p><br\/>Du er kun ansvarlig for eventuell forringelse av varens verdi som skyldes annen h\u00e5ndtering enn det som er n\u00f8dvendig for \u00e5 fastsl\u00e5 varens art, egenskaper og funksjon. Du kan med andre ord pr\u00f8ve produktet p\u00e5 samme m\u00e5te som om du pr\u00f8vde det i en fysisk butikk.<\/p>\n\n<p>Hvis varen er testet i tillegg til det som er beskrevet ovenfor, anser vi den som brukt, noe som betyr at du ved heving av kj\u00f8pet kun f\u00e5r en del eller ingenting av kj\u00f8pesummen tilbake, avhengig av varens handelsverdi.<\/p>\n\n<p>Denne verdien er fastsatt som et estimat av Voltcarshop.com.<\/p>\n\n<p><br\/>Ved verdiforringelse vil denne bli trukket fra det refunderte bel\u00f8pet. Verdiforringelse vurderes dersom varen returneres i brukt og forringet stand slik at den ikke kan selges som ny. Basert p\u00e5 dette vil Voltcarshop.com vurdere verdiforringelsen og returnere til deg f\u00f8r bel\u00f8pet refunderes.<\/p>\n\n<p><br\/>Den danske kj\u00f8psloven kan komme til anvendelse. For \u00e5 f\u00e5 full refusjon m\u00e5 du gj\u00f8re det samme som i en fysisk butikk. Du kan teste varen, men ikke bruke den. Varen m\u00e5 v\u00e6re uskadet, uten tegn p\u00e5 slitasje, uten riper og i ren og ryddig stand hvis du vil v\u00e6re sikker p\u00e5 \u00e5 f\u00e5 pengene tilbake. V\u00e6r derfor forsiktig n\u00e5r du pakker ut produktet, ikke fjern beskyttelsesfolie\/plast osv. og v\u00e6r forsiktig s\u00e5 du ikke riper eller merker produktet. <br\/>Produktet skal se ut som du forventer at et helt nytt produkt skal se ut &#8211; kort sagt slik du mottok det. Ved kj\u00f8p av produkter i produktgrupper der emballasjen utgj\u00f8r en vesentlig del av produktets nyverdi, er den intakte originalemballasjen alltid en vesentlig del av produktets verdi. Emballasjen til de nevnte produktgruppene (datamaskiner, skrivere, nettverksenheter, Hi-Fi-utstyr, kameraer, videokameraer, skannere, radioer, TV-er, videoutstyr, GPS-utstyr, spillkonsoller og frittst\u00e5ende maskinvareenheter) m\u00e5 derfor alltid returneres for \u00e5 f\u00e5 full refusjon.<\/p>\n\n<p>Helse- eller hygieneprodukter eller andre varer som ikke egner seg for retur, vil ikke bli tatt imot dersom de er brukt. Det er mulig \u00e5 inspisere varene uten \u00e5 bruke dem. Dette inkluderer produkter som har v\u00e6rt i kontakt med mat, hud, h\u00e5r eller lignende.<\/p>\n\n<p>Det aksepteres at forseglingen p\u00e5 programvare, lyd-\/bildeopptak, tonere\/blekkpatroner og kabler IKKE m\u00e5 brytes dersom angreretten skal opprettholdes. Denne typen produkter tas i bruk n\u00e5r blisterpakningen brytes, noe som resulterer i en forringelse av produktets salgsverdi. Det er derfor viktig \u00e5 bestemme seg for om man vil beholde produktet eller heve kj\u00f8pet f\u00f8r blisterpakningen brytes. Det er mulig \u00e5 inspisere varene uten \u00e5 bryte blisterpakningen.<\/p>\n\n<p><br\/>Varen kan returneres til: Voltcarshop.com, Saltebakken 29, 9900 Frederikshavn.<\/p>\n\n<p><br\/><br\/>Emballasje og returansvar V\u00e6r oppmerksom p\u00e5 at vi ikke tar imot pakker som sendes mot postoppkrav eller uten omdeling. Voltcarshop.com oppfordrer til \u00e5 v\u00e6re n\u00f8ye med emballasjen n\u00e5r du sender, da det er avsenderens ansvar. For. L\u00f8se interne komponenter som grafikkort, hovedkort, harddisker og lignende skal for eksempel alltid sendes i en antistatisk pose &#8211; eller som mottatt.<\/p>\n\n<p>Voltcarshop.com oppfordrer ogs\u00e5 til at alle produkter pakkes forsvarlig inn i egnet polstring (f.eks. bobleplast eller annet st\u00f8tdempende materiale) og pakkes i en pappeske slik at produktene ikke kan skades under transport.<\/p>\n\n<p>V\u00e6r ogs\u00e5 oppmerksom p\u00e5 at hvis esken ikke er helt full, kan enkelte produkttyper bli skadet fordi de kan bli kastet litt rundt inni &#8211; selv om esken er veldig full.<\/p>\n\n<p>Det er kundens risiko at varen returneres trygt til Voltcarshop.com.<\/p>\n\n<p>Du kan ogs\u00e5 avbestille ved \u00e5 nekte \u00e5 ta imot varene fra transport\u00f8ren, men vi krever at du gir oss beskjed, ellers vil det forlenge behandlingstiden. Du kan ogs\u00e5 levere varen personlig p\u00e5 lageret v\u00e5rt i \u00e5pningstiden.<\/p>\n\n<p>Du kan ogs\u00e5 returnere varen til oss sammen med et utfylt standard angrerettskjema, en kopi av fakturaen og opplysninger om bankkontonummer og bankregistreringsnummer.<\/p>\n\n<p><\/p>\n\n<h3 class=\"wp-block-heading\">TILBAKEBETALING AV BEL\u00d8P<\/h3>\n\n<p>Hvis du hever kj\u00f8pet, f\u00e5r du selvf\u00f8lgelig refundert bel\u00f8pet du har betalt til oss.<br\/>Ved en eventuell verdiforringelse som du er ansvarlig for, vil denne bli trukket fra kj\u00f8pet.<br\/>Hvis du benytter deg av din angrerett, vil vi refundere alle betalinger mottatt fra deg, inkludert leveringskostnader (men ikke ekstra kostnader som f\u00f8lge av ditt eget valg av en annen leveringsm\u00e5te enn den billigste formen for standardlevering som tilbys av oss), uten un\u00f8dig forsinkelse og under alle omstendigheter senest 14 dager fra den datoen vi har mottatt melding om din beslutning om \u00e5 kansellere denne avtalen.<br\/>Som regel vil bel\u00f8pet bli refundert til det samme kredittkortet som ble brukt ved kj\u00f8pet, men hvis dette ikke er mulig, kan refusjonen overf\u00f8res til bankkontoen din.<br\/>Det er derfor viktig at vi mottar bankens registrerings- og kontonummer.<\/p>\n\n<p><\/p>\n\n<h3 class=\"wp-block-heading\">KOMPATIBILITET<\/h3>\n\n<p>Voltcarshop.com kan ikke holdes ansvarlig for kompatibilitetsproblemer som skyldes endringer i konfigurasjonen av Voltcarshop.com-monterte komponenter.<\/p>\n\n<p><\/p>\n\n<h3 class=\"wp-block-heading\">ANGRERETT<\/h3>\n\n<p><br\/>N\u00e5r du som forbruker handler hos Voltcarshop.no, har du naturligvis 24 m\u00e5neders reklamasjonsrett. Garantien kan imidlertid v\u00e6re begrenset av produktets naturlige levetid.<br\/>Dette gjelder batterier, tonere, blekkpatroner og andre produkter som kan betegnes som forbruksvarer. Det betyr at du enten kan f\u00e5 varen reparert, byttet, refundert eller et prisavslag, avhengig av den konkrete situasjonen.  Dette forutsetter selvsagt at reklamasjonen er berettiget og at mangelen ikke har oppst\u00e5tt som f\u00f8lge av feil bruk av produktet eller annen uhensiktsmessig bruk.<\/p>\n\n<p><br\/><br\/><br\/>Den danske kj\u00f8pslovens regler om mangler kan komme til anvendelse. En mangel er en feil som forel\u00e5 p\u00e5 leveringstidspunktet &#8211; typisk fabrikasjons- og\/eller materialfeil. Skulle produktet mot formodning g\u00e5 i stykker i garantiperioden og omfattes av garantien, repareres eller erstattes defekte varer kostnadsfritt p\u00e5 v\u00e5rt eller produsentens verksted. Skader p\u00e5 produktet som skyldes betjeningsfeil, h\u00e5ndteringsfeil, modifikasjoner eller grovt misbruk fra brukerens side dekkes ikke av garantien.<br\/>Dette omfatter ogs\u00e5 endringer i str\u00f8mtilf\u00f8rselen til en relevant komponent. Varer skal returneres sammen med en kopi av fakturaen som viser kj\u00f8psdatoen for det reklamerte produktet, ellers kan behandlingstiden bli forlenget. <\/p>\n\n<p><\/p>\n\n<h2 class=\"wp-block-heading\">BRUK AV KLAGERETTEN<\/h2>\n\n<p>Reklamasjon m\u00e5 skje innen rimelig tid etter at du har oppdaget mangelen. <br\/>Hvis en reklamasjon gj\u00f8res innen 2 m\u00e5neder, vil reklamasjonen alltid v\u00e6re innen rimelig tid. Det f\u00f8rste du b\u00f8r gj\u00f8re er \u00e5 sjekke om produktet ditt er dekket av den direkte supporten som gjelder for noen produsenter &#8211; denne informasjonen finner du p\u00e5 Voltcarshop.com under Reklamasjon og retur og Finn prosedyre for produsent.<br\/>Hvis ditt defekte produkt er dekket av direkte support, skal det ikke returneres til Voltcarshop.com. Ved \u00e5 kontakte produsenten eller deres utpekte servicepartner g\u00e5r h\u00e5ndteringstiden raskere, og det betyr ofte raskere behandling enn med Voltcarshop.com som mellomledd.<br\/><br\/>Varen hentes eller byttes ofte p\u00e5 din adresse. Vi oppfordrer deg til \u00e5 opplyse om produktets feil eller mangel i forbindelse med reklamasjonen, da unnlatelse av dette kan medf\u00f8re en forlengelse av behandlingstiden p\u00e5 grunn av omfattende feils\u00f8king. Komplette PC-systemer som ikke er montert eller montert av Voltcarshop.com og hvor feils\u00f8king er n\u00f8dvendig, vil Voltcarshop.com fakturere tiden for feils\u00f8king med en timepris p\u00e5 DKK 999,- per time inkl. mva.   (min. \u00bd time).<\/p>\n\n<p>Defekte produkter som dekkes av garantien, vil da bli byttet til timepris. <br\/>Hvis du ikke \u00f8nsker at Voltcarshop.com skal utf\u00f8re omfattende feils\u00f8king, m\u00e5 det defekte produktet demonteres og sendes separat. Voltcarshop.com kan ikke holdes ansvarlig for tap av kundedata, med mindre det f\u00f8lger direkte av dansk lov. Voltcarshop.com oppfordrer derfor kunden til \u00e5 ta en kopi\/sikkerhetskopi av alle data. <br\/>I den grad Voltcarshop.com kan holdes ansvarlig, er ansvaret begrenset til det direkte produkttapet og omfatter dermed ikke indirekte tap som tapt fortjeneste, transportkostnader, driftstap, installasjonskostnader og lignende. N\u00e5r du \u00f8nsker \u00e5 reklamere, ber vi deg vennligst om \u00e5 opprette en RMA-foresp\u00f8rsel p\u00e5 forh\u00e5nd, selv om dette ikke er et krav. Dette gj\u00f8res p\u00e5 Voltcarshop.com under Reklamasjoner og returer og vil minimere tiden det tar \u00e5 behandle reklamasjonen din.<\/p>\n\n<p><br\/>Det defekte produktet m\u00e5 sendes til v\u00e5r adresse: Voltcarshop.com, Saltebakken 29, 9900 Frederikshavn.<\/p>\n\n<p><br\/>Ved retur av varen, vennligst oppgi avsender av forsendelsen og eventuelt utstedt RMA-nummer (returnummer). Alternativt kan du legge ved en kopi av fakturaen med begrunnelse for returen.<\/p>\n\n<p>V\u00e6r oppmerksom p\u00e5 at vi ikke tar imot etterkravspakker eller lignende mottakerbetalte forsendelser.<\/p>\n\n<p><br\/>Husk alltid \u00e5 returnere varen i forsvarlig emballasje (helst originalemballasjen), og vi oppfordrer deg til \u00e5 f\u00e5 kvittering fra transport\u00f8ren slik at du kan f\u00f8lge pakken til oss &#8211; samtidig gir dette som regel ogs\u00e5 forsikring p\u00e5 innholdet hvis det skulle g\u00e5 tapt eller bli skadet. N\u00e5r reklamasjonen din er godkjent av oss og akseptert som et privatkj\u00f8p, sender vi deg automatisk en postetikett du kan bruke til \u00e5 sende varen tilbake uten kostnad.<br\/>Vennligst vent p\u00e5 dette f\u00f8r du sender varen til oss. Vi refunderer rimelige fraktkostnader som du m\u00e5tte ha i forbindelse med retur av varen n\u00e5r reklamasjonen er berettiget.  Vi anbefaler imidlertid at du kontakter oss eller oppretter en RMA-sak, slik at vi kan sende deg en returfraktetikett p\u00e5 forh\u00e5nd.<\/p>\n\n<p>Varer som ikke er omfattet av garantien og\/eller som mottas uten forsvarlig emballasje, vil bli ompakket, og et bel\u00f8p tilsvarende Voltcarshop.coms utgifter til n\u00f8dvendig og forsvarlig emballasje vil bli belastet.<\/p>\n\n<p><\/p>\n\n<h3 class=\"wp-block-heading\">INFORMASJON OM HVORDAN DU KLAGER<\/h3>\n\n<p>Hvis du \u00f8nsker \u00e5 klage p\u00e5 kj\u00f8pet av et produkt eller en tjeneste eller h\u00e5ndteringen av saken din, kan du gj\u00f8re det skriftlig til Voltcarshop.com p\u00e5 e-postadressen support@voltcarshop.com, med en detaljert beskrivelse av hendelsen og \u00f8nsket handling, eller alternativt per rekommandert brev til v\u00e5r adresse: Voltcarshop.com, Saltebakken 29, 9900 Frederikshavn.<br\/>P\u00e5 denne m\u00e5ten vil henvendelsen din bli behandlet av en saksbehandler, og du vil f\u00e5 svar s\u00e5 snart som mulig &#8211; men v\u00e6r oppmerksom p\u00e5 at saken vil bli grundig unders\u00f8kt f\u00f8r du f\u00e5r svar, s\u00e5 det kan ta noen dager f\u00f8r du f\u00e5r svar.<br\/>Hvis det ikke er mulig \u00e5 komme frem til en akseptabel l\u00f8sning direkte med oss p\u00e5 Voltcarshop.com, kan du sende inn en klage til en av f\u00f8lgende instanser;<\/p>\n\n<p>En klage p\u00e5 et produkt eller en tjeneste kj\u00f8pt fra oss kan sendes til:<\/p>\n\n<p><br\/><br\/><br\/><br\/>N\u00e6vnenes Hus Toldboden 2 8800 Viborg Tlf. +45 72405600 72405600 www.naevneneshus.dk <\/p>\n\n<p>Europakommisjonens nettbaserte klageportal kan ogs\u00e5 brukes til \u00e5 sende inn en klage. <br\/><br\/>Dette er s\u00e6rlig relevant hvis du er forbruker bosatt i et annet EU-land. Klager sendes inn her: http:\/\/ec.europa.eu\/odr\/ N\u00e5r du sender inn en klage, vennligst oppgi e-postadressen v\u00e5r: support@voltcarshop.com.<\/p>\n\n<p><\/p>\n\n<h3 class=\"wp-block-heading\">RETURNERTE VARER SOM IKKE INNEHOLDER FEIL<\/h3>\n\n<p><br\/><br\/>Ved innsending av defekte eller feilaktige varer til Voltcarshop.com, hvor feilen eller mangelen, definert og spesifisert av kunden, ikke blir funnet (eller feilen ikke dekkes av garanti\/garanti), vil varen bli returnert til kunden inkludert et testgebyr. Testgebyret er DKK 999,- per time inkl. mva. og det beregnes minimum \u00bd time. Testgebyret beregnes ut fra medg\u00e5tt tid i forbindelse med test og feils\u00f8king. <\/p>\n\n<p><\/p>\n\n<h3 class=\"wp-block-heading\">SPESIELLE BESTEMMELSER FOR N\u00c6RINGSDRIVENDE<\/h3>\n\n<p><br\/><br\/>Salgsbetingelsene for n\u00e6ringsdrivende betegnes som n\u00e6ringskj\u00f8p og f\u00f8lger kj\u00f8psloven. Det er ingen angrerett for n\u00e6ringsdrivende. Det er 1 \u00e5rs reklamasjonsrett fra opprinnelig fakturadato, med unntak av forbruksvarer som batterier, toner- og blekkpatroner osv,<br\/><br\/>hvor det kun gis 6 m\u00e5neders garanti, med mindre annet er skriftlig avtalt. Utskifting eller reparasjon medf\u00f8rer ikke ny 1 \u00e5rs garantiperiode. Ved reklamasjon er kj\u00f8peren ansvarlig for kostnadene ved retur av varen til Voltcarshop.com eller produsentens verksted.<\/p>\n\n<p>Produkter med feil repareres om mulig<\/p>\n\n<p><\/p>\n\n<h3 class=\"wp-block-heading\">DINE PERSONLIGE OPPLYSNINGER<\/h3>\n\n<p><br\/><br\/><br\/><br\/><br\/>For \u00e5 kunne inng\u00e5 en avtale med oss via nettstedet, m\u00e5 du registrere deg med f\u00f8lgende personopplysninger: . navn . adresse . telefonnummer . e-postadresse .     (CVR-nr. for n\u00e6ringsdrivende)<\/p>\n\n<p><br\/><br\/><br\/>Vi registrerer kun personopplysningene dine med det form\u00e5l \u00e5 kunne levere produktet til deg. Personopplysningene registreres hos Voltcarshop.com og lagres i 5 \u00e5r (5 \u00e5r p\u00e5 grunn av krav fra den danske bokf\u00f8ringsloven), deretter slettes opplysningene. N\u00e5r personopplysninger samles inn via nettstedet v\u00e5rt, s\u00f8rger vi for at det alltid skjer ved \u00e5 gi ditt uttrykkelige samtykke, slik at du blir informert om n\u00f8yaktig hvilke opplysninger som samles inn og hvorfor. Behandlingsansvarlig er:<br\/>Direkt\u00f8ren for Voltcarshop.com. Vi lagrer ikke kundeinformasjon kryptert. Vi overf\u00f8rer ikke kundeinformasjon kryptert.<\/p>\n\n<p><br\/>Opplysningene som gis til Voltcarshop.com blir p\u00e5 ingen m\u00e5te videreformidlet eller solgt til tredjepart, og vi registrerer ingen sensitive personopplysninger. Som registrert hos Voltcarshop.com har du alltid rett til \u00e5 reservere deg mot registreringen. Du har ogs\u00e5 rett til \u00e5 vite hvilke opplysninger som er registrert om deg. Du har disse rettighetene i henhold til personopplysningsloven, og henvendelser i denne forbindelse skal rettes til Voltcarshop.com via e-post: support@voltcarshop.com.<\/p>\n\n<h3 class=\"wp-block-heading\">PriceRunner Kj\u00f8pergaranti<\/h3>\n\n<p>Som PriceRunner-medlem er kj\u00f8pet ditt garantert opp til 50 000 kroner hvis det oppst\u00e5r et problem med kj\u00f8pet ditt. Kj\u00f8psgarantien koster ingenting for deg som forbruker og gjelder for alle kj\u00f8p n\u00e5r du handler hos oss. <\/p>\n\n<p>For deg som ikke er PriceRunner-medlem og har bes\u00f8kt oss gjennom deres tjeneste, kan du likevel f\u00e5 kj\u00f8pet ditt sikret gjennom kj\u00f8psgarantien. Alt du trenger \u00e5 gj\u00f8re er \u00e5 registrere deg som bruker p\u00e5 nettsiden deres. Det tar bare noen f\u00e5 \u00f8yeblikk.    <a href=\"https:\/\/www.pricerunner.dk\/bp\/292370\/Voltcarshop\" target=\"_blank\" rel=\"noreferrer noopener\">Les mer om tjenesten deres her<\/a><\/p>\n\n<p>For at kj\u00f8psgarantien skal gjelde, m\u00e5 bestillingen v\u00e6re adressert til deg som privatperson. Du har rett til erstatning hvis noe g\u00e5r galt i forbindelse med kj\u00f8pet ditt, for eksempel at varen er skadet, at en vare mangler ved levering, at varen er feil eller mangelfull, eller at levering ikke skjer. <\/p>\n\n<p>Du vil kun f\u00e5 erstatning for den direkte \u00f8konomiske skaden du har lidd, kj\u00f8pskostnader og fraktkostnader. Kj\u00f8psgarantien dekker ikke andre direkte eller indirekte kostnader, verditap eller inntektstap. <\/p>\n\n<p>P\u00e5 PriceRunner finner du en liste over kategorier som ikke dekkes av garantien og de gjeldende vilk\u00e5rene for bruk.<\/p>\n\n<p>Visste du at PriceRunner er Danmarks ledende produkt- og prissammenligningstjeneste, som hjelper mer enn 1 million mennesker med \u00e5 finne den beste prisen hver m\u00e5ned? Slik har det v\u00e6rt siden 2000. Tjenesten er uavhengig og lar ikke butikker p\u00e5virke informasjonen du ser og f\u00e5r glede av.  <\/p>\n","protected":false},"excerpt":{"rendered":"<p>BESTILLING Hos Voltcarshop.com kan du kun bestille varer via v\u00e5r hjemmeside. Hvis du har sp\u00f8rsm\u00e5l om varer som ikke er oppf\u00f8rt p\u00e5 nettstedet, er du alltid velkommen til \u00e5 kontakte oss p\u00e5 telefon eller e-post. Informasjon om tekniske data og spesifikasjoner fra produsenten eller fra selgerens nettsted er kun veiledende. Kj\u00f8peren er ansvarlig for valg [&hellip;]<\/p>\n<div class=\"blog-share-comment\"><a class=\"readmore\" href=\"https:\/\/voltcarshop.com\/no\/vilkaar-og-betingelser\/ \">L\u00e6s mere<\/a><\/p>\n<div class=\"blog-share\"><span>Share :<\/span><\/p>\n<div class=\"share-social\">\n<ul>\n<li><a class=\"facebook\" target=\"_blank\" href=\"https:\/\/www.facebook.com\/sharer\/sharer.php?u=https:\/\/voltcarshop.com\/no\/vilkaar-og-betingelser\/\"><i class=\"fab fa-facebook\"><\/i><\/a><\/li>\n<li><a class=\"twitter\" target=\"_blank\" href=\"http:\/\/twitter.com\/intent\/tweet?text=Vilk%C3%A5r%20og%20betingelser&#038;url=https:\/\/voltcarshop.com\/no\/vilkaar-og-betingelser\/\"><i class=\"fab fa-twitter\"><\/i><\/a><\/li>\n<li><a class=\"pinterest\" target=\"_blank\" href=\"http:\/\/pinterest.com\/pin\/create\/bookmarklet\/?media=&#038;url=https:\/\/voltcarshop.com\/no\/vilkaar-og-betingelser\/&#038;is_video=false&#038;description=Vilk%C3%A5r%20og%20betingelser\"><i class=\"fab fa-pinterest\"><\/i><\/a><\/li>\n<\/ul>\n<\/div>\n<\/div>\n<\/div>\n","protected":false},"author":1,"featured_media":0,"parent":0,"menu_order":0,"comment_status":"closed","ping_status":"closed","template":"","meta":{"_monsterinsights_skip_tracking":false,"_monsterinsights_sitenote_active":false,"_monsterinsights_sitenote_note":"","_monsterinsights_sitenote_category":0,"_uf_show_specific_survey":0,"_uf_disable_surveys":false,"footnotes":""},"class_list":["post-1757","page","type-page","status-publish","hentry"],"jetpack_sharing_enabled":true,"_links":{"self":[{"href":"https:\/\/voltcarshop.com\/no\/wp-json\/wp\/v2\/pages\/1757","targetHints":{"allow":["GET"]}}],"collection":[{"href":"https:\/\/voltcarshop.com\/no\/wp-json\/wp\/v2\/pages"}],"about":[{"href":"https:\/\/voltcarshop.com\/no\/wp-json\/wp\/v2\/types\/page"}],"author":[{"embeddable":true,"href":"https:\/\/voltcarshop.com\/no\/wp-json\/wp\/v2\/users\/1"}],"replies":[{"embeddable":true,"href":"https:\/\/voltcarshop.com\/no\/wp-json\/wp\/v2\/comments?post=1757"}],"version-history":[{"count":2,"href":"https:\/\/voltcarshop.com\/no\/wp-json\/wp\/v2\/pages\/1757\/revisions"}],"predecessor-version":[{"id":2821,"href":"https:\/\/voltcarshop.com\/no\/wp-json\/wp\/v2\/pages\/1757\/revisions\/2821"}],"wp:attachment":[{"href":"https:\/\/voltcarshop.com\/no\/wp-json\/wp\/v2\/media?parent=1757"}],"curies":[{"name":"wp","href":"https:\/\/api.w.org\/{rel}","templated":true}]}}