{"id":2032,"date":"2021-02-01T22:38:22","date_gmt":"2021-02-01T22:38:22","guid":{"rendered":"https:\/\/voltcarshop.com\/vare\/blaupunkt-stativ-astawb1-i-rustfritt-staal\/"},"modified":"2024-04-20T17:22:09","modified_gmt":"2024-04-20T17:22:09","slug":"blaupunkt-stativ-astawb1-i-rustfritt-staal","status":"publish","type":"product","link":"https:\/\/voltcarshop.com\/no\/vare\/blaupunkt-stativ-astawb1-i-rustfritt-staal\/","title":{"rendered":"Blaupunkt stativ ASTAWB1 i rustfritt st\u00e5l"},"content":{"rendered":"<p>\u00c5 lade en elbil er et sp\u00f8rsm\u00e5l om tillit. Derfor m\u00e5 utstyret selvf\u00f8lgelig oppfylle alle sikkerhetskrav.<\/p>\n<p>Denne standarden i rustfritt st\u00e5l gir denne sikkerheten og kvaliteten.<\/p>\n<p>Sokkelen er 120 cm h\u00f8y, og den stabile bunnen (30 x 16 cm) kan festes til bakken med de medf\u00f8lgende forankringskrokene.<\/p>\n<p><strong>Dette stativet passer til Blaupunkt-ladestasjonene AWB1P32AT2NCB og AWB3P32AT2NCB.<\/strong><\/p>\n","protected":false},"excerpt":{"rendered":"<p>Stativ i rustfritt st\u00e5l som passer godt til ladestasjonsmodellene AWB1P32AT2NCB og AWB3P32AT2NCB.<\/p>\n","protected":false},"featured_media":1142,"template":"","meta":{"_monsterinsights_skip_tracking":false,"_monsterinsights_sitenote_active":false,"_monsterinsights_sitenote_note":"","_monsterinsights_sitenote_category":0,"_uf_show_specific_survey":0,"_uf_disable_surveys":false},"product_brand":[],"product_cat":[185,488],"product_tag":[],"class_list":{"0":"post-2032","1":"product","2":"type-product","3":"status-publish","4":"has-post-thumbnail","6":"product_cat-elbilladere","7":"product_cat-ladestasjoner","8":"pa_dimensioner-dimensjoner-120-x-21-cm-h-x-b-dimensjoner-paa-bunnplaten-30-x-16-cm","9":"pa_ean-5714652000268-no","10":"pa_indhold-1-stativ-4-ankerkroker","11":"pa_maerke-blaupunkt-no","12":"pa_materiale-rustfritt-staal","13":"pa_model-nr-astawb1-no","15":"first","16":"instock","17":"taxable","18":"shipping-taxable","19":"purchasable","20":"product-type-simple"},"jetpack_sharing_enabled":true,"_links":{"self":[{"href":"https:\/\/voltcarshop.com\/no\/wp-json\/wp\/v2\/product\/2032","targetHints":{"allow":["GET"]}}],"collection":[{"href":"https:\/\/voltcarshop.com\/no\/wp-json\/wp\/v2\/product"}],"about":[{"href":"https:\/\/voltcarshop.com\/no\/wp-json\/wp\/v2\/types\/product"}],"wp:featuredmedia":[{"embeddable":true,"href":"https:\/\/voltcarshop.com\/no\/wp-json\/wp\/v2\/media\/1142"}],"wp:attachment":[{"href":"https:\/\/voltcarshop.com\/no\/wp-json\/wp\/v2\/media?parent=2032"}],"wp:term":[{"taxonomy":"product_brand","embeddable":true,"href":"https:\/\/voltcarshop.com\/no\/wp-json\/wp\/v2\/product_brand?post=2032"},{"taxonomy":"product_cat","embeddable":true,"href":"https:\/\/voltcarshop.com\/no\/wp-json\/wp\/v2\/product_cat?post=2032"},{"taxonomy":"product_tag","embeddable":true,"href":"https:\/\/voltcarshop.com\/no\/wp-json\/wp\/v2\/product_tag?post=2032"}],"curies":[{"name":"wp","href":"https:\/\/api.w.org\/{rel}","templated":true}]}}