{"id":2056,"date":"2021-02-01T22:32:09","date_gmt":"2021-02-01T22:32:09","guid":{"rendered":"https:\/\/voltcarshop.com\/vare\/blaupunkt-awb3p32at2ncb-veggladestasjon-type-2-3-faser-13\/"},"modified":"2024-04-20T17:21:52","modified_gmt":"2024-04-20T17:21:52","slug":"blaupunkt-awb3p32at2ncb-veggladestasjon-type-2-3-faser-13","status":"publish","type":"product","link":"https:\/\/voltcarshop.com\/no\/vare\/blaupunkt-awb3p32at2ncb-veggladestasjon-type-2-3-faser-13\/","title":{"rendered":"Blaupunkt AWB3P32AT2NCB veggladestasjon type 2 &#8211; 3 faser (13)"},"content":{"rendered":"<p>Blaupunkt ladestasjon modell AWB3P32AT2NCB er beregnet for hjemmeinstallasjon, slik at du enkelt kan lade elbilen hjemme. Ladestasjonen er veggmontert og bygget i henhold til IP55, slik at den kan installeres b\u00e5de innend\u00f8rs og utend\u00f8rs.<\/p>\n<p>Blaupunkt-ladestasjonen er designet med tanke p\u00e5 sikkerhet og brukervennlighet. Den har et innebygd jordfeilbryterrel\u00e9 av type B, som gir deg best mulig beskyttelse i hjemmet og gj\u00f8r at du slipper \u00e5 installere et ekstra rel\u00e9 i el-skapet.<\/p>\n<p>Ladestasjonen kan justeres mellom 10A og 32A, slik at du kan lade opptil 22 KW.<\/p>\n<p><strong>NB!<\/strong>  Ladestasjonen m\u00e5 installeres av en autorisert elektriker.<\/p>\n<p><strong>NB!<\/strong>  Stativ medf\u00f8lger ikke, m\u00e5 kj\u00f8pes separat.<\/p>\n<h3 class=\"rte_contents\">Passer til alle biler med Type 2-kontakter. Det er for eksempel de fleste europeiske elbiler:<\/h3>\n<ul>\n<li>BMW<\/li>\n<li>Audi<\/li>\n<li>Mercedes<\/li>\n<li>Nissan (nye Leaf-modeller)<\/li>\n<li>Volvo<\/li>\n<li>Tesla<\/li>\n<li>Volkswagen (e-Golf, e-up! og Passat GTE)<\/li>\n<\/ul>\n","protected":false},"excerpt":{"rendered":"<ul>\n<li>Blaupunkt-ladestasjon modell AWB3P32AT2NCB for hjemmeinstallasjon for enkel lading av elbilen.<\/li>\n<li>Passer til elbiler med Type 2-kontakter &#8211; og det er de fleste europeiske elbiler.<\/li>\n<li>Med innebygd jordfeilbryterrel\u00e9 av type B for best mulig beskyttelse, slik at du slipper \u00e5 installere ekstra rel\u00e9er i el-skapet.<\/li>\n<li>Justerbar mellom 10A og 32A, noe som gj\u00f8r det mulig \u00e5 lade opptil 22 KW.<\/li>\n<li><strong>NB!<\/strong>  Ladestasjonen m\u00e5 installeres av en autorisert elektriker.<\/li>\n<\/ul>\n","protected":false},"featured_media":2126,"template":"","meta":{"_monsterinsights_skip_tracking":false,"_monsterinsights_sitenote_active":false,"_monsterinsights_sitenote_note":"","_monsterinsights_sitenote_category":0,"_uf_show_specific_survey":0,"_uf_disable_surveys":false},"product_brand":[],"product_cat":[185,564],"product_tag":[],"class_list":{"0":"post-2056","1":"product","2":"type-product","3":"status-publish","4":"has-post-thumbnail","6":"product_cat-elbilladere","7":"product_cat-ladebokser","8":"pa_driftstemperatur-40-c-45-c","9":"pa_ean-5714652000251-no","10":"pa_fase-3-faset","11":"pa_frekvens-50-60-hz","12":"pa_ip-klasse-55-44-no","13":"pa_koeling-naturlig-kjoeling-no","14":"pa_maerke-blaupunkt-no","15":"pa_max-kw-220-kw-no","16":"pa_model-nr-awb3p32at2ncb-no","17":"pa_netto-vaegt-30-kg-no","18":"pa_nominel-stroem-10-32a-no-2","19":"pa_rccb-type-b-no","20":"pa_spaending-ac40010-no","21":"pa_type-anvendelse-ladestasjon-type-2","22":"pa_vekselstroem-ac-3pnpe-no-2","24":"first","25":"outofstock","26":"sale","27":"taxable","28":"shipping-taxable","29":"purchasable","30":"product-type-simple"},"jetpack_sharing_enabled":true,"_links":{"self":[{"href":"https:\/\/voltcarshop.com\/no\/wp-json\/wp\/v2\/product\/2056","targetHints":{"allow":["GET"]}}],"collection":[{"href":"https:\/\/voltcarshop.com\/no\/wp-json\/wp\/v2\/product"}],"about":[{"href":"https:\/\/voltcarshop.com\/no\/wp-json\/wp\/v2\/types\/product"}],"wp:featuredmedia":[{"embeddable":true,"href":"https:\/\/voltcarshop.com\/no\/wp-json\/wp\/v2\/media\/2126"}],"wp:attachment":[{"href":"https:\/\/voltcarshop.com\/no\/wp-json\/wp\/v2\/media?parent=2056"}],"wp:term":[{"taxonomy":"product_brand","embeddable":true,"href":"https:\/\/voltcarshop.com\/no\/wp-json\/wp\/v2\/product_brand?post=2056"},{"taxonomy":"product_cat","embeddable":true,"href":"https:\/\/voltcarshop.com\/no\/wp-json\/wp\/v2\/product_cat?post=2056"},{"taxonomy":"product_tag","embeddable":true,"href":"https:\/\/voltcarshop.com\/no\/wp-json\/wp\/v2\/product_tag?post=2056"}],"curies":[{"name":"wp","href":"https:\/\/api.w.org\/{rel}","templated":true}]}}