{"id":2077,"date":"2024-03-26T20:08:57","date_gmt":"2024-03-26T20:08:57","guid":{"rendered":"https:\/\/voltcarshop.com\/vare\/blaupunkt-p3pm2t2-baerbar-ladekabel-3-faset-type-2-16a-16\/"},"modified":"2024-04-20T17:22:09","modified_gmt":"2024-04-20T17:22:09","slug":"blaupunkt-p3pm2t2-baerbar-ladekabel-3-faset-type-2-16a-16","status":"publish","type":"product","link":"https:\/\/voltcarshop.com\/no\/vare\/blaupunkt-p3pm2t2-baerbar-ladekabel-3-faset-type-2-16a-16\/","title":{"rendered":"Blaupunkt P3PM2T2 B\u00e6rbar ladekabel 3-faset Type 2 16A (16)"},"content":{"rendered":"<p><iframe width=\"100%\" height=\"660\" src=\"https:\/\/www.youtube.com\/embed\/AHE3LQOAQno?rel=0&amp;controls=0&amp;showinfo=0&amp;autoplay=0&amp;loop=1&amp;modestbranding=1\" title=\"YouTube-videospiller\" frameborder=\"0\" allow=\"accelerometer; clipboard-write; encrypted-media; gyroscope; picture-in-picture; web-share\" referrerpolicy=\"strict-origin-when-cross-origin\" allowfullscreen=\"\"><\/iframe><\/p>\n<p>Blaupunkt P3PM2T2 gir deg maksimal frihet n\u00e5r du bruker elbilen din. Lad bilen uansett hvor du har tilgang til en 400V stikkontakt.<\/p>\n<p>Muligheten til \u00e5 stille inn Ampere mellom 8-16A betyr at du alltid kan f\u00e5 maksimalt ut av hva den tilgjengelige kontakten kan gj\u00f8re. Dette betyr at du kan oppn\u00e5 en ladeeffekt p\u00e5 opptil 11 KW.<\/p>\n<p>Den innebygde jordfeilbryteren gir sikkerhet mot feilstr\u00f8m.<\/p>\n<p>Med en IP65-sertifisering er laderen vanntett og st\u00f8vtett i en grad som gj\u00f8r den egnet for utend\u00f8rs bruk i praktisk talt alle situasjoner.<\/p>\n<p>For \u00e5 beskytte b\u00e5de bilen og laderen f\u00f8lger det med en transportveske der laderen kan oppbevares under alle former for transport.<\/p>\n<p>Med en total lengde p\u00e5 8 meter gir laderen deg maksimal fleksibilitet n\u00e5r du parkerer bilen.<\/p>\n<p>Passer til alle elbiler med Type 2-kontakt.<\/p>\n<h3 class=\"rte_contents\">Passer til de fleste europeiske elbiler, f.eks:<\/h3>\n<ul>\n<li>BMW<\/li>\n<li>Audi<\/li>\n<li>Mercedes<\/li>\n<li>Nissan (nye Leaf-modeller)<\/li>\n<li>Volvo<\/li>\n<li>Tesla<\/li>\n<li>Volkswagen (e-Golf, e-up! og Passat GTE)<\/li>\n<\/ul>\n","protected":false},"excerpt":{"rendered":"<p>Blaupunkt P3PM2T2 gir deg maksimal frihet n\u00e5r du bruker elbilen din. Lad bilen uansett hvor du har tilgang til en 400V stikkontakt.<\/p>\n<p>Muligheten til \u00e5 stille inn Ampere mellom 8-16A betyr at du alltid kan f\u00e5 maksimalt ut av hva den tilgjengelige kontakten kan gj\u00f8re. Dette betyr at du kan oppn\u00e5 en ladeeffekt p\u00e5 opptil 11 KW.<\/p>\n<p><b>H\u00f8ydepunkter:<br \/>\n<\/b><\/p>\n<ul>\n<li style=\"list-style-type: none;\">\n<ul>\n<li>Transportabel<\/li>\n<li>Lades ved hjelp av et 400 V str\u00f8muttak<\/li>\n<li>Type 2-kontakt<\/li>\n<li>Inklusive b\u00e6reveske<\/li>\n<li>Vanntett (IP65)<\/li>\n<li>Maks. kapasitet p\u00e5 11 KW<\/li>\n<\/ul>\n<\/li>\n<\/ul>\n","protected":false},"featured_media":2093,"template":"","meta":{"_monsterinsights_skip_tracking":false,"_monsterinsights_sitenote_active":false,"_monsterinsights_sitenote_note":"","_monsterinsights_sitenote_category":0,"_uf_show_specific_survey":0,"_uf_disable_surveys":false},"product_brand":[],"product_cat":[185,602],"product_tag":[],"class_list":{"0":"post-2077","1":"product","2":"type-product","3":"status-publish","4":"has-post-thumbnail","6":"product_cat-elbilladere","7":"product_cat-ladekabler-og-kabelholdere","8":"pa_brandvurdering-ul94-v-0-no-2","9":"pa_driftstemperatur-30-c-50-c","10":"pa_ean-5714652000350-no","11":"pa_fase-3-faset","12":"pa_ind_og_ekstration-80nf100n-no-4","13":"pa_ip-klasse-65-no","14":"pa_isolationsmodstand-1000m-no","15":"pa_kabel-laengde-8m-no","16":"pa_kontaktmodstand-mindre-enn-05-m","17":"pa_maerke-blaupunkt-no","18":"pa_materiale-termoplast-silikongummi-kobberlegering","19":"pa_max-kw-110-kw-no-3","20":"pa_model-nr-p3pm2t2-no","21":"pa_modstandsspaending-2000v-no","22":"pa_netto-vaegt-28-kg-no-2","23":"pa_nominel-stroem-8-10-13-16a-no","24":"pa_spaending-380-400v-no-2","25":"pa_type-anvendelse-baerbar-lader-for-elbiler","27":"first","28":"instock","29":"sale","30":"taxable","31":"shipping-taxable","32":"purchasable","33":"product-type-simple"},"jetpack_sharing_enabled":true,"_links":{"self":[{"href":"https:\/\/voltcarshop.com\/no\/wp-json\/wp\/v2\/product\/2077","targetHints":{"allow":["GET"]}}],"collection":[{"href":"https:\/\/voltcarshop.com\/no\/wp-json\/wp\/v2\/product"}],"about":[{"href":"https:\/\/voltcarshop.com\/no\/wp-json\/wp\/v2\/types\/product"}],"wp:featuredmedia":[{"embeddable":true,"href":"https:\/\/voltcarshop.com\/no\/wp-json\/wp\/v2\/media\/2093"}],"wp:attachment":[{"href":"https:\/\/voltcarshop.com\/no\/wp-json\/wp\/v2\/media?parent=2077"}],"wp:term":[{"taxonomy":"product_brand","embeddable":true,"href":"https:\/\/voltcarshop.com\/no\/wp-json\/wp\/v2\/product_brand?post=2077"},{"taxonomy":"product_cat","embeddable":true,"href":"https:\/\/voltcarshop.com\/no\/wp-json\/wp\/v2\/product_cat?post=2077"},{"taxonomy":"product_tag","embeddable":true,"href":"https:\/\/voltcarshop.com\/no\/wp-json\/wp\/v2\/product_tag?post=2077"}],"curies":[{"name":"wp","href":"https:\/\/api.w.org\/{rel}","templated":true}]}}