{"id":2168,"date":"2021-01-31T00:34:29","date_gmt":"2021-01-31T00:34:29","guid":{"rendered":"https:\/\/voltcarshop.com\/vare\/blaupunkt-a3p16at2-ladekabel-3-faser-type-2-16a-4\/"},"modified":"2024-04-20T17:21:51","modified_gmt":"2024-04-20T17:21:51","slug":"blaupunkt-a3p16at2-ladekabel-3-faser-type-2-16a-4","status":"publish","type":"product","link":"https:\/\/voltcarshop.com\/no\/vare\/blaupunkt-a3p16at2-ladekabel-3-faser-type-2-16a-4\/","title":{"rendered":"Blaupunkt A3P16AT2 Ladekabel 3 faser Type 2 16A (4)"},"content":{"rendered":"<p>Blaupunkt ladekabel modell A3P16AT2 er en 3-faset ladekabel for elbiler. Kabelen brukes mellom ladestasjonen og elbilen. Den passer til biler med Type 2-kontakter og er p\u00e5 16A (250V). 16A-kapasitet leverer opptil 11 KW effekt p\u00e5 3 faser.<\/p>\n<p>Kabelen er 8 meter lang, slik at den n\u00e5r rundt hele bilen og gir deg maksimal fleksibilitet. En Blaupunkt-ladekabel oppfyller IP54, noe som betyr at kabelen kan brukes trygt under alle v\u00e6rforhold.<\/p>\n<p>Leveres med en praktisk transportveske som beskytter b\u00e5de laderen og bilen under transport.<\/p>\n<h3 class=\"rte_contents\">Passer til de fleste europeiske elbiler, f.eks:<\/h3>\n<ul>\n<li>BMW<\/li>\n<li>Audi<\/li>\n<li>Mercedes<\/li>\n<li>Volvo<\/li>\n<li>Tesla<\/li>\n<\/ul>\n","protected":false},"excerpt":{"rendered":"<ul>\n<li>Blaupunkt ladekabel, modell A3P16AT2, for elbiler med Type 2-kontakt<\/li>\n<li>Kabelen er en 3-faset ladekabel og er p\u00e5 16A (250V), noe som gir opptil 11 KW effekt p\u00e5 3 faser.<\/li>\n<li>Den er 8 meter lang og gir deg maksimal fleksibilitet ettersom den n\u00e5r rundt hele bilen.<\/li>\n<li>IP54-klassifisert, slik at kabelen kan brukes utend\u00f8rs i all slags v\u00e6r, og er pakket i en praktisk b\u00e6reveske.<\/li>\n<li>Passer til de fleste europeiske elbiler<\/li>\n<\/ul>\n","protected":false},"featured_media":2177,"template":"","meta":{"_monsterinsights_skip_tracking":false,"_monsterinsights_sitenote_active":false,"_monsterinsights_sitenote_note":"","_monsterinsights_sitenote_category":0,"_uf_show_specific_survey":0,"_uf_disable_surveys":false},"product_brand":[],"product_cat":[185,602],"product_tag":[],"class_list":{"0":"post-2168","1":"product","2":"type-product","3":"status-publish","4":"has-post-thumbnail","6":"product_cat-elbilladere","7":"product_cat-ladekabler-og-kabelholdere","8":"pa_brandvurdering-ul94-v-0-no-2","9":"pa_driftstemperatur-30-c-50-c","10":"pa_ean-5714652000107-no","11":"pa_fase-3-faset","12":"pa_ind_og_ekstration-80nf100n-no-4","13":"pa_ip-klasse-54-no-2","14":"pa_isolationsmodstand-1000m-no","15":"pa_kabel-laengde-8m-no","16":"pa_kontaktmodstand-mindre-enn-05-m","17":"pa_maerke-blaupunkt-no","18":"pa_materiale-termoplast-silikongummi-kobberlegering","19":"pa_max-kw-110-kw-no-3","20":"pa_model-nr-a3p16at2-no","21":"pa_modstandsspaending-2000v-no","22":"pa_netto-vaegt-28-kg-no-2","23":"pa_nominel-stroem-16a-no","24":"pa_spaending-380v-450v-no","25":"pa_type-anvendelse-type-2-til-type-2-no","27":"first","28":"instock","29":"taxable","30":"shipping-taxable","31":"purchasable","32":"product-type-simple"},"jetpack_sharing_enabled":true,"_links":{"self":[{"href":"https:\/\/voltcarshop.com\/no\/wp-json\/wp\/v2\/product\/2168","targetHints":{"allow":["GET"]}}],"collection":[{"href":"https:\/\/voltcarshop.com\/no\/wp-json\/wp\/v2\/product"}],"about":[{"href":"https:\/\/voltcarshop.com\/no\/wp-json\/wp\/v2\/types\/product"}],"wp:featuredmedia":[{"embeddable":true,"href":"https:\/\/voltcarshop.com\/no\/wp-json\/wp\/v2\/media\/2177"}],"wp:attachment":[{"href":"https:\/\/voltcarshop.com\/no\/wp-json\/wp\/v2\/media?parent=2168"}],"wp:term":[{"taxonomy":"product_brand","embeddable":true,"href":"https:\/\/voltcarshop.com\/no\/wp-json\/wp\/v2\/product_brand?post=2168"},{"taxonomy":"product_cat","embeddable":true,"href":"https:\/\/voltcarshop.com\/no\/wp-json\/wp\/v2\/product_cat?post=2168"},{"taxonomy":"product_tag","embeddable":true,"href":"https:\/\/voltcarshop.com\/no\/wp-json\/wp\/v2\/product_tag?post=2168"}],"curies":[{"name":"wp","href":"https:\/\/api.w.org\/{rel}","templated":true}]}}