{"id":2228,"date":"2021-02-01T13:38:09","date_gmt":"2021-02-01T13:38:09","guid":{"rendered":"https:\/\/voltcarshop.com\/vare\/blaupunkt-a1p16at2-ladekabel-1-fase-type-2-16a-3\/"},"modified":"2024-04-20T17:21:50","modified_gmt":"2024-04-20T17:21:50","slug":"blaupunkt-a1p16at2-ladekabel-1-fase-type-2-16a-3","status":"publish","type":"product","link":"https:\/\/voltcarshop.com\/no\/vare\/blaupunkt-a1p16at2-ladekabel-1-fase-type-2-16a-3\/","title":{"rendered":"Blaupunkt A1P16AT2 ladekabel 1-fase Type 2 16A (3)"},"content":{"rendered":"<p>Blaupunkt ladekabel modell A1P16AT2 er en enfaset ladekabel for elbiler. Kabelen brukes mellom ladestasjonen og elbilen. Den passer til biler med Type 2-kontakter og er p\u00e5 16A (250V). 16A-kapasitet gir en effekt p\u00e5 opptil 3,7 KW.<\/p>\n<p>Kabelen er 8 meter lang, slik at den n\u00e5r rundt hele bilen og gir deg maksimal fleksibilitet. Blaupunkts ladekabel oppfyller IP54, noe som gj\u00f8r den trygg \u00e5 bruke utend\u00f8rs i all slags v\u00e6r.<\/p>\n<p>Leveres med en praktisk transportveske som beskytter b\u00e5de laderen og bilen under transport.<\/p>\n<h3 class=\"rte_contents\">Passer til de fleste europeiske elbiler, f.eks:<\/h3>\n<ul>\n<li>BMW<\/li>\n<li>Audi<\/li>\n<li>Mercedes<\/li>\n<li>Nissan (nye Leaf-modeller)<\/li>\n<li>Volvo<\/li>\n<li>Tesla<\/li>\n<li>Volkswagen (e-Golf, e-up! og Passat GTE)<\/li>\n<\/ul>\n","protected":false},"excerpt":{"rendered":"<ul>\n<li>Blaupunkt ladekabel, modell A1P16AT2, for elbiler med Type 2-kontakt<\/li>\n<li>Kabelen er en enfaset ladekabel p\u00e5 16 A (250 V), som gir en effekt p\u00e5 opptil 3,7 kW.<\/li>\n<li>Den er 8 meter lang og gir deg maksimal fleksibilitet ettersom den n\u00e5r rundt hele bilen.<\/li>\n<li>IP54-klassifisert, slik at kabelen kan brukes utend\u00f8rs i all slags v\u00e6r, og er pakket i en praktisk b\u00e6reveske.<\/li>\n<li>Passer til de fleste europeiske elbiler<\/li>\n<\/ul>\n","protected":false},"featured_media":1077,"template":"","meta":{"_monsterinsights_skip_tracking":false,"_monsterinsights_sitenote_active":false,"_monsterinsights_sitenote_note":"","_monsterinsights_sitenote_category":0,"_uf_show_specific_survey":0,"_uf_disable_surveys":false},"product_brand":[],"product_cat":[185,602],"product_tag":[],"class_list":{"0":"post-2228","1":"product","2":"type-product","3":"status-publish","4":"has-post-thumbnail","6":"product_cat-elbilladere","7":"product_cat-ladekabler-og-kabelholdere","8":"pa_brandvurdering-ul94-v-0-no-2","9":"pa_driftstemperatur-30-c-50-c","10":"pa_ean-5714652000091-no","11":"pa_fase-1-fase-no","12":"pa_ind_og_ekstration-80nf100n-no-4","13":"pa_ip-klasse-54-no-2","14":"pa_isolationsmodstand-1000m-no","15":"pa_kabel-laengde-8m-no","16":"pa_kontaktmodstand-mindre-enn-05-m","17":"pa_maerke-blaupunkt-no","18":"pa_materiale-termoplast-silikongummi-kobberlegering","19":"pa_max-kw-37-kw-no","20":"pa_model-nr-a1p16at2-no","21":"pa_modstandsspaending-2000v-no","22":"pa_netto-vaegt-18-kg-no","23":"pa_nominel-stroem-16a-no","24":"pa_spaending-220v-250v-no","25":"pa_type-anvendelse-type-2-til-type-2-no","27":"first","28":"instock","29":"taxable","30":"shipping-taxable","31":"purchasable","32":"product-type-simple"},"jetpack_sharing_enabled":true,"_links":{"self":[{"href":"https:\/\/voltcarshop.com\/no\/wp-json\/wp\/v2\/product\/2228","targetHints":{"allow":["GET"]}}],"collection":[{"href":"https:\/\/voltcarshop.com\/no\/wp-json\/wp\/v2\/product"}],"about":[{"href":"https:\/\/voltcarshop.com\/no\/wp-json\/wp\/v2\/types\/product"}],"wp:featuredmedia":[{"embeddable":true,"href":"https:\/\/voltcarshop.com\/no\/wp-json\/wp\/v2\/media\/1077"}],"wp:attachment":[{"href":"https:\/\/voltcarshop.com\/no\/wp-json\/wp\/v2\/media?parent=2228"}],"wp:term":[{"taxonomy":"product_brand","embeddable":true,"href":"https:\/\/voltcarshop.com\/no\/wp-json\/wp\/v2\/product_brand?post=2228"},{"taxonomy":"product_cat","embeddable":true,"href":"https:\/\/voltcarshop.com\/no\/wp-json\/wp\/v2\/product_cat?post=2228"},{"taxonomy":"product_tag","embeddable":true,"href":"https:\/\/voltcarshop.com\/no\/wp-json\/wp\/v2\/product_tag?post=2228"}],"curies":[{"name":"wp","href":"https:\/\/api.w.org\/{rel}","templated":true}]}}