{"id":2619,"date":"2024-04-18T12:07:07","date_gmt":"2024-04-18T12:07:07","guid":{"rendered":"https:\/\/voltcarshop.com\/?post_type=product&#038;p=2619"},"modified":"2024-05-06T18:57:07","modified_gmt":"2024-05-06T18:57:07","slug":"blaupunkt-p3pm2t2-baerbar-ladekabel-3-faset-type-2-16a-16-kopier-kopier","status":"publish","type":"product","link":"https:\/\/voltcarshop.com\/no\/vare\/blaupunkt-p3pm2t2-baerbar-ladekabel-3-faset-type-2-16a-16-kopier-kopier\/","title":{"rendered":"Blaupunkt P1PM2T2 Transportabel ladekabel 1 fase Type 2 6A (14 &#8211; DK230V)"},"content":{"rendered":"<p>Blaupunkt P1PM2T2 gir deg maksimal frihet n\u00e5r du bruker elbilen din. Lad bilen uansett hvor du har tilgang til en 230 V-kontakt.<\/p>\n<p>De 6 ampere gir en ladeeffekt p\u00e5 1,4 KW.<\/p>\n<p>Den innebygde jordfeilbryteren gir sikkerhet mot feilstr\u00f8m.<\/p>\n<p>Med en IP54-sertifisering er laderen vann- og st\u00f8vbestandig i en grad som gj\u00f8r den egnet for utend\u00f8rs bruk i praktisk talt alle situasjoner.<\/p>\n<p>For \u00e5 beskytte b\u00e5de bilen og laderen f\u00f8lger det med en transportveske der laderen kan oppbevares under alle former for transport.<\/p>\n<p>Med en total lengde p\u00e5 8 meter gir laderen deg maksimal fleksibilitet n\u00e5r du parkerer bilen.<\/p>\n<p>Passer til alle elbiler med Type 2-kontakt.<\/p>\n<h3 class=\"rte_contents\">Passer til de fleste europeiske elbiler, f.eks:<\/h3>\n<ul>\n<li>BMW<\/li>\n<li>Audi<\/li>\n<li>Mercedes<\/li>\n<li>Nissan (nye Leaf-modeller)<\/li>\n<li>Volvo<\/li>\n<li>Tesla<\/li>\n<li>Volkswagen (e-Golf, e-up! og Passat GTE)<\/li>\n<\/ul>\n","protected":false},"excerpt":{"rendered":"<p>Blaupunkt P1PM2T2 gir deg maksimal frihet n\u00e5r du bruker elbilen din. Lad bilen uansett hvor du har tilgang til en 230 V-kontakt.<\/p>\n<p>De 6 ampere gir en ladeeffekt p\u00e5 1,4 KW.<\/p>\n<p><b>H\u00f8ydepunkter:<br \/>\n<\/b><\/p>\n<ul>\n<li style=\"list-style-type: none;\">\n<ul>\n<li>Transportabel<\/li>\n<li>Lades ved hjelp av en 230V stikkontakt.<\/li>\n<li>Type 2-kontakt<\/li>\n<li>Inklusive b\u00e6reveske<\/li>\n<li>Vanntett (IP54)<\/li>\n<li>Maks. kapasitet p\u00e5 1,4 KW<\/li>\n<\/ul>\n<\/li>\n<\/ul>\n","protected":false},"featured_media":2637,"template":"","meta":{"_monsterinsights_skip_tracking":false,"_monsterinsights_sitenote_active":false,"_monsterinsights_sitenote_note":"","_monsterinsights_sitenote_category":0,"_uf_show_specific_survey":0,"_uf_disable_surveys":false},"product_brand":[],"product_cat":[185,602],"product_tag":[],"class_list":{"0":"post-2619","1":"product","2":"type-product","3":"status-publish","4":"has-post-thumbnail","6":"product_cat-elbilladere","7":"product_cat-ladekabler-og-kabelholdere","8":"pa_brandvurdering-ul94-v-0-no-2","9":"pa_driftstemperatur-30-c-50-c","10":"pa_ean-5714652000336-no","11":"pa_fase-1-fase-no","12":"pa_ind_og_ekstration-80nf100n-no-4","13":"pa_ip-klasse-54-no-3","14":"pa_isolationsmodstand-1000m-no","15":"pa_kabel-laengde-8m-no","16":"pa_kontaktmodstand-mindre-enn-05-m","17":"pa_maerke-blaupunkt-no","18":"pa_materiale-termoplast-silikongummi-kobberlegering","19":"pa_max-kw-37-kw-no-2","20":"pa_model-nr-p1pm2t2-no","21":"pa_modstandsspaending-2000v-no","22":"pa_netto-vaegt-30-kg-no","23":"pa_nominel-stroem-8-10-13-16a-no","24":"pa_spaending-200v-250v-no","25":"pa_type-anvendelse-baerbar-lader-for-elbiler","27":"first","28":"instock","29":"taxable","30":"shipping-taxable","31":"purchasable","32":"product-type-simple"},"jetpack_sharing_enabled":true,"_links":{"self":[{"href":"https:\/\/voltcarshop.com\/no\/wp-json\/wp\/v2\/product\/2619","targetHints":{"allow":["GET"]}}],"collection":[{"href":"https:\/\/voltcarshop.com\/no\/wp-json\/wp\/v2\/product"}],"about":[{"href":"https:\/\/voltcarshop.com\/no\/wp-json\/wp\/v2\/types\/product"}],"wp:featuredmedia":[{"embeddable":true,"href":"https:\/\/voltcarshop.com\/no\/wp-json\/wp\/v2\/media\/2637"}],"wp:attachment":[{"href":"https:\/\/voltcarshop.com\/no\/wp-json\/wp\/v2\/media?parent=2619"}],"wp:term":[{"taxonomy":"product_brand","embeddable":true,"href":"https:\/\/voltcarshop.com\/no\/wp-json\/wp\/v2\/product_brand?post=2619"},{"taxonomy":"product_cat","embeddable":true,"href":"https:\/\/voltcarshop.com\/no\/wp-json\/wp\/v2\/product_cat?post=2619"},{"taxonomy":"product_tag","embeddable":true,"href":"https:\/\/voltcarshop.com\/no\/wp-json\/wp\/v2\/product_tag?post=2619"}],"curies":[{"name":"wp","href":"https:\/\/api.w.org\/{rel}","templated":true}]}}