{"id":2654,"date":"2024-04-18T09:46:11","date_gmt":"2024-04-18T09:46:11","guid":{"rendered":"https:\/\/voltcarshop.com\/vare\/veggfeste-for-baerbare-elbil-ladere-b1wmsm2\/"},"modified":"2024-04-20T17:22:09","modified_gmt":"2024-04-20T17:22:09","slug":"veggfeste-for-baerbare-elbil-ladere-b1wmsm2","status":"publish","type":"product","link":"https:\/\/voltcarshop.com\/no\/vare\/veggfeste-for-baerbare-elbil-ladere-b1wmsm2\/","title":{"rendered":"Veggfeste for b\u00e6rbare elbil-ladere B1WMSM2"},"content":{"rendered":"<p>Dette robuste veggfestet er designet for \u00e5 holde de b\u00e6rbare elbilladerne dine trygt og effektivt. Det er en ideell l\u00f8sning for \u00e5 organisere garasjen eller ladestasjonen og s\u00f8rge for at laderne alltid er lett tilgjengelige og lett \u00e5 oppbevare.<\/p>\n<p>Kan brukes med f\u00f8lgende Blaupunkt-modeller:<\/p>\n<p><strong>Blaupunkt P1PM2T2<\/strong><br \/>\n<strong>Blaupunkt P3PM2T2<\/strong><br \/>\n<strong>Blaupunkt P3P6MT2<\/strong><\/p>\n<p><strong>Informasjon om vekt:<\/strong><\/p>\n<p>Bruttovekt (GW): 1,20 kg<br \/>\nNettovekt (NW): 0,80 kg<\/p>\n<p>Hold elbilladere organisert og klare til bruk med dette praktiske veggfestet.<\/p>\n","protected":false},"excerpt":{"rendered":"<p>Hold elbilladere organisert og klare til bruk med dette praktiske veggfestet.<\/p>\n<p><strong>Egnet for:<\/strong><\/p>\n<p>Blaupunkt P1PM2T2<br \/>\nBlaupunkt P3PM2T2<br \/>\nBlaupunkt P3P6MT2<\/p>\n","protected":false},"featured_media":2533,"template":"","meta":{"_monsterinsights_skip_tracking":false,"_monsterinsights_sitenote_active":false,"_monsterinsights_sitenote_note":"","_monsterinsights_sitenote_category":0,"_uf_show_specific_survey":0,"_uf_disable_surveys":false},"product_brand":[],"product_cat":[908],"product_tag":[],"class_list":{"0":"post-2654","1":"product","2":"type-product","3":"status-publish","4":"has-post-thumbnail","6":"product_cat-tilbehoer-no","8":"first","9":"instock","10":"taxable","11":"shipping-taxable","12":"purchasable","13":"product-type-simple"},"jetpack_sharing_enabled":true,"_links":{"self":[{"href":"https:\/\/voltcarshop.com\/no\/wp-json\/wp\/v2\/product\/2654","targetHints":{"allow":["GET"]}}],"collection":[{"href":"https:\/\/voltcarshop.com\/no\/wp-json\/wp\/v2\/product"}],"about":[{"href":"https:\/\/voltcarshop.com\/no\/wp-json\/wp\/v2\/types\/product"}],"wp:featuredmedia":[{"embeddable":true,"href":"https:\/\/voltcarshop.com\/no\/wp-json\/wp\/v2\/media\/2533"}],"wp:attachment":[{"href":"https:\/\/voltcarshop.com\/no\/wp-json\/wp\/v2\/media?parent=2654"}],"wp:term":[{"taxonomy":"product_brand","embeddable":true,"href":"https:\/\/voltcarshop.com\/no\/wp-json\/wp\/v2\/product_brand?post=2654"},{"taxonomy":"product_cat","embeddable":true,"href":"https:\/\/voltcarshop.com\/no\/wp-json\/wp\/v2\/product_cat?post=2654"},{"taxonomy":"product_tag","embeddable":true,"href":"https:\/\/voltcarshop.com\/no\/wp-json\/wp\/v2\/product_tag?post=2654"}],"curies":[{"name":"wp","href":"https:\/\/api.w.org\/{rel}","templated":true}]}}