{"id":2656,"date":"2024-04-18T10:09:04","date_gmt":"2024-04-18T10:09:04","guid":{"rendered":"https:\/\/voltcarshop.com\/vare\/universell-holder-bchv1m2-for-ev-type-2-kontakter\/"},"modified":"2024-04-20T17:22:09","modified_gmt":"2024-04-20T17:22:09","slug":"universell-holder-bchv1m2-for-ev-type-2-kontakter","status":"publish","type":"product","link":"https:\/\/voltcarshop.com\/no\/vare\/universell-holder-bchv1m2-for-ev-type-2-kontakter\/","title":{"rendered":"Universell holder BCHV1M2 for EV Type 2-kontakter"},"content":{"rendered":"<p>Denne universelle holderen er ideell for alle ladestasjoner og passer til de fleste kabler med Type 2-kontakter. Den allsidige designen s\u00f8rger for sikker og stabil oppbevaring av ladepluggen, noe som gj\u00f8r den til et uunnv\u00e6rlig tillegg for \u00e5 holde ladestasjonen organisert og effektiv.<\/p>\n<p><strong>Informasjon om vekt:<\/strong><\/p>\n<ul>\n<li>Bruttovekt (GW): 1,20 kg<\/li>\n<li>Nettovekt (NW): 0,80 kg<\/li>\n<\/ul>\n<p>Med denne praktiske og robuste holderen er Type 2-kontakten alltid beskyttet og lett tilgjengelig.<\/p>\n","protected":false},"excerpt":{"rendered":"<p>Denne universelle holderen er ideell for alle ladestasjoner og passer til de fleste kabler med Type 2-kontakter. Den allsidige designen s\u00f8rger for sikker og stabil oppbevaring av ladepluggen, noe som gj\u00f8r den til et uunnv\u00e6rlig tillegg for \u00e5 holde ladestasjonen organisert og effektiv.<\/p>\n","protected":false},"featured_media":2558,"template":"","meta":{"_monsterinsights_skip_tracking":false,"_monsterinsights_sitenote_active":false,"_monsterinsights_sitenote_note":"","_monsterinsights_sitenote_category":0,"_uf_show_specific_survey":0,"_uf_disable_surveys":false},"product_brand":[],"product_cat":[908],"product_tag":[],"class_list":{"0":"post-2656","1":"product","2":"type-product","3":"status-publish","4":"has-post-thumbnail","6":"product_cat-tilbehoer-no","8":"first","9":"instock","10":"taxable","11":"shipping-taxable","12":"purchasable","13":"product-type-simple"},"jetpack_sharing_enabled":true,"_links":{"self":[{"href":"https:\/\/voltcarshop.com\/no\/wp-json\/wp\/v2\/product\/2656","targetHints":{"allow":["GET"]}}],"collection":[{"href":"https:\/\/voltcarshop.com\/no\/wp-json\/wp\/v2\/product"}],"about":[{"href":"https:\/\/voltcarshop.com\/no\/wp-json\/wp\/v2\/types\/product"}],"wp:featuredmedia":[{"embeddable":true,"href":"https:\/\/voltcarshop.com\/no\/wp-json\/wp\/v2\/media\/2558"}],"wp:attachment":[{"href":"https:\/\/voltcarshop.com\/no\/wp-json\/wp\/v2\/media?parent=2656"}],"wp:term":[{"taxonomy":"product_brand","embeddable":true,"href":"https:\/\/voltcarshop.com\/no\/wp-json\/wp\/v2\/product_brand?post=2656"},{"taxonomy":"product_cat","embeddable":true,"href":"https:\/\/voltcarshop.com\/no\/wp-json\/wp\/v2\/product_cat?post=2656"},{"taxonomy":"product_tag","embeddable":true,"href":"https:\/\/voltcarshop.com\/no\/wp-json\/wp\/v2\/product_tag?post=2656"}],"curies":[{"name":"wp","href":"https:\/\/api.w.org\/{rel}","templated":true}]}}