{"id":1735,"date":"2020-04-22T18:25:44","date_gmt":"2020-04-22T18:25:44","guid":{"rendered":"https:\/\/voltcarshop.com\/integritetspolicy\/"},"modified":"2024-04-14T12:24:15","modified_gmt":"2024-04-14T12:24:15","slug":"integritetspolicy","status":"publish","type":"page","link":"https:\/\/voltcarshop.com\/sv\/integritetspolicy\/","title":{"rendered":"Integritetspolicy"},"content":{"rendered":"\n<h3 class=\"wp-block-heading\">Om denna cookiepolicy<\/h3>\n\n<p>Denna cookiepolicy f\u00f6rklarar vad cookies \u00e4r och hur vi anv\u00e4nder dem, vilka typer av cookies vi anv\u00e4nder, dvs. vilken information vi samlar in med hj\u00e4lp av cookies och hur denna information anv\u00e4nds, samt hur du kontrollerar cookieinst\u00e4llningarna. F\u00f6r mer information om hur vi anv\u00e4nder, lagrar och beh\u00e5ller dina personuppgifter, se v\u00e5r integritetspolicy.Du kan n\u00e4r som helst \u00e4ndra eller dra tillbaka ditt samtycke fr\u00e5n cookie-deklarationen p\u00e5 v\u00e5r webbplats.L\u00e4s mer om vilka vi \u00e4r, hur du kan kontakta oss och hur vi behandlar personuppgifter i v\u00e5r integritetspolicy.Ditt samtycke g\u00e4ller f\u00f6r f\u00f6ljande dom\u00e4ner: thycykler.dk<\/p>\n\n<h3 class=\"wp-block-heading\">Vad \u00e4r cookies?<\/h3>\n\n<p>Cookies \u00e4r sm\u00e5 textfiler som anv\u00e4nds f\u00f6r att lagra sm\u00e5 bitar av information. De lagras p\u00e5 din enhet n\u00e4r webbplatsen laddas i din webbl\u00e4sare. Dessa cookies hj\u00e4lper oss att f\u00e5 webbplatsen att fungera korrekt, g\u00f6ra den s\u00e4krare, ge b\u00e4ttre anv\u00e4ndarupplevelse och f\u00f6rst\u00e5 hur webbplatsen fungerar och att analysera vad som fungerar och var den beh\u00f6ver f\u00f6rb\u00e4ttras.<\/p>\n\n<h3 class=\"wp-block-heading\">Hur anv\u00e4nder vi cookies?<\/h3>\n\n<p>Liksom de flesta onlinetj\u00e4nster anv\u00e4nder v\u00e5r webbplats f\u00f6rstaparts- och tredjepartscookies f\u00f6r flera \u00e4ndam\u00e5l. Tredjepartscookies som anv\u00e4nds p\u00e5 v\u00e5r webbplats \u00e4r fr\u00e4mst till f\u00f6r att f\u00f6rst\u00e5 hur webbplatsen fungerar, hur du interagerar med v\u00e5r webbplats, h\u00e5lla v\u00e5ra tj\u00e4nster s\u00e4kra, leverera annonser som \u00e4r relevanta f\u00f6r dig, och \u00f6verlag ge dig en b\u00e4ttre och f\u00f6rb\u00e4ttrad anv\u00e4ndarupplevelse och hj\u00e4lpa till att p\u00e5skynda dina framtida interaktioner med v\u00e5r webbplats.<\/p>\n\n<h3 class=\"wp-block-heading\">Vilka typer av cookies anv\u00e4nder vi?<\/h3>\n\n<p>Viktiga: Vissa cookies \u00e4r n\u00f6dv\u00e4ndiga f\u00f6r att du ska kunna anv\u00e4nda alla funktioner p\u00e5 v\u00e5r webbplats. De g\u00f6r det m\u00f6jligt f\u00f6r oss att uppr\u00e4tth\u00e5lla anv\u00e4ndarsessioner och f\u00f6rhindra eventuella s\u00e4kerhetshot. De samlar inte in eller lagrar personlig information. Med hj\u00e4lp av dessa cookies kan du till exempel logga in p\u00e5 ditt konto och l\u00e4gga till produkter i din varukorg och checka ut p\u00e5 ett s\u00e4kert s\u00e4tt.Statistik: Dessa cookies lagrar information som antalet bes\u00f6kare p\u00e5 webbplatsen, antalet unika bes\u00f6kare, vilka sidor p\u00e5 webbplatsen som har bes\u00f6kts, k\u00e4llan till bes\u00f6ket osv. Dessa uppgifter hj\u00e4lper oss att f\u00f6rst\u00e5 och analysera hur v\u00e4l webbplatsen fungerar och var den beh\u00f6ver f\u00f6rb\u00e4ttras.marknadsf\u00f6ring: V\u00e5r webbplats visar annonser. Dessa cookies anv\u00e4nds f\u00f6r att anpassa de annonser vi visar dig s\u00e5 att de \u00e4r meningsfulla f\u00f6r dig. Informationen som lagras i dessa cookies kan ocks\u00e5 anv\u00e4ndas av tredjepartsannonsleverant\u00f6rer f\u00f6r att visa dig annonser p\u00e5 andra webbplatser i webbl\u00e4saren.Funktionella: TT Dessa \u00e4r de cookies som hj\u00e4lper vissa icke-v\u00e4sentliga funktioner p\u00e5 v\u00e5r webbplats. Dessa funktioner inkluderar inb\u00e4ddning av inneh\u00e5ll som videor eller delning av webbplatsinneh\u00e5ll p\u00e5 sociala medieplattformar.Preferenser: Dessa cookies hj\u00e4lper oss att spara dina inst\u00e4llningar och webbl\u00e4sarpreferenser som spr\u00e5kinst\u00e4llningar s\u00e5 att du f\u00e5r en b\u00e4ttre och effektiv upplevelse vid framtida bes\u00f6k p\u00e5 webbplatsen.<br\/><br\/>Vi anv\u00e4nder dessa cookies p\u00e5 v\u00e5r webbplats:<\/p>\n\n<figure class=\"wp-block-table\"><table><thead><tr><th scope=\"col\">Kaka<\/th><th scope=\"col\">Dom\u00e4n<\/th><th scope=\"col\">Typ  <\/th><th scope=\"col\">Beskrivning<\/th><th scope=\"col\">Varaktighet<\/th><\/tr><\/thead><tbody><tr><td>Jag \u00e4r en<\/td><td>.voltcarshop.com<\/td><td>Analys<\/td><td>Denna cookie installeras av Google Analytics. Cookien anv\u00e4nds f\u00f6r att ber\u00e4kna bes\u00f6kar-, sessions- och kampanjdata och h\u00e5lla reda p\u00e5 hur webbplatsen anv\u00e4nds f\u00f6r webbplatsens analysrapport. Cookies lagrar information anonymt och tilldelar ett slumpm\u00e4ssigt genererat nummer f\u00f6r att identifiera unika bes\u00f6kare.<\/td><td>2 \u00e5r<\/td><\/tr><tr><td>id<\/td><td>.voltcarshop.com<\/td><td>Analys<\/td><td>Denna cookie installeras av Google Analytics. Cookien anv\u00e4nds f\u00f6r att lagra information om hur bes\u00f6kare anv\u00e4nder en webbplats och hj\u00e4lper till att skapa en analysrapport om hur webbplatsen fungerar. De uppgifter som samlas in omfattar antalet bes\u00f6kare, den k\u00e4lla de kommer ifr\u00e5n och de sidor som visats i anonym form.<\/td><td>1 dag<\/td><\/tr><tr><td>tk_or<\/td><td>.voltcarshop.com<\/td><td>Analys<\/td><td>Denna cookie s\u00e4tts av JetPack-plugin p\u00e5 webbplatser som anv\u00e4nder WooCommerce. Detta \u00e4r en h\u00e4nvisningscookie som anv\u00e4nds f\u00f6r att analysera h\u00e4nvisningsbeteende f\u00f6r Jetpack<\/td><td>5 \u00e5r<\/td><\/tr><tr><td>tk_r3d<\/td><td>.voltcarshop.com<\/td><td>Analys<\/td><td>Cookien installeras av JetPack. Anv\u00e4nds f\u00f6r interna m\u00e4tningar av anv\u00e4ndaraktiviteter f\u00f6r att f\u00f6rb\u00e4ttra anv\u00e4ndarupplevelsen<\/td><td>3 dagar<\/td><\/tr><tr><td>tk_lr<\/td><td>.voltcarshop.com<\/td><td>Analys<\/td><td>Denna cookie s\u00e4tts av JetPack-plugin p\u00e5 webbplatser som anv\u00e4nder WooCommerce. Detta \u00e4r en h\u00e4nvisningscookie som anv\u00e4nds f\u00f6r att analysera h\u00e4nvisningsbeteende f\u00f6r Jetpack<\/td><td>1 \u00e5r<\/td><\/tr><tr><td>PHPSESSID<\/td><td>voltcarshop.com<\/td><td>N\u00f6dv\u00e4ndigt<\/td><td>Denna cookie \u00e4r inbyggd i PHP-applikationer. Cookien anv\u00e4nds f\u00f6r att lagra och identifiera anv\u00e4ndarens unika sessions-ID i syfte att hantera anv\u00e4ndarsessionen p\u00e5 webbplatsen. Cookien \u00e4r en sessionscookie och raderas n\u00e4r alla webbl\u00e4sarf\u00f6nster st\u00e4ngs.<\/td><td>session<\/td><\/tr><tr><td>__cfduid<\/td><td>.tawk.to<\/td><td>N\u00f6dv\u00e4ndigt<\/td><td>Cookien anv\u00e4nds av cdn-tj\u00e4nster som CloudFare f\u00f6r att identifiera enskilda kunder bakom en delad IP-adress och till\u00e4mpa s\u00e4kerhetsinst\u00e4llningar f\u00f6r varje enskild kund. Det motsvarar inte n\u00e5got anv\u00e4ndar-ID i webbapplikationen och lagrar inte n\u00e5gon personligt identifierbar information.<\/td><td>1 m\u00e5nad<\/td><\/tr><\/tbody><\/table><\/figure>\n\n<h3 class=\"wp-block-heading\">Hur kan jag kontrollera cookie-inst\u00e4llningarna?<\/h3>\n\n<p>Om du best\u00e4mmer dig f\u00f6r att \u00e4ndra dina inst\u00e4llningar senare under din webbl\u00e4sarsession kan du klicka p\u00e5 fliken &#8220;Sekretess- och cookiepolicy&#8221; p\u00e5 din sk\u00e4rm. D\u00e5 visas meddelandet om samtycke igen, s\u00e5 att du kan \u00e4ndra dina inst\u00e4llningar eller dra tillbaka ditt samtycke helt och h\u00e5llet.Dessutom erbjuder olika webbl\u00e4sare olika metoder f\u00f6r att blockera och radera cookies som anv\u00e4nds av webbplatser. Du kan \u00e4ndra inst\u00e4llningarna i din webbl\u00e4sare f\u00f6r att blockera\/radera cookies. F\u00f6r mer information om hur du hanterar och tar bort cookies, bes\u00f6k wikipedia.org, www.allaboutcookies.org.<\/p>\n","protected":false},"excerpt":{"rendered":"<p>Om denna cookiepolicy Denna cookiepolicy f\u00f6rklarar vad cookies \u00e4r och hur vi anv\u00e4nder dem, vilka typer av cookies vi anv\u00e4nder, dvs. vilken information vi samlar in med hj\u00e4lp av cookies och hur denna information anv\u00e4nds, samt hur du kontrollerar cookieinst\u00e4llningarna. F\u00f6r mer information om hur vi anv\u00e4nder, lagrar och beh\u00e5ller dina personuppgifter, se v\u00e5r integritetspolicy.Du [&hellip;]<\/p>\n<div class=\"blog-share-comment\"><a class=\"readmore\" href=\"https:\/\/voltcarshop.com\/sv\/integritetspolicy\/ \">L\u00e6s mere<\/a><\/p>\n<div class=\"blog-share\"><span>Share :<\/span><\/p>\n<div class=\"share-social\">\n<ul>\n<li><a class=\"facebook\" target=\"_blank\" href=\"https:\/\/www.facebook.com\/sharer\/sharer.php?u=https:\/\/voltcarshop.com\/sv\/integritetspolicy\/\"><i class=\"fab fa-facebook\"><\/i><\/a><\/li>\n<li><a class=\"twitter\" target=\"_blank\" href=\"http:\/\/twitter.com\/intent\/tweet?text=Integritetspolicy&#038;url=https:\/\/voltcarshop.com\/sv\/integritetspolicy\/\"><i class=\"fab fa-twitter\"><\/i><\/a><\/li>\n<li><a class=\"pinterest\" target=\"_blank\" href=\"http:\/\/pinterest.com\/pin\/create\/bookmarklet\/?media=&#038;url=https:\/\/voltcarshop.com\/sv\/integritetspolicy\/&#038;is_video=false&#038;description=Integritetspolicy\"><i class=\"fab fa-pinterest\"><\/i><\/a><\/li>\n<\/ul>\n<\/div>\n<\/div>\n<\/div>\n","protected":false},"author":1,"featured_media":0,"parent":0,"menu_order":0,"comment_status":"closed","ping_status":"open","template":"","meta":{"_monsterinsights_skip_tracking":false,"_monsterinsights_sitenote_active":false,"_monsterinsights_sitenote_note":"","_monsterinsights_sitenote_category":0,"_uf_show_specific_survey":0,"_uf_disable_surveys":false,"footnotes":""},"class_list":["post-1735","page","type-page","status-publish","hentry"],"jetpack_sharing_enabled":true,"_links":{"self":[{"href":"https:\/\/voltcarshop.com\/sv\/wp-json\/wp\/v2\/pages\/1735","targetHints":{"allow":["GET"]}}],"collection":[{"href":"https:\/\/voltcarshop.com\/sv\/wp-json\/wp\/v2\/pages"}],"about":[{"href":"https:\/\/voltcarshop.com\/sv\/wp-json\/wp\/v2\/types\/page"}],"author":[{"embeddable":true,"href":"https:\/\/voltcarshop.com\/sv\/wp-json\/wp\/v2\/users\/1"}],"replies":[{"embeddable":true,"href":"https:\/\/voltcarshop.com\/sv\/wp-json\/wp\/v2\/comments?post=1735"}],"version-history":[{"count":0,"href":"https:\/\/voltcarshop.com\/sv\/wp-json\/wp\/v2\/pages\/1735\/revisions"}],"wp:attachment":[{"href":"https:\/\/voltcarshop.com\/sv\/wp-json\/wp\/v2\/media?parent=1735"}],"curies":[{"name":"wp","href":"https:\/\/api.w.org\/{rel}","templated":true}]}}