{"id":1959,"date":"2021-02-01T22:38:22","date_gmt":"2021-02-01T22:38:22","guid":{"rendered":"https:\/\/voltcarshop.com\/vare\/blaupunkt-stativ-astawb1-i-rostfritt-staal\/"},"modified":"2024-04-20T21:05:12","modified_gmt":"2024-04-20T21:05:12","slug":"blaupunkt-stativ-astawb1-i-rostfritt-staal","status":"publish","type":"product","link":"https:\/\/voltcarshop.com\/sv\/vare\/blaupunkt-stativ-astawb1-i-rostfritt-staal\/","title":{"rendered":"Blaupunkt-stativ ASTAWB1 i rostfritt st\u00e5l"},"content":{"rendered":"<p>Att ladda en elbil \u00e4r en fr\u00e5ga om f\u00f6rtroende. D\u00e4rf\u00f6r m\u00e5ste utrustningen naturligtvis uppfylla alla s\u00e4kerhetskrav.<\/p>\n<p>Denna standard i rostfritt st\u00e5l ger denna s\u00e4kerhet och kvalitet.<\/p>\n<p>Basen \u00e4r 120 cm h\u00f6g och den stabila botten (30 x 16 cm) kan f\u00e4stas i marken med de medf\u00f6ljande f\u00f6rankringskrokarna.<\/p>\n<p><strong>Detta stativ \u00e4r l\u00e4mpligt f\u00f6r Blaupunkt laddningsstationer AWB1P32AT2NCB och AWB3P32AT2NCB.<\/strong><\/p>\n","protected":false},"excerpt":{"rendered":"<p>Stativ i rostfritt st\u00e5l som passar bra till laddstationsmodellerna AWB1P32AT2NCB och AWB3P32AT2NCB.<\/p>\n","protected":false},"featured_media":1142,"template":"","meta":{"_monsterinsights_skip_tracking":false,"_monsterinsights_sitenote_active":false,"_monsterinsights_sitenote_note":"","_monsterinsights_sitenote_category":0,"_uf_show_specific_survey":0,"_uf_disable_surveys":false},"product_brand":[],"product_cat":[186,869],"product_tag":[],"class_list":{"0":"post-1959","1":"product","2":"type-product","3":"status-publish","4":"has-post-thumbnail","6":"product_cat-elbil-laddare","7":"product_cat-laddningsstationer-sv","8":"pa_dimensioner-maatt-120-x-21-cm-h-x-b-maatt-paa-bottenplatta-30-x-16-cm","9":"pa_ean-5714652000268-sv","10":"pa_indhold-1-stativ-4-foerankringskrokar","11":"pa_maerke-blaupunkt-sv","12":"pa_materiale-rostfritt-staal","13":"pa_model-nr-astawb1-sv-2","15":"first","16":"instock","17":"taxable","18":"shipping-taxable","19":"purchasable","20":"product-type-simple"},"jetpack_sharing_enabled":true,"_links":{"self":[{"href":"https:\/\/voltcarshop.com\/sv\/wp-json\/wp\/v2\/product\/1959","targetHints":{"allow":["GET"]}}],"collection":[{"href":"https:\/\/voltcarshop.com\/sv\/wp-json\/wp\/v2\/product"}],"about":[{"href":"https:\/\/voltcarshop.com\/sv\/wp-json\/wp\/v2\/types\/product"}],"wp:featuredmedia":[{"embeddable":true,"href":"https:\/\/voltcarshop.com\/sv\/wp-json\/wp\/v2\/media\/1142"}],"wp:attachment":[{"href":"https:\/\/voltcarshop.com\/sv\/wp-json\/wp\/v2\/media?parent=1959"}],"wp:term":[{"taxonomy":"product_brand","embeddable":true,"href":"https:\/\/voltcarshop.com\/sv\/wp-json\/wp\/v2\/product_brand?post=1959"},{"taxonomy":"product_cat","embeddable":true,"href":"https:\/\/voltcarshop.com\/sv\/wp-json\/wp\/v2\/product_cat?post=1959"},{"taxonomy":"product_tag","embeddable":true,"href":"https:\/\/voltcarshop.com\/sv\/wp-json\/wp\/v2\/product_tag?post=1959"}],"curies":[{"name":"wp","href":"https:\/\/api.w.org\/{rel}","templated":true}]}}