{"id":1960,"date":"2021-02-01T22:57:23","date_gmt":"2021-02-01T22:57:23","guid":{"rendered":"https:\/\/voltcarshop.com\/vare\/blaupunkt-b1p16at1-laddkabel-1-fas-typ-2-16a-10\/"},"modified":"2024-04-20T21:05:11","modified_gmt":"2024-04-20T21:05:11","slug":"blaupunkt-b1p16at1-laddkabel-1-fas-typ-2-16a-10","status":"publish","type":"product","link":"https:\/\/voltcarshop.com\/sv\/vare\/blaupunkt-b1p16at1-laddkabel-1-fas-typ-2-16a-10\/","title":{"rendered":"Blaupunkt B1P16AT1 laddkabel 1 fas Typ 2 16A (10)"},"content":{"rendered":"<p>Blaupunkt laddkabel modell B1P16AT1 \u00e4r en enfas laddkabel f\u00f6r elbilar. Kabeln anv\u00e4nds mellan laddstationen och elbilen. Den passar bilar med typ 2-kontakter och \u00e4r klassad f\u00f6r 16A (250V). 16A kapacitet ger upp till 3,7 KW effekt.<\/p>\n<p>Kabeln \u00e4r 2 meter l\u00e5ng.<\/p>\n<p>Blaupunkts laddkabel uppfyller IP54 och kan d\u00e4rf\u00f6r anv\u00e4ndas utomhus i alla v\u00e4der.<\/p>\n<h3 class=\"rte_contents\">Passar de flesta europeiska elbilar, t.ex:<\/h3>\n<ul>\n<li>BMW<\/li>\n<li>Audi<\/li>\n<li>Mercedes<\/li>\n<li>Nissan (nya Leaf-modeller)<\/li>\n<li>Volvo<\/li>\n<li>Tesla<\/li>\n<li>Volkswagen (e-Golf, e-up! och Passat GTE)<\/li>\n<\/ul>\n","protected":false},"excerpt":{"rendered":"<ul>\n<li>Blaupunkt laddkabel modell B1P16AT1 f\u00f6r elbilar med typ 2-kontakt<\/li>\n<li>Kabeln \u00e4r en enfas laddningskabel och den \u00e4r 16A (250V), vilket ger upp till 3,7 KW effekt<\/li>\n<li>Den \u00e4r 2 meter l\u00e5ng.<\/li>\n<li>IP54-klassad, s\u00e5 kabeln kan anv\u00e4ndas utomhus i alla v\u00e4derf\u00f6rh\u00e5llanden.<\/li>\n<li>Passar de flesta europeiska elbilar<\/li>\n<\/ul>\n","protected":false},"featured_media":1165,"template":"","meta":{"_monsterinsights_skip_tracking":false,"_monsterinsights_sitenote_active":false,"_monsterinsights_sitenote_note":"","_monsterinsights_sitenote_category":0,"_uf_show_specific_survey":0,"_uf_disable_surveys":false},"product_brand":[],"product_cat":[186,706],"product_tag":[],"class_list":{"0":"post-1960","1":"product","2":"type-product","3":"status-publish","4":"has-post-thumbnail","6":"product_cat-elbil-laddare","7":"product_cat-laddningskablar-och-kabelhaallare-sv-3","8":"pa_brandvurdering-ul94-v-0-sv","9":"pa_driftstemperatur-30c-50c-sv-2","10":"pa_ean-5714652000183-sv-2","11":"pa_fase-1-fas","12":"pa_ind_og_ekstration-80nf100n-sv","13":"pa_ip-klasse-54-sv-3","14":"pa_isolationsmodstand-1000m-sv-4","15":"pa_kabel-laengde-2m-sv-3","16":"pa_kontaktmodstand-mindre-aen-05-m-sv-3","17":"pa_maerke-blaupunkt-sv","18":"pa_materiale-termoplast-silikongummi-kopparlegering-sv-2","19":"pa_max-kw-37-kw-sv-2","20":"pa_model-nr-b1p16at1-sv","21":"pa_modstandsspaending-2000v-sv-4","22":"pa_netto-vaegt-13-kg-sv","23":"pa_nominel-stroem-16a-sv-3","24":"pa_spaending-110v-250v-sv-2","25":"pa_type-anvendelse-typ-1-till-typ-2","27":"first","28":"instock","29":"taxable","30":"shipping-taxable","31":"purchasable","32":"product-type-simple"},"jetpack_sharing_enabled":true,"_links":{"self":[{"href":"https:\/\/voltcarshop.com\/sv\/wp-json\/wp\/v2\/product\/1960","targetHints":{"allow":["GET"]}}],"collection":[{"href":"https:\/\/voltcarshop.com\/sv\/wp-json\/wp\/v2\/product"}],"about":[{"href":"https:\/\/voltcarshop.com\/sv\/wp-json\/wp\/v2\/types\/product"}],"wp:featuredmedia":[{"embeddable":true,"href":"https:\/\/voltcarshop.com\/sv\/wp-json\/wp\/v2\/media\/1165"}],"wp:attachment":[{"href":"https:\/\/voltcarshop.com\/sv\/wp-json\/wp\/v2\/media?parent=1960"}],"wp:term":[{"taxonomy":"product_brand","embeddable":true,"href":"https:\/\/voltcarshop.com\/sv\/wp-json\/wp\/v2\/product_brand?post=1960"},{"taxonomy":"product_cat","embeddable":true,"href":"https:\/\/voltcarshop.com\/sv\/wp-json\/wp\/v2\/product_cat?post=1960"},{"taxonomy":"product_tag","embeddable":true,"href":"https:\/\/voltcarshop.com\/sv\/wp-json\/wp\/v2\/product_tag?post=1960"}],"curies":[{"name":"wp","href":"https:\/\/api.w.org\/{rel}","templated":true}]}}