{"id":1961,"date":"2024-03-26T20:08:57","date_gmt":"2024-03-26T20:08:57","guid":{"rendered":"https:\/\/voltcarshop.com\/vare\/blaupunkt-p3pm2t2-baerbar-laddkabel-3-fas-typ-2-16a-16\/"},"modified":"2024-04-20T21:05:12","modified_gmt":"2024-04-20T21:05:12","slug":"blaupunkt-p3pm2t2-baerbar-laddkabel-3-fas-typ-2-16a-16","status":"publish","type":"product","link":"https:\/\/voltcarshop.com\/sv\/vare\/blaupunkt-p3pm2t2-baerbar-laddkabel-3-fas-typ-2-16a-16\/","title":{"rendered":"Blaupunkt P3PM2T2 B\u00e4rbar laddkabel 3-fas typ 2 16A (16)"},"content":{"rendered":"<p><iframe width=\"100%\" height=\"660\" src=\"https:\/\/www.youtube.com\/embed\/AHE3LQOAQno?rel=0&amp;controls=0&amp;showinfo=0&amp;autoplay=0&amp;loop=1&amp;modestbranding=1\" title=\"YouTube-videospelare\" frameborder=\"0\" allow=\"accelerometer; clipboard-write; encrypted-media; gyroscope; picture-in-picture; web-share\" referrerpolicy=\"strict-origin-when-cross-origin\" allowfullscreen=\"\"><\/iframe><\/p>\n<p>Blaupunkt P3PM2T2 ger dig maximal frihet n\u00e4r du anv\u00e4nder din elbil. Ladda din bil \u00f6verallt d\u00e4r du har tillg\u00e5ng till ett 400V eluttag.<\/p>\n<p>M\u00f6jligheten att st\u00e4lla in Ampere mellan 8-16A inneb\u00e4r att du alltid kan f\u00e5 ut maximalt av vad den tillg\u00e4ngliga kontakten kan g\u00f6ra. Det inneb\u00e4r att du kan n\u00e5 upp till 11 KW laddningseffekt.<\/p>\n<p>Den inbyggda RCD-sensorn ger s\u00e4kerhet mot felstr\u00f6m.<\/p>\n<p>Med en IP65-certifiering \u00e4r laddaren vatten- och dammt\u00e4t i en grad som g\u00f6r den l\u00e4mplig f\u00f6r utomhusbruk i praktiskt taget alla situationer.<\/p>\n<p>F\u00f6r att skydda b\u00e5de bilen och laddaren medf\u00f6ljer en transportv\u00e4ska d\u00e4r laddaren kan f\u00f6rvaras under alla former av transport.<\/p>\n<p>Med en total l\u00e4ngd p\u00e5 8 meter ger laddaren dig maximal flexibilitet n\u00e4r du parkerar din bil.<\/p>\n<p>Passar alla elbilar med typ 2-kontakt.<\/p>\n<h3 class=\"rte_contents\">Passar de flesta europeiska elbilar, t.ex:<\/h3>\n<ul>\n<li>BMW<\/li>\n<li>Audi<\/li>\n<li>Mercedes<\/li>\n<li>Nissan (nya Leaf-modeller)<\/li>\n<li>Volvo<\/li>\n<li>Tesla<\/li>\n<li>Volkswagen (e-Golf, e-up! och Passat GTE)<\/li>\n<\/ul>\n","protected":false},"excerpt":{"rendered":"<p>Blaupunkt P3PM2T2 ger dig maximal frihet n\u00e4r du anv\u00e4nder din elbil. Ladda din bil \u00f6verallt d\u00e4r du har tillg\u00e5ng till ett 400V eluttag.<\/p>\n<p>M\u00f6jligheten att st\u00e4lla in Ampere mellan 8-16A inneb\u00e4r att du alltid kan f\u00e5 ut maximalt av vad den tillg\u00e4ngliga kontakten kan g\u00f6ra. Det inneb\u00e4r att du kan n\u00e5 upp till 11 KW laddningseffekt.<\/p>\n<p><b>H\u00f6jdpunkter:<br \/>\n<\/b><\/p>\n<ul>\n<li style=\"list-style-type: none;\">\n<ul>\n<li>Transportabel<\/li>\n<li>Ladda med hj\u00e4lp av ett 400V-uttag<\/li>\n<li>Typ 2-kontaktdon<\/li>\n<li>B\u00e4rv\u00e4ska ing\u00e5r<\/li>\n<li>Vattent\u00e4t (IP65)<\/li>\n<li>Max 11 KW kapacitet<\/li>\n<\/ul>\n<\/li>\n<\/ul>\n","protected":false},"featured_media":1989,"template":"","meta":{"_monsterinsights_skip_tracking":false,"_monsterinsights_sitenote_active":false,"_monsterinsights_sitenote_note":"","_monsterinsights_sitenote_category":0,"_uf_show_specific_survey":0,"_uf_disable_surveys":false},"product_brand":[],"product_cat":[186,706],"product_tag":[],"class_list":{"0":"post-1961","1":"product","2":"type-product","3":"status-publish","4":"has-post-thumbnail","6":"product_cat-elbil-laddare","7":"product_cat-laddningskablar-och-kabelhaallare-sv-3","8":"pa_brandvurdering-ul94-v-0-sv","9":"pa_driftstemperatur-30c-50c-sv-2","10":"pa_ean-5714652000350-sv-2","11":"pa_fase-3-fas-sv-2","12":"pa_ind_og_ekstration-80nf100n-sv","13":"pa_ip-klasse-65-sv-2","14":"pa_isolationsmodstand-1000m-sv-4","15":"pa_kabel-laengde-8m-sv-2","16":"pa_kontaktmodstand-mindre-aen-05-m-sv-3","17":"pa_maerke-blaupunkt-sv","18":"pa_materiale-termoplast-silikongummi-kopparlegering-sv-2","19":"pa_max-kw-110-kw-sv-3","20":"pa_model-nr-p3pm2t2-sv-2","21":"pa_modstandsspaending-2000v-sv-4","22":"pa_netto-vaegt-28-kg-sv","23":"pa_nominel-stroem-8-10-13-16a-sv","24":"pa_spaending-380-400v-sv-2","25":"pa_type-anvendelse-baerbar-laddare-foer-elfordon-sv","27":"first","28":"instock","29":"sale","30":"taxable","31":"shipping-taxable","32":"purchasable","33":"product-type-simple"},"jetpack_sharing_enabled":true,"_links":{"self":[{"href":"https:\/\/voltcarshop.com\/sv\/wp-json\/wp\/v2\/product\/1961","targetHints":{"allow":["GET"]}}],"collection":[{"href":"https:\/\/voltcarshop.com\/sv\/wp-json\/wp\/v2\/product"}],"about":[{"href":"https:\/\/voltcarshop.com\/sv\/wp-json\/wp\/v2\/types\/product"}],"wp:featuredmedia":[{"embeddable":true,"href":"https:\/\/voltcarshop.com\/sv\/wp-json\/wp\/v2\/media\/1989"}],"wp:attachment":[{"href":"https:\/\/voltcarshop.com\/sv\/wp-json\/wp\/v2\/media?parent=1961"}],"wp:term":[{"taxonomy":"product_brand","embeddable":true,"href":"https:\/\/voltcarshop.com\/sv\/wp-json\/wp\/v2\/product_brand?post=1961"},{"taxonomy":"product_cat","embeddable":true,"href":"https:\/\/voltcarshop.com\/sv\/wp-json\/wp\/v2\/product_cat?post=1961"},{"taxonomy":"product_tag","embeddable":true,"href":"https:\/\/voltcarshop.com\/sv\/wp-json\/wp\/v2\/product_tag?post=1961"}],"curies":[{"name":"wp","href":"https:\/\/api.w.org\/{rel}","templated":true}]}}