{"id":1964,"date":"2024-03-26T19:39:45","date_gmt":"2024-03-26T19:39:45","guid":{"rendered":"https:\/\/voltcarshop.com\/vare\/blaupunkt-awb1p16at2rcm-vaeggladdningsstation-typ-2-1-fas-19\/"},"modified":"2024-04-20T21:04:57","modified_gmt":"2024-04-20T21:04:57","slug":"blaupunkt-awb1p16at2rcm-vaeggladdningsstation-typ-2-1-fas-19","status":"publish","type":"product","link":"https:\/\/voltcarshop.com\/sv\/vare\/blaupunkt-awb1p16at2rcm-vaeggladdningsstation-typ-2-1-fas-19\/","title":{"rendered":"Blaupunkt AWB1P16AT2RCM V\u00e4ggladdningsstation Typ 2 &#8211; 1 Fas (19)"},"content":{"rendered":"<p>Blaupunkt laddstation modell AWB1P16AT2RCM \u00e4r avsedd f\u00f6r heminstallation, s\u00e5 att du enkelt kan ladda din elbil hemma. Laddstationen \u00e4r v\u00e4ggmonterad och byggd enligt IP55, s\u00e5 att den kan installeras b\u00e5de inomhus och utomhus.<\/p>\n<p>Denna Blaupunkt laddningsstation \u00e4r utformad med s\u00e4kerhet och anv\u00e4ndarv\u00e4nlighet i \u00e5tanke. Den inbyggda 6mA DC RCM ger dig inte bara b\u00e4sta m\u00f6jliga skydd i ditt hem, den g\u00f6r ocks\u00e5 att du slipper installera ett felstr\u00f6msrel\u00e4 av typ B.<\/p>\n<p>Blaupunkt laddningsstation \u00e4r utformad med s\u00e4kerhet och anv\u00e4ndarv\u00e4nlighet i \u00e5tanke. Den har ett inbyggt jordfelsrel\u00e4 av typ B, vilket ger dig b\u00e4sta m\u00f6jliga skydd i ditt hem och g\u00f6r att du inte beh\u00f6ver installera ett extra rel\u00e4 i ditt elsk\u00e5p.<\/p>\n<p>Laddstationen kan justeras mellan 8A och 16A, vilket g\u00f6r att du kan ladda upp till 3,7 KW.<\/p>\n<p><strong>NB!<\/strong>  Laddstationen m\u00e5ste installeras av en auktoriserad elektriker.<\/p>\n<p><strong>NB!<\/strong>  Stativ ing\u00e5r ej, m\u00e5ste k\u00f6pas separat.<\/p>\n<h3 class=\"rte_contents\">Passar alla bilar med typ 2-kontakter. De flesta europeiska elbilar \u00e4r till exempel det:<\/h3>\n<ul>\n<li>BMW<\/li>\n<li>Audi<\/li>\n<li>Mercedes<\/li>\n<li>Nissan (nya Leaf-modeller)<\/li>\n<li>Volvo<\/li>\n<li>Tesla<\/li>\n<li>Volkswagen (e-Golf, e-up! och Passat GTE)<\/li>\n<\/ul>\n","protected":false},"excerpt":{"rendered":"<ul>\n<li>Blaupunkt laddningsstation modell AWB1P16AT2RCM f\u00f6r heminstallation f\u00f6r enkel laddning av din elbil<\/li>\n<li>Passar elbilar med typ 2-kontakter &#8211; och det \u00e4r de flesta europeiska elbilar<\/li>\n<li>Med inbyggt reststr\u00f6msrel\u00e4 av typ B f\u00f6r b\u00e4sta m\u00f6jliga skydd och f\u00f6r att du ska slippa installera extra rel\u00e4er i elsk\u00e5pet<\/li>\n<li>Justerbar mellan 8A och 16A, vilket m\u00f6jligg\u00f6r laddning upp till 3,7 KW<\/li>\n<li><strong>NB!<\/strong>  Laddstationen m\u00e5ste installeras av en auktoriserad elektriker<\/li>\n<\/ul>\n","protected":false},"featured_media":1422,"template":"","meta":{"_monsterinsights_skip_tracking":false,"_monsterinsights_sitenote_active":false,"_monsterinsights_sitenote_note":"","_monsterinsights_sitenote_category":0,"_uf_show_specific_survey":0,"_uf_disable_surveys":false},"product_brand":[],"product_cat":[186,623],"product_tag":[],"class_list":{"0":"post-1964","1":"product","2":"type-product","3":"status-publish","4":"has-post-thumbnail","6":"product_cat-elbil-laddare","7":"product_cat-laddningsboxar-sv-2","8":"pa_driftstemperatur-40c-45c-sv-2","9":"pa_ean-5714652000381-sv","10":"pa_fase-1-fas","11":"pa_frekvens-50-60hz-sv-3","12":"pa_ip-klasse-55-44-sv-2","13":"pa_koeling-naturlig-kylning-sv-2","14":"pa_maerke-blaupunkt-sv","15":"pa_max-kw-37-kw-sv-2","16":"pa_model-nr-awb1p16at2rcm-sv-2","17":"pa_netto-vaegt-49-kg-sv","18":"pa_nominel-stroem-8-16a-sv-3","19":"pa_rccb-typ-b-sv","20":"pa_spaending-ac23010-sv","21":"pa_type-anvendelse-laddningsstation-typ-2","22":"pa_vekselstroem-ac-1pnpe-sv","24":"first","25":"instock","26":"sale","27":"taxable","28":"shipping-taxable","29":"purchasable","30":"product-type-simple"},"jetpack_sharing_enabled":true,"_links":{"self":[{"href":"https:\/\/voltcarshop.com\/sv\/wp-json\/wp\/v2\/product\/1964","targetHints":{"allow":["GET"]}}],"collection":[{"href":"https:\/\/voltcarshop.com\/sv\/wp-json\/wp\/v2\/product"}],"about":[{"href":"https:\/\/voltcarshop.com\/sv\/wp-json\/wp\/v2\/types\/product"}],"wp:featuredmedia":[{"embeddable":true,"href":"https:\/\/voltcarshop.com\/sv\/wp-json\/wp\/v2\/media\/1422"}],"wp:attachment":[{"href":"https:\/\/voltcarshop.com\/sv\/wp-json\/wp\/v2\/media?parent=1964"}],"wp:term":[{"taxonomy":"product_brand","embeddable":true,"href":"https:\/\/voltcarshop.com\/sv\/wp-json\/wp\/v2\/product_brand?post=1964"},{"taxonomy":"product_cat","embeddable":true,"href":"https:\/\/voltcarshop.com\/sv\/wp-json\/wp\/v2\/product_cat?post=1964"},{"taxonomy":"product_tag","embeddable":true,"href":"https:\/\/voltcarshop.com\/sv\/wp-json\/wp\/v2\/product_tag?post=1964"}],"curies":[{"name":"wp","href":"https:\/\/api.w.org\/{rel}","templated":true}]}}