{"id":2189,"date":"2021-01-31T00:34:29","date_gmt":"2021-01-31T00:34:29","guid":{"rendered":"https:\/\/voltcarshop.com\/vare\/blaupunkt-a3p16at2-laddkabel-3-faser-typ-2-16a-4\/"},"modified":"2024-04-20T21:04:56","modified_gmt":"2024-04-20T21:04:56","slug":"blaupunkt-a3p16at2-laddkabel-3-faser-typ-2-16a-4","status":"publish","type":"product","link":"https:\/\/voltcarshop.com\/sv\/vare\/blaupunkt-a3p16at2-laddkabel-3-faser-typ-2-16a-4\/","title":{"rendered":"Blaupunkt A3P16AT2 Laddkabel 3 faser Typ 2 16A (4)"},"content":{"rendered":"<p>Blaupunkt laddkabel modell A3P16AT2 \u00e4r en 3-fas laddkabel f\u00f6r elbilar. Kabeln anv\u00e4nds mellan laddstationen och elbilen. Den passar bilar med typ 2-kontakter och \u00e4r klassad f\u00f6r 16A (250V). 16A kapacitet ger upp till 11 KW effekt p\u00e5 3 faser.<\/p>\n<p>Kabeln \u00e4r 8 meter l\u00e5ng s\u00e5 att den kan n\u00e5 runt bilen, vilket ger dig maximal flexibilitet. En Blaupunkt laddkabel uppfyller IP54, vilket inneb\u00e4r att kabeln kan anv\u00e4ndas s\u00e4kert under alla v\u00e4derf\u00f6rh\u00e5llanden.<\/p>\n<p>Levereras med en praktisk transportv\u00e4ska som skyddar b\u00e5de laddaren och bilen under transport.<\/p>\n<h3 class=\"rte_contents\">Passar de flesta europeiska elbilar, t.ex:<\/h3>\n<ul>\n<li>BMW<\/li>\n<li>Audi<\/li>\n<li>Mercedes<\/li>\n<li>Volvo<\/li>\n<li>Tesla<\/li>\n<\/ul>\n","protected":false},"excerpt":{"rendered":"<ul>\n<li>Blaupunkt laddkabel modell A3P16AT2 f\u00f6r elbilar med typ 2-kontakt<\/li>\n<li>Kabeln \u00e4r en 3-fas laddningskabel och den \u00e4r 16A (250V), vilket ger upp till 11 KW effekt p\u00e5 3 faser<\/li>\n<li>Den \u00e4r 8 meter l\u00e5ng och ger dig maximal flexibilitet eftersom den kan n\u00e5 runt bilen<\/li>\n<li>IP54-klassad, s\u00e5 kabeln kan anv\u00e4ndas utomhus i alla v\u00e4derf\u00f6rh\u00e5llanden och \u00e4r f\u00f6rpackad i en praktisk transportv\u00e4ska<\/li>\n<li>Passar de flesta europeiska elbilar<\/li>\n<\/ul>\n","protected":false},"featured_media":2199,"template":"","meta":{"_monsterinsights_skip_tracking":false,"_monsterinsights_sitenote_active":false,"_monsterinsights_sitenote_note":"","_monsterinsights_sitenote_category":0,"_uf_show_specific_survey":0,"_uf_disable_surveys":false},"product_brand":[],"product_cat":[186,706],"product_tag":[],"class_list":{"0":"post-2189","1":"product","2":"type-product","3":"status-publish","4":"has-post-thumbnail","6":"product_cat-elbil-laddare","7":"product_cat-laddningskablar-och-kabelhaallare-sv-3","8":"pa_brandvurdering-ul94-v-0-sv","9":"pa_driftstemperatur-30c-50c-sv-2","10":"pa_ean-5714652000107-sv","11":"pa_fase-3-fas-sv-2","12":"pa_ind_og_ekstration-80nf100n-sv","13":"pa_ip-klasse-54-sv-3","14":"pa_isolationsmodstand-1000m-sv-4","15":"pa_kabel-laengde-8m-sv-2","16":"pa_kontaktmodstand-mindre-aen-05-m-sv-3","17":"pa_maerke-blaupunkt-sv","18":"pa_materiale-termoplast-silikongummi-kopparlegering-sv-2","19":"pa_max-kw-110-kw-sv-3","20":"pa_model-nr-a3p16at2-sv","21":"pa_modstandsspaending-2000v-sv-4","22":"pa_netto-vaegt-28-kg-sv","23":"pa_nominel-stroem-16a-sv-3","24":"pa_spaending-380v-450v-sv","25":"pa_type-anvendelse-typ-2-till-typ-2-sv","27":"first","28":"instock","29":"taxable","30":"shipping-taxable","31":"purchasable","32":"product-type-simple"},"jetpack_sharing_enabled":true,"_links":{"self":[{"href":"https:\/\/voltcarshop.com\/sv\/wp-json\/wp\/v2\/product\/2189","targetHints":{"allow":["GET"]}}],"collection":[{"href":"https:\/\/voltcarshop.com\/sv\/wp-json\/wp\/v2\/product"}],"about":[{"href":"https:\/\/voltcarshop.com\/sv\/wp-json\/wp\/v2\/types\/product"}],"wp:featuredmedia":[{"embeddable":true,"href":"https:\/\/voltcarshop.com\/sv\/wp-json\/wp\/v2\/media\/2199"}],"wp:attachment":[{"href":"https:\/\/voltcarshop.com\/sv\/wp-json\/wp\/v2\/media?parent=2189"}],"wp:term":[{"taxonomy":"product_brand","embeddable":true,"href":"https:\/\/voltcarshop.com\/sv\/wp-json\/wp\/v2\/product_brand?post=2189"},{"taxonomy":"product_cat","embeddable":true,"href":"https:\/\/voltcarshop.com\/sv\/wp-json\/wp\/v2\/product_cat?post=2189"},{"taxonomy":"product_tag","embeddable":true,"href":"https:\/\/voltcarshop.com\/sv\/wp-json\/wp\/v2\/product_tag?post=2189"}],"curies":[{"name":"wp","href":"https:\/\/api.w.org\/{rel}","templated":true}]}}