{"id":2433,"date":"2021-01-30T21:28:31","date_gmt":"2021-01-30T21:28:31","guid":{"rendered":"https:\/\/voltcarshop.com\/vare\/blaupunkt-a1p32at1-laddningskabel-1-fas-typ-1-32a-2\/"},"modified":"2024-04-20T21:04:56","modified_gmt":"2024-04-20T21:04:56","slug":"blaupunkt-a1p32at1-laddningskabel-1-fas-typ-1-32a-2","status":"publish","type":"product","link":"https:\/\/voltcarshop.com\/sv\/vare\/blaupunkt-a1p32at1-laddningskabel-1-fas-typ-1-32a-2\/","title":{"rendered":"Blaupunkt A1P32AT1 Laddningskabel 1 fas Typ 1 32A (2)"},"content":{"rendered":"<p>Blaupunkt laddkabel modell A1P32AT1 \u00e4r en enfas laddkabel f\u00f6r elbilar. Kabeln anv\u00e4nds mellan laddstationen och elbilen. Den passar bilar med typ 1-kontakter och \u00e4r klassad f\u00f6r 32A (250V). 32A kapacitet levererar upp till 7,4 KW effekt.<\/p>\n<p>Kabeln \u00e4r 8 meter l\u00e5ng s\u00e5 att den kan n\u00e5 runt bilen, vilket ger dig maximal flexibilitet. Blaupunkts laddkabel uppfyller IP54 och kan d\u00e4rf\u00f6r anv\u00e4ndas utomhus i alla v\u00e4der.<\/p>\n<p>Levereras med en praktisk transportv\u00e4ska som skyddar b\u00e5de laddaren och bilen under transport.<\/p>\n<h3 class=\"rte_contents\">Passar m\u00e5nga asiatiska elbilar samt vissa europeiska elbilar, t.ex:<\/h3>\n<ul>\n<li>Mitsubishi (Outlander PHEV, iMiev)<\/li>\n<li>Nissan (\u00e4ldre Leaf-modeller)<\/li>\n<li>Ford Focus Electric<\/li>\n<li>Peugeot (Ion, Partner)<\/li>\n<li>Renault Kangoo<\/li>\n<li>Toyota Prius<\/li>\n<li>Kia Soul<\/li>\n<\/ul>\n","protected":false},"excerpt":{"rendered":"<ul>\n<li>Blaupunkt laddkabel modell A1P32AT1 f\u00f6r elbilar med typ 1-kontakt<\/li>\n<li>Kabeln \u00e4r en enfas laddningskabel och den \u00e4r 32A (250V), vilket ger upp till 7,4 KW effekt<\/li>\n<li>Den \u00e4r 8 meter l\u00e5ng och ger dig maximal flexibilitet eftersom den kan n\u00e5 runt bilen<\/li>\n<li>IP54-klassad, s\u00e5 kabeln kan anv\u00e4ndas utomhus i alla v\u00e4derf\u00f6rh\u00e5llanden och \u00e4r f\u00f6rpackad i en praktisk transportv\u00e4ska<\/li>\n<li>Passar m\u00e5nga asiatiska elbilar samt vissa europeiska elbilar<\/li>\n<\/ul>\n","protected":false},"featured_media":1075,"template":"","meta":{"_monsterinsights_skip_tracking":false,"_monsterinsights_sitenote_active":false,"_monsterinsights_sitenote_note":"","_monsterinsights_sitenote_category":0,"_uf_show_specific_survey":0,"_uf_disable_surveys":false},"product_brand":[],"product_cat":[186,706],"product_tag":[],"class_list":{"0":"post-2433","1":"product","2":"type-product","3":"status-publish","4":"has-post-thumbnail","6":"product_cat-elbil-laddare","7":"product_cat-laddningskablar-och-kabelhaallare-sv-3","8":"pa_brandvurdering-ul94-v-0-sv","9":"pa_driftstemperatur-30c-50c-sv-2","10":"pa_ean-5714652000084-sv","11":"pa_fase-1-fas","12":"pa_ind_og_ekstration-80nf100n-sv","13":"pa_ip-klasse-54-sv-3","14":"pa_isolationsmodstand-1000m-sv-4","15":"pa_kabel-laengde-8m-sv-2","16":"pa_kontaktmodstand-mindre-aen-05-m-sv-3","17":"pa_maerke-blaupunkt-sv","18":"pa_materiale-termoplast-silikongummi-kopparlegering-sv-2","19":"pa_max-kw-74-kw-sv","20":"pa_model-nr-a1p32at1-sv","21":"pa_modstandsspaending-2000v-sv-4","22":"pa_netto-vaegt-25-kg-sv","23":"pa_nominel-stroem-32a-sv","24":"pa_spaending-110v-250v-sv-2","25":"pa_type-anvendelse-typ-1-till-typ-2","27":"first","28":"instock","29":"taxable","30":"shipping-taxable","31":"purchasable","32":"product-type-simple"},"jetpack_sharing_enabled":true,"_links":{"self":[{"href":"https:\/\/voltcarshop.com\/sv\/wp-json\/wp\/v2\/product\/2433","targetHints":{"allow":["GET"]}}],"collection":[{"href":"https:\/\/voltcarshop.com\/sv\/wp-json\/wp\/v2\/product"}],"about":[{"href":"https:\/\/voltcarshop.com\/sv\/wp-json\/wp\/v2\/types\/product"}],"wp:featuredmedia":[{"embeddable":true,"href":"https:\/\/voltcarshop.com\/sv\/wp-json\/wp\/v2\/media\/1075"}],"wp:attachment":[{"href":"https:\/\/voltcarshop.com\/sv\/wp-json\/wp\/v2\/media?parent=2433"}],"wp:term":[{"taxonomy":"product_brand","embeddable":true,"href":"https:\/\/voltcarshop.com\/sv\/wp-json\/wp\/v2\/product_brand?post=2433"},{"taxonomy":"product_cat","embeddable":true,"href":"https:\/\/voltcarshop.com\/sv\/wp-json\/wp\/v2\/product_cat?post=2433"},{"taxonomy":"product_tag","embeddable":true,"href":"https:\/\/voltcarshop.com\/sv\/wp-json\/wp\/v2\/product_tag?post=2433"}],"curies":[{"name":"wp","href":"https:\/\/api.w.org\/{rel}","templated":true}]}}