{"id":2651,"date":"2024-04-18T09:46:11","date_gmt":"2024-04-18T09:46:11","guid":{"rendered":"https:\/\/voltcarshop.com\/vare\/vaeggfaeste-foer-baerbara-elektriska-billaddare-b1wmsm2\/"},"modified":"2024-04-20T21:05:12","modified_gmt":"2024-04-20T21:05:12","slug":"vaeggfaeste-foer-baerbara-elektriska-billaddare-b1wmsm2","status":"publish","type":"product","link":"https:\/\/voltcarshop.com\/sv\/vare\/vaeggfaeste-foer-baerbara-elektriska-billaddare-b1wmsm2\/","title":{"rendered":"V\u00e4ggf\u00e4ste f\u00f6r b\u00e4rbara elektriska billaddare B1WMSM2"},"content":{"rendered":"<p>Detta robusta v\u00e4ggf\u00e4ste \u00e4r utformat f\u00f6r att h\u00e5lla dina b\u00e4rbara EV-laddare s\u00e4kert och effektivt. Det \u00e4r en perfekt l\u00f6sning f\u00f6r att organisera ditt garage eller din laddstation och se till att laddarna alltid \u00e4r l\u00e4tta att komma \u00e5t och f\u00f6rvara.<\/p>\n<p>Kan anv\u00e4ndas med f\u00f6ljande Blaupunkt-modeller:<\/p>\n<p><strong>Blaupunkt P1PM2T2<\/strong><br \/>\n<strong>Blaupunkt P3PM2T2<\/strong><br \/>\n<strong>Blaupunkt P3P6MT2<\/strong><\/p>\n<p><strong>Information om vikt:<\/strong><\/p>\n<p>Bruttovikt (GW): 1,20 kg<br \/>\nNettovikt (NW): 0,80 kg<\/p>\n<p>H\u00e5ll dina EV-laddare organiserade och redo att anv\u00e4ndas med detta praktiska v\u00e4ggf\u00e4ste.<\/p>\n","protected":false},"excerpt":{"rendered":"<p>H\u00e5ll dina EV-laddare organiserade och redo att anv\u00e4ndas med detta praktiska v\u00e4ggf\u00e4ste.<\/p>\n<p><strong>L\u00e4mplig f\u00f6r:<\/strong><\/p>\n<p>Blaupunkt P1PM2T2<br \/>\nBlaupunkt P3PM2T2<br \/>\nBlaupunkt P3P6MT2<\/p>\n","protected":false},"featured_media":2534,"template":"","meta":{"_monsterinsights_skip_tracking":false,"_monsterinsights_sitenote_active":false,"_monsterinsights_sitenote_note":"","_monsterinsights_sitenote_category":0,"_uf_show_specific_survey":0,"_uf_disable_surveys":false},"product_brand":[],"product_cat":[911],"product_tag":[],"class_list":{"0":"post-2651","1":"product","2":"type-product","3":"status-publish","4":"has-post-thumbnail","6":"product_cat-tillbehoer","8":"first","9":"instock","10":"taxable","11":"shipping-taxable","12":"purchasable","13":"product-type-simple"},"jetpack_sharing_enabled":true,"_links":{"self":[{"href":"https:\/\/voltcarshop.com\/sv\/wp-json\/wp\/v2\/product\/2651","targetHints":{"allow":["GET"]}}],"collection":[{"href":"https:\/\/voltcarshop.com\/sv\/wp-json\/wp\/v2\/product"}],"about":[{"href":"https:\/\/voltcarshop.com\/sv\/wp-json\/wp\/v2\/types\/product"}],"wp:featuredmedia":[{"embeddable":true,"href":"https:\/\/voltcarshop.com\/sv\/wp-json\/wp\/v2\/media\/2534"}],"wp:attachment":[{"href":"https:\/\/voltcarshop.com\/sv\/wp-json\/wp\/v2\/media?parent=2651"}],"wp:term":[{"taxonomy":"product_brand","embeddable":true,"href":"https:\/\/voltcarshop.com\/sv\/wp-json\/wp\/v2\/product_brand?post=2651"},{"taxonomy":"product_cat","embeddable":true,"href":"https:\/\/voltcarshop.com\/sv\/wp-json\/wp\/v2\/product_cat?post=2651"},{"taxonomy":"product_tag","embeddable":true,"href":"https:\/\/voltcarshop.com\/sv\/wp-json\/wp\/v2\/product_tag?post=2651"}],"curies":[{"name":"wp","href":"https:\/\/api.w.org\/{rel}","templated":true}]}}