{"id":2657,"date":"2024-04-18T10:09:04","date_gmt":"2024-04-18T10:09:04","guid":{"rendered":"https:\/\/voltcarshop.com\/vare\/universalhaallare-bchv1m2-foer-ev-typ-2-kontakter\/"},"modified":"2024-05-09T14:37:51","modified_gmt":"2024-05-09T14:37:51","slug":"universalhaallare-bchv1m2-foer-ev-typ-2-kontakter","status":"publish","type":"product","link":"https:\/\/voltcarshop.com\/sv\/vare\/universalhaallare-bchv1m2-foer-ev-typ-2-kontakter\/","title":{"rendered":"Universalh\u00e5llare BCHV1M2 f\u00f6r EV Typ 2-kontakter"},"content":{"rendered":"<p>Universalh\u00e5llaren \u00e4r idealisk f\u00f6r alla laddstationer och passar de flesta kablar med typ 2-anslutningar. Den m\u00e5ngsidiga designen ger en s\u00e4ker och stabil f\u00f6rvaring av din laddkontakt, vilket g\u00f6r den till ett viktigt komplement f\u00f6r att h\u00e5lla din laddstation organiserad och effektiv.<\/p>\n<p><strong>Information om vikt:<\/strong><\/p>\n<ul>\n<li>Bruttovikt (GW): 1,20 kg<\/li>\n<li>Nettovikt (NW): 0,80 kg<\/li>\n<\/ul>\n<p>Med denna praktiska och robusta h\u00e5llare \u00e4r din typ 2-kontakt alltid skyddad och l\u00e4tt\u00e5tkomlig.<\/p>\n","protected":false},"excerpt":{"rendered":"<p>Universalh\u00e5llaren \u00e4r idealisk f\u00f6r alla laddstationer och passar de flesta kablar med typ 2-anslutningar. Den m\u00e5ngsidiga designen ger en s\u00e4ker och stabil f\u00f6rvaring av din laddkontakt, vilket g\u00f6r den till ett viktigt komplement f\u00f6r att h\u00e5lla din laddstation organiserad och effektiv.<\/p>\n","protected":false},"featured_media":2559,"template":"","meta":{"_monsterinsights_skip_tracking":false,"_monsterinsights_sitenote_active":false,"_monsterinsights_sitenote_note":"","_monsterinsights_sitenote_category":0,"_uf_show_specific_survey":0,"_uf_disable_surveys":false},"product_brand":[],"product_cat":[911],"product_tag":[],"class_list":{"0":"post-2657","1":"product","2":"type-product","3":"status-publish","4":"has-post-thumbnail","6":"product_cat-tillbehoer","7":"pa_ean-5714652001395-sv","9":"first","10":"instock","11":"taxable","12":"shipping-taxable","13":"purchasable","14":"product-type-simple"},"jetpack_sharing_enabled":true,"_links":{"self":[{"href":"https:\/\/voltcarshop.com\/sv\/wp-json\/wp\/v2\/product\/2657","targetHints":{"allow":["GET"]}}],"collection":[{"href":"https:\/\/voltcarshop.com\/sv\/wp-json\/wp\/v2\/product"}],"about":[{"href":"https:\/\/voltcarshop.com\/sv\/wp-json\/wp\/v2\/types\/product"}],"wp:featuredmedia":[{"embeddable":true,"href":"https:\/\/voltcarshop.com\/sv\/wp-json\/wp\/v2\/media\/2559"}],"wp:attachment":[{"href":"https:\/\/voltcarshop.com\/sv\/wp-json\/wp\/v2\/media?parent=2657"}],"wp:term":[{"taxonomy":"product_brand","embeddable":true,"href":"https:\/\/voltcarshop.com\/sv\/wp-json\/wp\/v2\/product_brand?post=2657"},{"taxonomy":"product_cat","embeddable":true,"href":"https:\/\/voltcarshop.com\/sv\/wp-json\/wp\/v2\/product_cat?post=2657"},{"taxonomy":"product_tag","embeddable":true,"href":"https:\/\/voltcarshop.com\/sv\/wp-json\/wp\/v2\/product_tag?post=2657"}],"curies":[{"name":"wp","href":"https:\/\/api.w.org\/{rel}","templated":true}]}}